{"id":51860,"date":"2025-07-21T03:30:32","date_gmt":"2025-07-21T06:30:32","guid":{"rendered":"https:\/\/rms-enlinea.com.ar\/tienda\/producto\/gabinete-rackeable-sfx-2u550-555mm-x-431mm-x-92mm-atx-2u\/"},"modified":"2026-03-17T09:40:23","modified_gmt":"2026-03-17T12:40:23","slug":"gabinete-rackeable-sfx-2u550-555mm-x-431mm-x-92mm-atx-2u","status":"publish","type":"product","link":"https:\/\/rms-enlinea.com.ar\/tienda\/producto\/gabinete-rackeable-sfx-2u550-555mm-x-431mm-x-92mm-atx-2u\/","title":{"rendered":"Gabinete Rackeable Sfx 2u550 555mm X 431mm X 92mm Atx 2u"},"content":{"rendered":"<p>Marca<\/p>\n<p>SFX<br \/>\nTipos de bah\u00edas<\/p>\n<p>5.25\u00d72 + 3.5&#215;8<br \/>\nColor<\/p>\n<p>Negro<br \/>\nC\u00f3digo universal de producto<\/p>\n<p>889523000410<br \/>\nAltura<\/p>\n<p>92 mm<br \/>\nIncluye fuente de alimentaci\u00f3n<\/p>\n<p>No<br \/>\nEs gamer<\/p>\n<p>No<br \/>\nLargo<\/p>\n<p>550 mm<br \/>\nL\u00ednea<\/p>\n<p>Rackeable<br \/>\nColor principal<\/p>\n<p>Negro<br \/>\nModelo<\/p>\n<p>SFX-2U550<br \/>\nPlacas madre compatibles<\/p>\n<p>ATX<br \/>\nTipo de gabinete<\/p>\n<p>Rack<br \/>\nTipos de puertos<\/p>\n<p>2X USB SONIDO Y AUDIO<br \/>\nPotencia de la fuente de alimentaci\u00f3n<\/p>\n<p>0 W<br \/>\nSKU<\/p>\n<p>2U550<br \/>\nTipo de estructura<\/p>\n<p>Rackeable<br \/>\nUPC<\/p>\n<p>889523000410<br \/>\nAncho<\/p>\n<p>431 mm<\/p>\n","protected":false},"excerpt":{"rendered":"<p>Marca SFX Tipos de bah\u00edas 5.25\u00d72 + 3.5&#215;8 Color Negro C\u00f3digo universal de producto 889523000410 Altura 92 mm Incluye fuente de alimentaci\u00f3n No Es gamer No Largo 550 mm L\u00ednea Rackeable Color principal Negro Modelo SFX-2U550 Placas madre compatibles ATX Tipo de gabinete Rack Tipos de puertos 2X USB SONIDO Y AUDIO Potencia de la [&hellip;]<\/p>\n","protected":false},"featured_media":44298,"comment_status":"open","ping_status":"closed","template":"","meta":{"_uag_custom_page_level_css":""},"product_brand":[599],"product_cat":[109],"product_tag":[],"class_list":{"0":"post-51860","1":"product","2":"type-product","3":"status-publish","4":"has-post-thumbnail","6":"product_brand-sfx","7":"product_cat-gabinetes","9":"first","10":"instock","11":"sale","12":"taxable","13":"shipping-taxable","14":"purchasable","15":"product-type-simple"},"uagb_featured_image_src":{"full":["https:\/\/rms-enlinea.com.ar\/wp-content\/uploads\/2025\/06\/D_952873-MLA74885305086_032024-F.jpg",1200,845,false],"thumbnail":["https:\/\/rms-enlinea.com.ar\/wp-content\/uploads\/2025\/06\/D_952873-MLA74885305086_032024-F-150x150.jpg",150,150,true],"medium":["https:\/\/rms-enlinea.com.ar\/wp-content\/uploads\/2025\/06\/D_952873-MLA74885305086_032024-F-300x211.jpg",300,211,true],"medium_large":["https:\/\/rms-enlinea.com.ar\/wp-content\/uploads\/2025\/06\/D_952873-MLA74885305086_032024-F-768x541.jpg",768,541,true],"large":["https:\/\/rms-enlinea.com.ar\/wp-content\/uploads\/2025\/06\/D_952873-MLA74885305086_032024-F-1024x721.jpg",1024,721,true],"1536x1536":["https:\/\/rms-enlinea.com.ar\/wp-content\/uploads\/2025\/06\/D_952873-MLA74885305086_032024-F.jpg",1200,845,false],"2048x2048":["https:\/\/rms-enlinea.com.ar\/wp-content\/uploads\/2025\/06\/D_952873-MLA74885305086_032024-F.jpg",1200,845,false],"woocommerce_thumbnail":["https:\/\/rms-enlinea.com.ar\/wp-content\/uploads\/2025\/06\/D_952873-MLA74885305086_032024-F-450x450.jpg",450,450,true],"woocommerce_single":["https:\/\/rms-enlinea.com.ar\/wp-content\/uploads\/2025\/06\/D_952873-MLA74885305086_032024-F-600x423.jpg",600,423,true],"woocommerce_gallery_thumbnail":["https:\/\/rms-enlinea.com.ar\/wp-content\/uploads\/2025\/06\/D_952873-MLA74885305086_032024-F-100x100.jpg",100,100,true]},"uagb_author_info":{"display_name":"nelson","author_link":"https:\/\/rms-enlinea.com.ar\/tienda\/author\/"},"uagb_comment_info":0,"uagb_excerpt":"Marca SFX Tipos de bah\u00edas 5.25\u00d72 + 3.5&#215;8 Color Negro C\u00f3digo universal de producto 889523000410 Altura 92 mm Incluye fuente de alimentaci\u00f3n No Es gamer No Largo 550 mm L\u00ednea Rackeable Color principal Negro Modelo SFX-2U550 Placas madre compatibles ATX Tipo de gabinete Rack Tipos de puertos 2X USB SONIDO Y AUDIO Potencia de la&hellip;","_links":{"self":[{"href":"https:\/\/rms-enlinea.com.ar\/tienda\/wp-json\/wp\/v2\/product\/51860","targetHints":{"allow":["GET"]}}],"collection":[{"href":"https:\/\/rms-enlinea.com.ar\/tienda\/wp-json\/wp\/v2\/product"}],"about":[{"href":"https:\/\/rms-enlinea.com.ar\/tienda\/wp-json\/wp\/v2\/types\/product"}],"replies":[{"embeddable":true,"href":"https:\/\/rms-enlinea.com.ar\/tienda\/wp-json\/wp\/v2\/comments?post=51860"}],"wp:featuredmedia":[{"embeddable":true,"href":"https:\/\/rms-enlinea.com.ar\/tienda\/wp-json\/wp\/v2\/media\/44298"}],"wp:attachment":[{"href":"https:\/\/rms-enlinea.com.ar\/tienda\/wp-json\/wp\/v2\/media?parent=51860"}],"wp:term":[{"taxonomy":"product_brand","embeddable":true,"href":"https:\/\/rms-enlinea.com.ar\/tienda\/wp-json\/wp\/v2\/product_brand?post=51860"},{"taxonomy":"product_cat","embeddable":true,"href":"https:\/\/rms-enlinea.com.ar\/tienda\/wp-json\/wp\/v2\/product_cat?post=51860"},{"taxonomy":"product_tag","embeddable":true,"href":"https:\/\/rms-enlinea.com.ar\/tienda\/wp-json\/wp\/v2\/product_tag?post=51860"}],"curies":[{"name":"wp","href":"https:\/\/api.w.org\/{rel}","templated":true}]}}