{"id":51862,"date":"2025-07-21T08:40:30","date_gmt":"2025-07-21T11:40:30","guid":{"rendered":"https:\/\/rms-enlinea.com.ar\/tienda\/producto\/mouse-inalambrico-logitech-m185-1000dpi-910-003636\/"},"modified":"2026-04-21T06:46:40","modified_gmt":"2026-04-21T09:46:40","slug":"mouse-inalambrico-logitech-m185-1000dpi-910-003636","status":"publish","type":"product","link":"https:\/\/rms-enlinea.com.ar\/tienda\/producto\/mouse-inalambrico-logitech-m185-1000dpi-910-003636\/","title":{"rendered":"Mouse Inalambrico Logitech M185 1000dpi 910-003636"},"content":{"rendered":"<p>DIMENSIONES<br \/>\nAltura: 99 mm<br \/>\nAncho: 60 mm<br \/>\nProfundidad: 39 mm<br \/>\nPeso (con bater\u00edas): 75,2 g<br \/>\nTecnolog\u00eda de sensor Seguimiento \u00f3ptico uniforme<br \/>\nDPI (m\u00edn.\/m\u00e1x.) 1000\u00b1<\/p>\n<p>Botones<br \/>\nN\u00famero de botones: 3 (click izquierdo\/derecho, click de bot\u00f3n central)<\/p>\n<p>Desplazamiento<br \/>\nDesplazamiento l\u00ednea a l\u00ednea<br \/>\nRueda de desplazamiento: S\u00ed, 2D, \u00f3ptico<\/p>\n<p>Duraci\u00f3n de la bater\u00eda<br \/>\nDuraci\u00f3n de la bater\u00eda: 12 meses<br \/>\nDetalles de bater\u00eda: 1 x AAA (incluida)<\/p>\n","protected":false},"excerpt":{"rendered":"<p>DIMENSIONES Altura: 99 mm Ancho: 60 mm Profundidad: 39 mm Peso (con bater\u00edas): 75,2 g Tecnolog\u00eda de sensor Seguimiento \u00f3ptico uniforme DPI (m\u00edn.\/m\u00e1x.) 1000\u00b1 Botones N\u00famero de botones: 3 (click izquierdo\/derecho, click de bot\u00f3n central) Desplazamiento Desplazamiento l\u00ednea a l\u00ednea Rueda de desplazamiento: S\u00ed, 2D, \u00f3ptico Duraci\u00f3n de la bater\u00eda Duraci\u00f3n de la bater\u00eda: 12 [&hellip;]<\/p>\n","protected":false},"featured_media":29113,"comment_status":"open","ping_status":"closed","template":"","meta":{"_uag_custom_page_level_css":""},"product_brand":[549],"product_cat":[125],"product_tag":[],"class_list":{"0":"post-51862","1":"product","2":"type-product","3":"status-publish","4":"has-post-thumbnail","6":"product_brand-logitech","7":"product_cat-teclados-y-mouses","9":"first","10":"outofstock","11":"sale","12":"taxable","13":"shipping-taxable","14":"purchasable","15":"product-type-simple"},"uagb_featured_image_src":{"full":["https:\/\/rms-enlinea.com.ar\/wp-content\/uploads\/2025\/06\/D_883543-MLA43295550302_082020-F.jpg",624,1032,false],"thumbnail":["https:\/\/rms-enlinea.com.ar\/wp-content\/uploads\/2025\/06\/D_883543-MLA43295550302_082020-F-150x150.jpg",150,150,true],"medium":["https:\/\/rms-enlinea.com.ar\/wp-content\/uploads\/2025\/06\/D_883543-MLA43295550302_082020-F-181x300.jpg",181,300,true],"medium_large":["https:\/\/rms-enlinea.com.ar\/wp-content\/uploads\/2025\/06\/D_883543-MLA43295550302_082020-F.jpg",624,1032,false],"large":["https:\/\/rms-enlinea.com.ar\/wp-content\/uploads\/2025\/06\/D_883543-MLA43295550302_082020-F-619x1024.jpg",619,1024,true],"1536x1536":["https:\/\/rms-enlinea.com.ar\/wp-content\/uploads\/2025\/06\/D_883543-MLA43295550302_082020-F.jpg",624,1032,false],"2048x2048":["https:\/\/rms-enlinea.com.ar\/wp-content\/uploads\/2025\/06\/D_883543-MLA43295550302_082020-F.jpg",624,1032,false],"woocommerce_thumbnail":["https:\/\/rms-enlinea.com.ar\/wp-content\/uploads\/2025\/06\/D_883543-MLA43295550302_082020-F-450x450.jpg",450,450,true],"woocommerce_single":["https:\/\/rms-enlinea.com.ar\/wp-content\/uploads\/2025\/06\/D_883543-MLA43295550302_082020-F-600x992.jpg",600,992,true],"woocommerce_gallery_thumbnail":["https:\/\/rms-enlinea.com.ar\/wp-content\/uploads\/2025\/06\/D_883543-MLA43295550302_082020-F-100x100.jpg",100,100,true]},"uagb_author_info":{"display_name":"nelson","author_link":"https:\/\/rms-enlinea.com.ar\/tienda\/author\/"},"uagb_comment_info":0,"uagb_excerpt":"DIMENSIONES Altura: 99 mm Ancho: 60 mm Profundidad: 39 mm Peso (con bater\u00edas): 75,2 g Tecnolog\u00eda de sensor Seguimiento \u00f3ptico uniforme DPI (m\u00edn.\/m\u00e1x.) 1000\u00b1 Botones N\u00famero de botones: 3 (click izquierdo\/derecho, click de bot\u00f3n central) Desplazamiento Desplazamiento l\u00ednea a l\u00ednea Rueda de desplazamiento: S\u00ed, 2D, \u00f3ptico Duraci\u00f3n de la bater\u00eda Duraci\u00f3n de la bater\u00eda: 12&hellip;","_links":{"self":[{"href":"https:\/\/rms-enlinea.com.ar\/tienda\/wp-json\/wp\/v2\/product\/51862","targetHints":{"allow":["GET"]}}],"collection":[{"href":"https:\/\/rms-enlinea.com.ar\/tienda\/wp-json\/wp\/v2\/product"}],"about":[{"href":"https:\/\/rms-enlinea.com.ar\/tienda\/wp-json\/wp\/v2\/types\/product"}],"replies":[{"embeddable":true,"href":"https:\/\/rms-enlinea.com.ar\/tienda\/wp-json\/wp\/v2\/comments?post=51862"}],"wp:featuredmedia":[{"embeddable":true,"href":"https:\/\/rms-enlinea.com.ar\/tienda\/wp-json\/wp\/v2\/media\/29113"}],"wp:attachment":[{"href":"https:\/\/rms-enlinea.com.ar\/tienda\/wp-json\/wp\/v2\/media?parent=51862"}],"wp:term":[{"taxonomy":"product_brand","embeddable":true,"href":"https:\/\/rms-enlinea.com.ar\/tienda\/wp-json\/wp\/v2\/product_brand?post=51862"},{"taxonomy":"product_cat","embeddable":true,"href":"https:\/\/rms-enlinea.com.ar\/tienda\/wp-json\/wp\/v2\/product_cat?post=51862"},{"taxonomy":"product_tag","embeddable":true,"href":"https:\/\/rms-enlinea.com.ar\/tienda\/wp-json\/wp\/v2\/product_tag?post=51862"}],"curies":[{"name":"wp","href":"https:\/\/api.w.org\/{rel}","templated":true}]}}