{"id":51869,"date":"2025-07-21T12:31:02","date_gmt":"2025-07-21T15:31:02","guid":{"rendered":"https:\/\/rms-enlinea.com.ar\/tienda\/producto\/sistema-mesh-pack-x-3-tp-link-ax3000-wifi-deco-x50-poe\/"},"modified":"2026-04-21T04:16:26","modified_gmt":"2026-04-21T07:16:26","slug":"sistema-mesh-pack-x-3-tp-link-ax3000-wifi-deco-x50-poe","status":"publish","type":"product","link":"https:\/\/rms-enlinea.com.ar\/tienda\/producto\/sistema-mesh-pack-x-3-tp-link-ax3000-wifi-deco-x50-poe\/","title":{"rendered":"Sistema Mesh Pack X 3 Tp-link Ax3000 Wifi Deco X50 Poe"},"content":{"rendered":"<p>Revoluciona tu conexi\u00f3n a Internet con el SISTEMA MESH PACK X 3 TP-LINK AX3000 WIFI DECO X50 POE. Dise\u00f1ado para satisfacer las necesidades de hogares y oficinas modernas, este sistema Wi-Fi Mesh proporciona una cobertura de se\u00f1al amplia y estable, eliminando los puntos ciegos en tu espacio. Con la tecnolog\u00eda de doble banda, disfrutar\u00e1s de velocidades inal\u00e1mbricas de hasta 375 MB\/s, optimizando la experiencia de navegaci\u00f3n, streaming y gaming.<\/p>\n<p>La funci\u00f3n PoE te permite reducir el desorden de cables y simplificar la instalaci\u00f3n, mientras que sus m\u00faltiples puertos LAN y WAN aseguran una conectividad vers\u00e1til para todos tus dispositivos. El sistema incluye control parental y un firewall integrado, garantizando la seguridad tanto para los usuarios como para los dispositivos conectados. Adaptative QoS prioriza la banda ancha seg\u00fan tus necesidades, asegurando un rendimiento \u00f3ptimo en todo momento.<\/p>\n<p>El dise\u00f1o elegante en color blanco se integra perfectamente en cualquier entorno, y su tama\u00f1o compacto facilita su colocaci\u00f3n en espacios reducidos. Cada unidad est\u00e1 equipada con dos antenas internas que maximizan la cobertura y estabilidad de la se\u00f1al. Con un rango de temperatura y humedad adecuados para diversas condiciones, este sistema es robusto y confiable.<\/p>\n<p>Ideal para aquellos que buscan una soluci\u00f3n de conectividad potente y flexible, el SISTEMA MESH PACK X 3 TP-LINK AX3000 WIFI DECO X50 POE es la elecci\u00f3n perfecta para llevar tu experiencia de internet al siguiente nivel.<\/p>\n","protected":false},"excerpt":{"rendered":"<p>Revoluciona tu conexi\u00f3n a Internet con el SISTEMA MESH PACK X 3 TP-LINK AX3000 WIFI DECO X50 POE. Dise\u00f1ado para satisfacer las necesidades de hogares y oficinas modernas, este sistema Wi-Fi Mesh proporciona una cobertura de se\u00f1al amplia y estable, eliminando los puntos ciegos en tu espacio. Con la tecnolog\u00eda de doble banda, disfrutar\u00e1s de [&hellip;]<\/p>\n","protected":false},"featured_media":51870,"comment_status":"open","ping_status":"closed","template":"","meta":{"_uag_custom_page_level_css":""},"product_brand":[546],"product_cat":[122],"product_tag":[],"class_list":{"0":"post-51869","1":"product","2":"type-product","3":"status-publish","4":"has-post-thumbnail","6":"product_brand-tplink","7":"product_cat-redes-y-conectividad","9":"first","10":"outofstock","11":"sale","12":"taxable","13":"shipping-taxable","14":"purchasable","15":"product-type-simple"},"uagb_featured_image_src":{"full":["https:\/\/rms-enlinea.com.ar\/wp-content\/uploads\/2025\/07\/D_967132-MLU75151426963_032024-F.jpg",921,1170,false],"thumbnail":["https:\/\/rms-enlinea.com.ar\/wp-content\/uploads\/2025\/07\/D_967132-MLU75151426963_032024-F-150x150.jpg",150,150,true],"medium":["https:\/\/rms-enlinea.com.ar\/wp-content\/uploads\/2025\/07\/D_967132-MLU75151426963_032024-F-236x300.jpg",236,300,true],"medium_large":["https:\/\/rms-enlinea.com.ar\/wp-content\/uploads\/2025\/07\/D_967132-MLU75151426963_032024-F-768x976.jpg",768,976,true],"large":["https:\/\/rms-enlinea.com.ar\/wp-content\/uploads\/2025\/07\/D_967132-MLU75151426963_032024-F-806x1024.jpg",806,1024,true],"1536x1536":["https:\/\/rms-enlinea.com.ar\/wp-content\/uploads\/2025\/07\/D_967132-MLU75151426963_032024-F.jpg",921,1170,false],"2048x2048":["https:\/\/rms-enlinea.com.ar\/wp-content\/uploads\/2025\/07\/D_967132-MLU75151426963_032024-F.jpg",921,1170,false],"woocommerce_thumbnail":["https:\/\/rms-enlinea.com.ar\/wp-content\/uploads\/2025\/07\/D_967132-MLU75151426963_032024-F-450x450.jpg",450,450,true],"woocommerce_single":["https:\/\/rms-enlinea.com.ar\/wp-content\/uploads\/2025\/07\/D_967132-MLU75151426963_032024-F-600x762.jpg",600,762,true],"woocommerce_gallery_thumbnail":["https:\/\/rms-enlinea.com.ar\/wp-content\/uploads\/2025\/07\/D_967132-MLU75151426963_032024-F-100x100.jpg",100,100,true]},"uagb_author_info":{"display_name":"nelson","author_link":"https:\/\/rms-enlinea.com.ar\/tienda\/author\/"},"uagb_comment_info":0,"uagb_excerpt":"Revoluciona tu conexi\u00f3n a Internet con el SISTEMA MESH PACK X 3 TP-LINK AX3000 WIFI DECO X50 POE. Dise\u00f1ado para satisfacer las necesidades de hogares y oficinas modernas, este sistema Wi-Fi Mesh proporciona una cobertura de se\u00f1al amplia y estable, eliminando los puntos ciegos en tu espacio. Con la tecnolog\u00eda de doble banda, disfrutar\u00e1s de&hellip;","_links":{"self":[{"href":"https:\/\/rms-enlinea.com.ar\/tienda\/wp-json\/wp\/v2\/product\/51869","targetHints":{"allow":["GET"]}}],"collection":[{"href":"https:\/\/rms-enlinea.com.ar\/tienda\/wp-json\/wp\/v2\/product"}],"about":[{"href":"https:\/\/rms-enlinea.com.ar\/tienda\/wp-json\/wp\/v2\/types\/product"}],"replies":[{"embeddable":true,"href":"https:\/\/rms-enlinea.com.ar\/tienda\/wp-json\/wp\/v2\/comments?post=51869"}],"wp:featuredmedia":[{"embeddable":true,"href":"https:\/\/rms-enlinea.com.ar\/tienda\/wp-json\/wp\/v2\/media\/51870"}],"wp:attachment":[{"href":"https:\/\/rms-enlinea.com.ar\/tienda\/wp-json\/wp\/v2\/media?parent=51869"}],"wp:term":[{"taxonomy":"product_brand","embeddable":true,"href":"https:\/\/rms-enlinea.com.ar\/tienda\/wp-json\/wp\/v2\/product_brand?post=51869"},{"taxonomy":"product_cat","embeddable":true,"href":"https:\/\/rms-enlinea.com.ar\/tienda\/wp-json\/wp\/v2\/product_cat?post=51869"},{"taxonomy":"product_tag","embeddable":true,"href":"https:\/\/rms-enlinea.com.ar\/tienda\/wp-json\/wp\/v2\/product_tag?post=51869"}],"curies":[{"name":"wp","href":"https:\/\/api.w.org\/{rel}","templated":true}]}}