{"id":51879,"date":"2025-07-21T12:51:04","date_gmt":"2025-07-21T15:51:04","guid":{"rendered":"https:\/\/rms-enlinea.com.ar\/tienda\/producto\/placa-wifi-tp-link-tl-wn781nd-pcie-150mbps-1-antena\/"},"modified":"2026-04-06T13:33:42","modified_gmt":"2026-04-06T16:33:42","slug":"placa-wifi-tp-link-tl-wn781nd-pcie-150mbps-1-antena","status":"publish","type":"product","link":"https:\/\/rms-enlinea.com.ar\/tienda\/producto\/placa-wifi-tp-link-tl-wn781nd-pcie-150mbps-1-antena\/","title":{"rendered":"Placa Wifi Tp-link Tl-wn781nd Pcie 150mbps 1 Antena"},"content":{"rendered":"<p>CARACTER\u00cdSTICAS DE HARDWARE<br \/>Interface\tPCI Express<br \/>Dimensiones (An x Pr x Al)\t4.8 x 3.1 x 0.8in. (120.8 x 78.5 x 21.5mm)<br \/>Tipo de Antena\tDesmontable omnidireccional (RP-SMA)<br \/>Ganancia de la Antena\t2dBi<br \/>Est\u00e1ndares inal\u00e1mbricos\tIEEE 802.11n, IEEE 802.11g, IEEE 802.11b<br \/>Frecuencia\t2.400-2.4835GHz<br \/>Tasa de se\u00f1al\t11n: Hasta 150Mbps (din\u00e1mico)<br \/> \t11g: hasta 54Mbps (din\u00e1mico)<br \/> \t11b: hasta 11Mbps (din\u00e1mico)<\/p>\n","protected":false},"excerpt":{"rendered":"<p>CARACTER\u00cdSTICAS DE HARDWAREInterface PCI ExpressDimensiones (An x Pr x Al) 4.8 x 3.1 x 0.8in. (120.8 x 78.5 x 21.5mm)Tipo de Antena Desmontable omnidireccional (RP-SMA)Ganancia de la Antena 2dBiEst\u00e1ndares inal\u00e1mbricos IEEE 802.11n, IEEE 802.11g, IEEE 802.11bFrecuencia 2.400-2.4835GHzTasa de se\u00f1al 11n: Hasta 150Mbps (din\u00e1mico) 11g: hasta 54Mbps (din\u00e1mico) 11b: hasta 11Mbps (din\u00e1mico)<\/p>\n","protected":false},"featured_media":28867,"comment_status":"open","ping_status":"closed","template":"","meta":{"_uag_custom_page_level_css":""},"product_brand":[546],"product_cat":[122],"product_tag":[],"class_list":{"0":"post-51879","1":"product","2":"type-product","3":"status-publish","4":"has-post-thumbnail","6":"product_brand-tplink","7":"product_cat-redes-y-conectividad","9":"first","10":"instock","11":"sale","12":"taxable","13":"shipping-taxable","14":"purchasable","15":"product-type-simple"},"uagb_featured_image_src":{"full":["https:\/\/rms-enlinea.com.ar\/wp-content\/uploads\/2025\/06\/D_891786-MLU69372900129_052023-F.jpg",500,491,false],"thumbnail":["https:\/\/rms-enlinea.com.ar\/wp-content\/uploads\/2025\/06\/D_891786-MLU69372900129_052023-F-150x150.jpg",150,150,true],"medium":["https:\/\/rms-enlinea.com.ar\/wp-content\/uploads\/2025\/06\/D_891786-MLU69372900129_052023-F-300x295.jpg",300,295,true],"medium_large":["https:\/\/rms-enlinea.com.ar\/wp-content\/uploads\/2025\/06\/D_891786-MLU69372900129_052023-F.jpg",500,491,false],"large":["https:\/\/rms-enlinea.com.ar\/wp-content\/uploads\/2025\/06\/D_891786-MLU69372900129_052023-F.jpg",500,491,false],"1536x1536":["https:\/\/rms-enlinea.com.ar\/wp-content\/uploads\/2025\/06\/D_891786-MLU69372900129_052023-F.jpg",500,491,false],"2048x2048":["https:\/\/rms-enlinea.com.ar\/wp-content\/uploads\/2025\/06\/D_891786-MLU69372900129_052023-F.jpg",500,491,false],"woocommerce_thumbnail":["https:\/\/rms-enlinea.com.ar\/wp-content\/uploads\/2025\/06\/D_891786-MLU69372900129_052023-F-450x450.jpg",450,450,true],"woocommerce_single":["https:\/\/rms-enlinea.com.ar\/wp-content\/uploads\/2025\/06\/D_891786-MLU69372900129_052023-F.jpg",500,491,false],"woocommerce_gallery_thumbnail":["https:\/\/rms-enlinea.com.ar\/wp-content\/uploads\/2025\/06\/D_891786-MLU69372900129_052023-F-100x100.jpg",100,100,true]},"uagb_author_info":{"display_name":"nelson","author_link":"https:\/\/rms-enlinea.com.ar\/tienda\/author\/"},"uagb_comment_info":0,"uagb_excerpt":"CARACTER\u00cdSTICAS DE HARDWAREInterface PCI ExpressDimensiones (An x Pr x Al) 4.8 x 3.1 x 0.8in. (120.8 x 78.5 x 21.5mm)Tipo de Antena Desmontable omnidireccional (RP-SMA)Ganancia de la Antena 2dBiEst\u00e1ndares inal\u00e1mbricos IEEE 802.11n, IEEE 802.11g, IEEE 802.11bFrecuencia 2.400-2.4835GHzTasa de se\u00f1al 11n: Hasta 150Mbps (din\u00e1mico) 11g: hasta 54Mbps (din\u00e1mico) 11b: hasta 11Mbps (din\u00e1mico)","_links":{"self":[{"href":"https:\/\/rms-enlinea.com.ar\/tienda\/wp-json\/wp\/v2\/product\/51879","targetHints":{"allow":["GET"]}}],"collection":[{"href":"https:\/\/rms-enlinea.com.ar\/tienda\/wp-json\/wp\/v2\/product"}],"about":[{"href":"https:\/\/rms-enlinea.com.ar\/tienda\/wp-json\/wp\/v2\/types\/product"}],"replies":[{"embeddable":true,"href":"https:\/\/rms-enlinea.com.ar\/tienda\/wp-json\/wp\/v2\/comments?post=51879"}],"wp:featuredmedia":[{"embeddable":true,"href":"https:\/\/rms-enlinea.com.ar\/tienda\/wp-json\/wp\/v2\/media\/28867"}],"wp:attachment":[{"href":"https:\/\/rms-enlinea.com.ar\/tienda\/wp-json\/wp\/v2\/media?parent=51879"}],"wp:term":[{"taxonomy":"product_brand","embeddable":true,"href":"https:\/\/rms-enlinea.com.ar\/tienda\/wp-json\/wp\/v2\/product_brand?post=51879"},{"taxonomy":"product_cat","embeddable":true,"href":"https:\/\/rms-enlinea.com.ar\/tienda\/wp-json\/wp\/v2\/product_cat?post=51879"},{"taxonomy":"product_tag","embeddable":true,"href":"https:\/\/rms-enlinea.com.ar\/tienda\/wp-json\/wp\/v2\/product_tag?post=51879"}],"curies":[{"name":"wp","href":"https:\/\/api.w.org\/{rel}","templated":true}]}}