{"id":51884,"date":"2025-07-21T12:51:40","date_gmt":"2025-07-21T15:51:40","guid":{"rendered":"https:\/\/rms-enlinea.com.ar\/tienda\/producto\/adaptador-usb-wifi-tp-link-archer-t3u-ac1200-dual-band\/"},"modified":"2026-04-06T11:27:13","modified_gmt":"2026-04-06T14:27:13","slug":"adaptador-usb-wifi-tp-link-archer-t3u-ac1200-dual-band","status":"publish","type":"product","link":"https:\/\/rms-enlinea.com.ar\/tienda\/producto\/adaptador-usb-wifi-tp-link-archer-t3u-ac1200-dual-band\/","title":{"rendered":"Adaptador Usb Wifi Tp-link Archer T3u Ac1200 Dual Band"},"content":{"rendered":"<p>CARACTER\u00cdSTICAS DE HARDWARE<br \/>Interfaz:\tUSB 3.0<br \/>Dimensiones:\t1.59 \u00d7 0.78 \u00d7 0.41in. (40.5 \u00d7 19.72 \u00d7 10.29mm)<br \/>Tipo de Antena:\tOmnidireccional<br \/>Potencia de Transmisi\u00f3n:\t <br \/>Modos Inal\u00e1mbricos:\tAd-Hoc \/ Modo infraestructura<br \/>Seguridad Inal\u00e1mbrica:\tSoporta 64\/128 bit WEP, WPA\/WPA2, WPA-PSK\/WPA2-PSK<br \/>Tecnolog\u00eda de Modulaci\u00f3n:\tDBPSK, DQPSK, CCK, OFDM, 16-QAM, 64-QAM, 256-QAM<\/p>\n","protected":false},"excerpt":{"rendered":"<p>CARACTER\u00cdSTICAS DE HARDWAREInterfaz: USB 3.0Dimensiones: 1.59 \u00d7 0.78 \u00d7 0.41in. (40.5 \u00d7 19.72 \u00d7 10.29mm)Tipo de Antena: OmnidireccionalPotencia de Transmisi\u00f3n: Modos Inal\u00e1mbricos: Ad-Hoc \/ Modo infraestructuraSeguridad Inal\u00e1mbrica: Soporta 64\/128 bit WEP, WPA\/WPA2, WPA-PSK\/WPA2-PSKTecnolog\u00eda de Modulaci\u00f3n: DBPSK, DQPSK, CCK, OFDM, 16-QAM, 64-QAM, 256-QAM<\/p>\n","protected":false},"featured_media":28729,"comment_status":"open","ping_status":"closed","template":"","meta":{"_uag_custom_page_level_css":""},"product_brand":[546],"product_cat":[122],"product_tag":[],"class_list":{"0":"post-51884","1":"product","2":"type-product","3":"status-publish","4":"has-post-thumbnail","6":"product_brand-tplink","7":"product_cat-redes-y-conectividad","9":"first","10":"instock","11":"sale","12":"taxable","13":"shipping-taxable","14":"purchasable","15":"product-type-simple"},"uagb_featured_image_src":{"full":["https:\/\/rms-enlinea.com.ar\/wp-content\/uploads\/2025\/06\/D_991573-MLB48160820696_112021-F.jpg",570,489,false],"thumbnail":["https:\/\/rms-enlinea.com.ar\/wp-content\/uploads\/2025\/06\/D_991573-MLB48160820696_112021-F-150x150.jpg",150,150,true],"medium":["https:\/\/rms-enlinea.com.ar\/wp-content\/uploads\/2025\/06\/D_991573-MLB48160820696_112021-F-300x257.jpg",300,257,true],"medium_large":["https:\/\/rms-enlinea.com.ar\/wp-content\/uploads\/2025\/06\/D_991573-MLB48160820696_112021-F.jpg",570,489,false],"large":["https:\/\/rms-enlinea.com.ar\/wp-content\/uploads\/2025\/06\/D_991573-MLB48160820696_112021-F.jpg",570,489,false],"1536x1536":["https:\/\/rms-enlinea.com.ar\/wp-content\/uploads\/2025\/06\/D_991573-MLB48160820696_112021-F.jpg",570,489,false],"2048x2048":["https:\/\/rms-enlinea.com.ar\/wp-content\/uploads\/2025\/06\/D_991573-MLB48160820696_112021-F.jpg",570,489,false],"woocommerce_thumbnail":["https:\/\/rms-enlinea.com.ar\/wp-content\/uploads\/2025\/06\/D_991573-MLB48160820696_112021-F-450x450.jpg",450,450,true],"woocommerce_single":["https:\/\/rms-enlinea.com.ar\/wp-content\/uploads\/2025\/06\/D_991573-MLB48160820696_112021-F.jpg",570,489,false],"woocommerce_gallery_thumbnail":["https:\/\/rms-enlinea.com.ar\/wp-content\/uploads\/2025\/06\/D_991573-MLB48160820696_112021-F-100x100.jpg",100,100,true]},"uagb_author_info":{"display_name":"nelson","author_link":"https:\/\/rms-enlinea.com.ar\/tienda\/author\/"},"uagb_comment_info":0,"uagb_excerpt":"CARACTER\u00cdSTICAS DE HARDWAREInterfaz: USB 3.0Dimensiones: 1.59 \u00d7 0.78 \u00d7 0.41in. (40.5 \u00d7 19.72 \u00d7 10.29mm)Tipo de Antena: OmnidireccionalPotencia de Transmisi\u00f3n: Modos Inal\u00e1mbricos: Ad-Hoc \/ Modo infraestructuraSeguridad Inal\u00e1mbrica: Soporta 64\/128 bit WEP, WPA\/WPA2, WPA-PSK\/WPA2-PSKTecnolog\u00eda de Modulaci\u00f3n: DBPSK, DQPSK, CCK, OFDM, 16-QAM, 64-QAM, 256-QAM","_links":{"self":[{"href":"https:\/\/rms-enlinea.com.ar\/tienda\/wp-json\/wp\/v2\/product\/51884","targetHints":{"allow":["GET"]}}],"collection":[{"href":"https:\/\/rms-enlinea.com.ar\/tienda\/wp-json\/wp\/v2\/product"}],"about":[{"href":"https:\/\/rms-enlinea.com.ar\/tienda\/wp-json\/wp\/v2\/types\/product"}],"replies":[{"embeddable":true,"href":"https:\/\/rms-enlinea.com.ar\/tienda\/wp-json\/wp\/v2\/comments?post=51884"}],"wp:featuredmedia":[{"embeddable":true,"href":"https:\/\/rms-enlinea.com.ar\/tienda\/wp-json\/wp\/v2\/media\/28729"}],"wp:attachment":[{"href":"https:\/\/rms-enlinea.com.ar\/tienda\/wp-json\/wp\/v2\/media?parent=51884"}],"wp:term":[{"taxonomy":"product_brand","embeddable":true,"href":"https:\/\/rms-enlinea.com.ar\/tienda\/wp-json\/wp\/v2\/product_brand?post=51884"},{"taxonomy":"product_cat","embeddable":true,"href":"https:\/\/rms-enlinea.com.ar\/tienda\/wp-json\/wp\/v2\/product_cat?post=51884"},{"taxonomy":"product_tag","embeddable":true,"href":"https:\/\/rms-enlinea.com.ar\/tienda\/wp-json\/wp\/v2\/product_tag?post=51884"}],"curies":[{"name":"wp","href":"https:\/\/api.w.org\/{rel}","templated":true}]}}