{"id":51895,"date":"2025-07-21T13:11:27","date_gmt":"2025-07-21T16:11:27","guid":{"rendered":"https:\/\/rms-enlinea.com.ar\/tienda\/producto\/placa-de-red-usb-wifi-tp-link-tl-wn8200nd-hipower-300mbps\/"},"modified":"2026-04-30T15:20:10","modified_gmt":"2026-04-30T18:20:10","slug":"placa-de-red-usb-wifi-tp-link-tl-wn8200nd-hipower-300mbps","status":"publish","type":"product","link":"https:\/\/rms-enlinea.com.ar\/tienda\/producto\/placa-de-red-usb-wifi-tp-link-tl-wn8200nd-hipower-300mbps\/","title":{"rendered":"Placa De Red Usb Wifi Tp-link Tl-wn8200nd Hipower 300mbps"},"content":{"rendered":"<p>La placa de red USB WiFi TP-Link TL-WN8200ND HiPower ofrece una conexi\u00f3n fiable y r\u00e1pida con una tasa de transferencia de datos de hasta 300 MB\/s. Dise\u00f1ada para mejorar tu experiencia de navegaci\u00f3n, esta soluci\u00f3n de conectividad utiliza la tecnolog\u00eda WLAN en la frecuencia de 2.4-2.4835GHz, asegurando una cobertura \u00f3ptima en diversas aplicaciones.<\/p>\n<p>Equipado con dos antenas desmontables omnidireccionales, este dispositivo maximiza la se\u00f1al, permitiendo que puedas disfrutar de una conexi\u00f3n estable y de alta calidad, incluso a distancias considerables de tu router. Su dise\u00f1o compacto, con dimensiones de 9.08 cm de altura, 6.07 cm de ancho y 2.4 cm de profundidad, facilita su transporte y uso en cualquier lugar.<\/p>\n<p>El bot\u00f3n WPS te permitir\u00e1 conectar dispositivos de manera r\u00e1pida y sencilla, simplificando el proceso de configuraci\u00f3n. Adem\u00e1s, un indicador LED te proporciona informaci\u00f3n visual sobre el estado de la conexi\u00f3n, garantizando que est\u00e9s siempre informado sobre la actividad de tu red.<\/p>\n","protected":false},"excerpt":{"rendered":"<p>La placa de red USB WiFi TP-Link TL-WN8200ND HiPower ofrece una conexi\u00f3n fiable y r\u00e1pida con una tasa de transferencia de datos de hasta 300 MB\/s. Dise\u00f1ada para mejorar tu experiencia de navegaci\u00f3n, esta soluci\u00f3n de conectividad utiliza la tecnolog\u00eda WLAN en la frecuencia de 2.4-2.4835GHz, asegurando una cobertura \u00f3ptima en diversas aplicaciones. Equipado con [&hellip;]<\/p>\n","protected":false},"featured_media":51896,"comment_status":"open","ping_status":"closed","template":"","meta":{"_uag_custom_page_level_css":""},"product_brand":[546],"product_cat":[122],"product_tag":[],"class_list":{"0":"post-51895","1":"product","2":"type-product","3":"status-publish","4":"has-post-thumbnail","6":"product_brand-tplink","7":"product_cat-redes-y-conectividad","9":"first","10":"outofstock","11":"sale","12":"taxable","13":"shipping-taxable","14":"purchasable","15":"product-type-simple"},"uagb_featured_image_src":{"full":["https:\/\/rms-enlinea.com.ar\/wp-content\/uploads\/2025\/07\/D_946895-MLU75963938865_042024-F.jpg",675,1199,false],"thumbnail":["https:\/\/rms-enlinea.com.ar\/wp-content\/uploads\/2025\/07\/D_946895-MLU75963938865_042024-F-150x150.jpg",150,150,true],"medium":["https:\/\/rms-enlinea.com.ar\/wp-content\/uploads\/2025\/07\/D_946895-MLU75963938865_042024-F-169x300.jpg",169,300,true],"medium_large":["https:\/\/rms-enlinea.com.ar\/wp-content\/uploads\/2025\/07\/D_946895-MLU75963938865_042024-F.jpg",675,1199,false],"large":["https:\/\/rms-enlinea.com.ar\/wp-content\/uploads\/2025\/07\/D_946895-MLU75963938865_042024-F-576x1024.jpg",576,1024,true],"1536x1536":["https:\/\/rms-enlinea.com.ar\/wp-content\/uploads\/2025\/07\/D_946895-MLU75963938865_042024-F.jpg",675,1199,false],"2048x2048":["https:\/\/rms-enlinea.com.ar\/wp-content\/uploads\/2025\/07\/D_946895-MLU75963938865_042024-F.jpg",675,1199,false],"woocommerce_thumbnail":["https:\/\/rms-enlinea.com.ar\/wp-content\/uploads\/2025\/07\/D_946895-MLU75963938865_042024-F-450x450.jpg",450,450,true],"woocommerce_single":["https:\/\/rms-enlinea.com.ar\/wp-content\/uploads\/2025\/07\/D_946895-MLU75963938865_042024-F-600x1066.jpg",600,1066,true],"woocommerce_gallery_thumbnail":["https:\/\/rms-enlinea.com.ar\/wp-content\/uploads\/2025\/07\/D_946895-MLU75963938865_042024-F-100x100.jpg",100,100,true]},"uagb_author_info":{"display_name":"nelson","author_link":"https:\/\/rms-enlinea.com.ar\/tienda\/author\/"},"uagb_comment_info":0,"uagb_excerpt":"La placa de red USB WiFi TP-Link TL-WN8200ND HiPower ofrece una conexi\u00f3n fiable y r\u00e1pida con una tasa de transferencia de datos de hasta 300 MB\/s. Dise\u00f1ada para mejorar tu experiencia de navegaci\u00f3n, esta soluci\u00f3n de conectividad utiliza la tecnolog\u00eda WLAN en la frecuencia de 2.4-2.4835GHz, asegurando una cobertura \u00f3ptima en diversas aplicaciones. Equipado con&hellip;","_links":{"self":[{"href":"https:\/\/rms-enlinea.com.ar\/tienda\/wp-json\/wp\/v2\/product\/51895","targetHints":{"allow":["GET"]}}],"collection":[{"href":"https:\/\/rms-enlinea.com.ar\/tienda\/wp-json\/wp\/v2\/product"}],"about":[{"href":"https:\/\/rms-enlinea.com.ar\/tienda\/wp-json\/wp\/v2\/types\/product"}],"replies":[{"embeddable":true,"href":"https:\/\/rms-enlinea.com.ar\/tienda\/wp-json\/wp\/v2\/comments?post=51895"}],"wp:featuredmedia":[{"embeddable":true,"href":"https:\/\/rms-enlinea.com.ar\/tienda\/wp-json\/wp\/v2\/media\/51896"}],"wp:attachment":[{"href":"https:\/\/rms-enlinea.com.ar\/tienda\/wp-json\/wp\/v2\/media?parent=51895"}],"wp:term":[{"taxonomy":"product_brand","embeddable":true,"href":"https:\/\/rms-enlinea.com.ar\/tienda\/wp-json\/wp\/v2\/product_brand?post=51895"},{"taxonomy":"product_cat","embeddable":true,"href":"https:\/\/rms-enlinea.com.ar\/tienda\/wp-json\/wp\/v2\/product_cat?post=51895"},{"taxonomy":"product_tag","embeddable":true,"href":"https:\/\/rms-enlinea.com.ar\/tienda\/wp-json\/wp\/v2\/product_tag?post=51895"}],"curies":[{"name":"wp","href":"https:\/\/api.w.org\/{rel}","templated":true}]}}