{"id":51917,"date":"2025-07-22T12:00:26","date_gmt":"2025-07-22T15:00:26","guid":{"rendered":"https:\/\/rms-enlinea.com.ar\/tienda\/producto\/camara-hikvision-1mp-indoor-fixed-turret-thc-t110-p\/"},"modified":"2026-04-06T13:45:41","modified_gmt":"2026-04-06T16:45:41","slug":"camara-hikvision-1mp-indoor-fixed-turret-thc-t110-p","status":"publish","type":"product","link":"https:\/\/rms-enlinea.com.ar\/tienda\/producto\/camara-hikvision-1mp-indoor-fixed-turret-thc-t110-p\/","title":{"rendered":"Camara Hikvision 1mp Indoor Fixed Turret Thc-t110-p"},"content":{"rendered":"<p>Sensor de imagen: Sensor de imagen CMOS de 1MP<br \/>\nSistema de se\u00f1al: HD\/ NTSC\/TVI\/CVI<br \/>\nP\u00edxeles efectivos: 1296 (H) x 732 (V)<br \/>\nMin. Iluminaci\u00f3n: 0.1 Lux @ (F1.2, AGC ON), 0 Lux con IR<br \/>\nTiempo de obturaci\u00f3n: 1\/25 (1\/30) s a 1 \/ 50,000 s<br \/>\nLente: 2.8 mm<br \/>\nMontura del lente: M12<br \/>\nRango de ajuste: Pan: 0\u00b0 a 360\u00b0, Inclinaci\u00f3n: 0\u00b0 a 180\u00b0, Rotaci\u00f3n: 0\u00b0 a 360\u00b0<br \/>\nD\u00eda y noche: Filtro de corte IR con interruptor autom\u00e1tico<br \/>\nVelocidad de fotogramas de v\u00eddeo: 720p @ 25fps \/ 720p @ 30fps<br \/>\nSalida de video HD: 1 salida anal\u00f3gica HD<br \/>\nSincronizaci\u00f3n: Sincronizaci\u00f3n interna<br \/>\nRelaci\u00f3n S \/ N: M\u00e1s de 62 Db<br \/>\nCondiciones de operaci\u00f3n: -40\u00b0C \u2013 60\u00b0C Humedad 90% o menos (sin condensaci\u00f3n)<br \/>\nFuente de alimentaci\u00f3n: 12 VDC \u00b1 15%<br \/>\nEl consumo de energ\u00eda: Max. 4 W<br \/>\nRango IR: Hasta 20m<br \/>\nDimensi\u00f3n: \u00d8 85.4 mm \u00d7 76.12 mm<br \/>\nPeso: 130 g<\/p>\n","protected":false},"excerpt":{"rendered":"<p>Sensor de imagen: Sensor de imagen CMOS de 1MP Sistema de se\u00f1al: HD\/ NTSC\/TVI\/CVI P\u00edxeles efectivos: 1296 (H) x 732 (V) Min. Iluminaci\u00f3n: 0.1 Lux @ (F1.2, AGC ON), 0 Lux con IR Tiempo de obturaci\u00f3n: 1\/25 (1\/30) s a 1 \/ 50,000 s Lente: 2.8 mm Montura del lente: M12 Rango de ajuste: Pan: [&hellip;]<\/p>\n","protected":false},"featured_media":23476,"comment_status":"open","ping_status":"closed","template":"","meta":{"_uag_custom_page_level_css":""},"product_brand":[473],"product_cat":[32],"product_tag":[],"class_list":{"0":"post-51917","1":"product","2":"type-product","3":"status-publish","4":"has-post-thumbnail","6":"product_brand-hikvision","7":"product_cat-seguridad","9":"first","10":"instock","11":"sale","12":"taxable","13":"shipping-taxable","14":"purchasable","15":"product-type-simple"},"uagb_featured_image_src":{"full":["https:\/\/rms-enlinea.com.ar\/wp-content\/uploads\/2025\/06\/D_621280-MLA84977415381_052025-F.jpg",1200,1046,false],"thumbnail":["https:\/\/rms-enlinea.com.ar\/wp-content\/uploads\/2025\/06\/D_621280-MLA84977415381_052025-F-150x150.jpg",150,150,true],"medium":["https:\/\/rms-enlinea.com.ar\/wp-content\/uploads\/2025\/06\/D_621280-MLA84977415381_052025-F-300x262.jpg",300,262,true],"medium_large":["https:\/\/rms-enlinea.com.ar\/wp-content\/uploads\/2025\/06\/D_621280-MLA84977415381_052025-F-768x669.jpg",768,669,true],"large":["https:\/\/rms-enlinea.com.ar\/wp-content\/uploads\/2025\/06\/D_621280-MLA84977415381_052025-F-1024x893.jpg",1024,893,true],"1536x1536":["https:\/\/rms-enlinea.com.ar\/wp-content\/uploads\/2025\/06\/D_621280-MLA84977415381_052025-F.jpg",1200,1046,false],"2048x2048":["https:\/\/rms-enlinea.com.ar\/wp-content\/uploads\/2025\/06\/D_621280-MLA84977415381_052025-F.jpg",1200,1046,false],"woocommerce_thumbnail":["https:\/\/rms-enlinea.com.ar\/wp-content\/uploads\/2025\/06\/D_621280-MLA84977415381_052025-F-450x450.jpg",450,450,true],"woocommerce_single":["https:\/\/rms-enlinea.com.ar\/wp-content\/uploads\/2025\/06\/D_621280-MLA84977415381_052025-F-600x523.jpg",600,523,true],"woocommerce_gallery_thumbnail":["https:\/\/rms-enlinea.com.ar\/wp-content\/uploads\/2025\/06\/D_621280-MLA84977415381_052025-F-100x100.jpg",100,100,true]},"uagb_author_info":{"display_name":"nelson","author_link":"https:\/\/rms-enlinea.com.ar\/tienda\/author\/"},"uagb_comment_info":0,"uagb_excerpt":"Sensor de imagen: Sensor de imagen CMOS de 1MP Sistema de se\u00f1al: HD\/ NTSC\/TVI\/CVI P\u00edxeles efectivos: 1296 (H) x 732 (V) Min. Iluminaci\u00f3n: 0.1 Lux @ (F1.2, AGC ON), 0 Lux con IR Tiempo de obturaci\u00f3n: 1\/25 (1\/30) s a 1 \/ 50,000 s Lente: 2.8 mm Montura del lente: M12 Rango de ajuste: Pan:&hellip;","_links":{"self":[{"href":"https:\/\/rms-enlinea.com.ar\/tienda\/wp-json\/wp\/v2\/product\/51917","targetHints":{"allow":["GET"]}}],"collection":[{"href":"https:\/\/rms-enlinea.com.ar\/tienda\/wp-json\/wp\/v2\/product"}],"about":[{"href":"https:\/\/rms-enlinea.com.ar\/tienda\/wp-json\/wp\/v2\/types\/product"}],"replies":[{"embeddable":true,"href":"https:\/\/rms-enlinea.com.ar\/tienda\/wp-json\/wp\/v2\/comments?post=51917"}],"wp:featuredmedia":[{"embeddable":true,"href":"https:\/\/rms-enlinea.com.ar\/tienda\/wp-json\/wp\/v2\/media\/23476"}],"wp:attachment":[{"href":"https:\/\/rms-enlinea.com.ar\/tienda\/wp-json\/wp\/v2\/media?parent=51917"}],"wp:term":[{"taxonomy":"product_brand","embeddable":true,"href":"https:\/\/rms-enlinea.com.ar\/tienda\/wp-json\/wp\/v2\/product_brand?post=51917"},{"taxonomy":"product_cat","embeddable":true,"href":"https:\/\/rms-enlinea.com.ar\/tienda\/wp-json\/wp\/v2\/product_cat?post=51917"},{"taxonomy":"product_tag","embeddable":true,"href":"https:\/\/rms-enlinea.com.ar\/tienda\/wp-json\/wp\/v2\/product_tag?post=51917"}],"curies":[{"name":"wp","href":"https:\/\/api.w.org\/{rel}","templated":true}]}}