{"id":51930,"date":"2025-07-22T16:10:19","date_gmt":"2025-07-22T19:10:19","guid":{"rendered":"https:\/\/rms-enlinea.com.ar\/tienda\/producto\/parlante-portatil-genius-sp-915bt-bluetooth-5w-rgb-aux\/"},"modified":"2026-04-21T06:41:31","modified_gmt":"2026-04-21T09:41:31","slug":"parlante-portatil-genius-sp-915bt-bluetooth-5w-rgb-aux","status":"publish","type":"product","link":"https:\/\/rms-enlinea.com.ar\/tienda\/producto\/parlante-portatil-genius-sp-915bt-bluetooth-5w-rgb-aux\/","title":{"rendered":"Parlante Portatil Genius Sp-915bt Bluetooth 5w Rgb Aux"},"content":{"rendered":"<p>Conectividad Bluetooth 5.3<br \/>\nPotencia total de salida (W) 5 W<br \/>\nAlcance de operaci\u00f3n Bluetooth 10 m<br \/>\nRango de respuesta de frecuencia 180Hz-15KHz<br \/>\nMicr\u00f3fono incorporado S\u00ed<br \/>\nTiempo de carga 2.5 horas<br \/>\nAUX-in S\u00ed<br \/>\nCapacidad de la bater\u00eda incorporada 3.7V \/ 1200mAh<\/p>\n","protected":false},"excerpt":{"rendered":"<p>Conectividad Bluetooth 5.3 Potencia total de salida (W) 5 W Alcance de operaci\u00f3n Bluetooth 10 m Rango de respuesta de frecuencia 180Hz-15KHz Micr\u00f3fono incorporado S\u00ed Tiempo de carga 2.5 horas AUX-in S\u00ed Capacidad de la bater\u00eda incorporada 3.7V \/ 1200mAh<\/p>\n","protected":false},"featured_media":32695,"comment_status":"open","ping_status":"closed","template":"","meta":{"_uag_custom_page_level_css":""},"product_brand":[550],"product_cat":[124],"product_tag":[],"class_list":{"0":"post-51930","1":"product","2":"type-product","3":"status-publish","4":"has-post-thumbnail","6":"product_brand-genius","7":"product_cat-sistemas-de-sonido-parlantes","9":"first","10":"outofstock","11":"sale","12":"taxable","13":"shipping-taxable","14":"purchasable","15":"product-type-simple"},"uagb_featured_image_src":{"full":["https:\/\/rms-enlinea.com.ar\/wp-content\/uploads\/2025\/06\/D_677061-MLA82560113273_022025-F.jpg",920,1200,false],"thumbnail":["https:\/\/rms-enlinea.com.ar\/wp-content\/uploads\/2025\/06\/D_677061-MLA82560113273_022025-F-150x150.jpg",150,150,true],"medium":["https:\/\/rms-enlinea.com.ar\/wp-content\/uploads\/2025\/06\/D_677061-MLA82560113273_022025-F-230x300.jpg",230,300,true],"medium_large":["https:\/\/rms-enlinea.com.ar\/wp-content\/uploads\/2025\/06\/D_677061-MLA82560113273_022025-F-768x1002.jpg",768,1002,true],"large":["https:\/\/rms-enlinea.com.ar\/wp-content\/uploads\/2025\/06\/D_677061-MLA82560113273_022025-F-785x1024.jpg",785,1024,true],"1536x1536":["https:\/\/rms-enlinea.com.ar\/wp-content\/uploads\/2025\/06\/D_677061-MLA82560113273_022025-F.jpg",920,1200,false],"2048x2048":["https:\/\/rms-enlinea.com.ar\/wp-content\/uploads\/2025\/06\/D_677061-MLA82560113273_022025-F.jpg",920,1200,false],"woocommerce_thumbnail":["https:\/\/rms-enlinea.com.ar\/wp-content\/uploads\/2025\/06\/D_677061-MLA82560113273_022025-F-450x450.jpg",450,450,true],"woocommerce_single":["https:\/\/rms-enlinea.com.ar\/wp-content\/uploads\/2025\/06\/D_677061-MLA82560113273_022025-F-600x783.jpg",600,783,true],"woocommerce_gallery_thumbnail":["https:\/\/rms-enlinea.com.ar\/wp-content\/uploads\/2025\/06\/D_677061-MLA82560113273_022025-F-100x100.jpg",100,100,true]},"uagb_author_info":{"display_name":"nelson","author_link":"https:\/\/rms-enlinea.com.ar\/tienda\/author\/"},"uagb_comment_info":0,"uagb_excerpt":"Conectividad Bluetooth 5.3 Potencia total de salida (W) 5 W Alcance de operaci\u00f3n Bluetooth 10 m Rango de respuesta de frecuencia 180Hz-15KHz Micr\u00f3fono incorporado S\u00ed Tiempo de carga 2.5 horas AUX-in S\u00ed Capacidad de la bater\u00eda incorporada 3.7V \/ 1200mAh","_links":{"self":[{"href":"https:\/\/rms-enlinea.com.ar\/tienda\/wp-json\/wp\/v2\/product\/51930","targetHints":{"allow":["GET"]}}],"collection":[{"href":"https:\/\/rms-enlinea.com.ar\/tienda\/wp-json\/wp\/v2\/product"}],"about":[{"href":"https:\/\/rms-enlinea.com.ar\/tienda\/wp-json\/wp\/v2\/types\/product"}],"replies":[{"embeddable":true,"href":"https:\/\/rms-enlinea.com.ar\/tienda\/wp-json\/wp\/v2\/comments?post=51930"}],"wp:featuredmedia":[{"embeddable":true,"href":"https:\/\/rms-enlinea.com.ar\/tienda\/wp-json\/wp\/v2\/media\/32695"}],"wp:attachment":[{"href":"https:\/\/rms-enlinea.com.ar\/tienda\/wp-json\/wp\/v2\/media?parent=51930"}],"wp:term":[{"taxonomy":"product_brand","embeddable":true,"href":"https:\/\/rms-enlinea.com.ar\/tienda\/wp-json\/wp\/v2\/product_brand?post=51930"},{"taxonomy":"product_cat","embeddable":true,"href":"https:\/\/rms-enlinea.com.ar\/tienda\/wp-json\/wp\/v2\/product_cat?post=51930"},{"taxonomy":"product_tag","embeddable":true,"href":"https:\/\/rms-enlinea.com.ar\/tienda\/wp-json\/wp\/v2\/product_tag?post=51930"}],"curies":[{"name":"wp","href":"https:\/\/api.w.org\/{rel}","templated":true}]}}