{"id":51984,"date":"2025-07-24T18:40:14","date_gmt":"2025-07-24T21:40:14","guid":{"rendered":"https:\/\/rms-enlinea.com.ar\/tienda\/producto\/cajon-peruano-super-agile-schlagwerk-cp585-capuccino\/"},"modified":"2026-03-31T18:14:09","modified_gmt":"2026-03-31T21:14:09","slug":"cajon-peruano-super-agile-schlagwerk-cp585-capuccino","status":"publish","type":"product","link":"https:\/\/rms-enlinea.com.ar\/tienda\/producto\/cajon-peruano-super-agile-schlagwerk-cp585-capuccino\/","title":{"rendered":"Cajon Peruano Super Agile Schlagwerk Cp585 Capuccino"},"content":{"rendered":"<p>Superficie de juego: Chapa de dise\u00f1o capuchino<br \/>Caja de resonancia: 8 capas de abedul<br \/>T\u00e9cnica \u00e1gil de cuerdas y caja<br \/>Medidas: aprox. 30 x 30 x 50 cm<br \/>Componentes premium para el mejor sonido y la mejor calidad.<br \/>Agradable tacto<\/p>\n","protected":false},"excerpt":{"rendered":"<p>Superficie de juego: Chapa de dise\u00f1o capuchinoCaja de resonancia: 8 capas de abedulT\u00e9cnica \u00e1gil de cuerdas y cajaMedidas: aprox. 30 x 30 x 50 cmComponentes premium para el mejor sonido y la mejor calidad.Agradable tacto<\/p>\n","protected":false},"featured_media":51985,"comment_status":"open","ping_status":"closed","template":"","meta":{"_uag_custom_page_level_css":""},"product_brand":[601],"product_cat":[603],"product_tag":[],"class_list":{"0":"post-51984","1":"product","2":"type-product","3":"status-publish","4":"has-post-thumbnail","6":"product_brand-schlagwerk","7":"product_cat-cajones","9":"first","10":"outofstock","11":"sale","12":"taxable","13":"shipping-taxable","14":"purchasable","15":"product-type-simple"},"uagb_featured_image_src":{"full":["https:\/\/rms-enlinea.com.ar\/wp-content\/uploads\/2025\/07\/D_907479-MLA88240110272_072025-F.jpg",926,1200,false],"thumbnail":["https:\/\/rms-enlinea.com.ar\/wp-content\/uploads\/2025\/07\/D_907479-MLA88240110272_072025-F-150x150.jpg",150,150,true],"medium":["https:\/\/rms-enlinea.com.ar\/wp-content\/uploads\/2025\/07\/D_907479-MLA88240110272_072025-F-232x300.jpg",232,300,true],"medium_large":["https:\/\/rms-enlinea.com.ar\/wp-content\/uploads\/2025\/07\/D_907479-MLA88240110272_072025-F-768x995.jpg",768,995,true],"large":["https:\/\/rms-enlinea.com.ar\/wp-content\/uploads\/2025\/07\/D_907479-MLA88240110272_072025-F-790x1024.jpg",790,1024,true],"1536x1536":["https:\/\/rms-enlinea.com.ar\/wp-content\/uploads\/2025\/07\/D_907479-MLA88240110272_072025-F.jpg",926,1200,false],"2048x2048":["https:\/\/rms-enlinea.com.ar\/wp-content\/uploads\/2025\/07\/D_907479-MLA88240110272_072025-F.jpg",926,1200,false],"woocommerce_thumbnail":["https:\/\/rms-enlinea.com.ar\/wp-content\/uploads\/2025\/07\/D_907479-MLA88240110272_072025-F-450x450.jpg",450,450,true],"woocommerce_single":["https:\/\/rms-enlinea.com.ar\/wp-content\/uploads\/2025\/07\/D_907479-MLA88240110272_072025-F-600x778.jpg",600,778,true],"woocommerce_gallery_thumbnail":["https:\/\/rms-enlinea.com.ar\/wp-content\/uploads\/2025\/07\/D_907479-MLA88240110272_072025-F-100x100.jpg",100,100,true]},"uagb_author_info":{"display_name":"mario","author_link":"https:\/\/rms-enlinea.com.ar\/tienda\/author\/"},"uagb_comment_info":0,"uagb_excerpt":"Superficie de juego: Chapa de dise\u00f1o capuchinoCaja de resonancia: 8 capas de abedulT\u00e9cnica \u00e1gil de cuerdas y cajaMedidas: aprox. 30 x 30 x 50 cmComponentes premium para el mejor sonido y la mejor calidad.Agradable tacto","_links":{"self":[{"href":"https:\/\/rms-enlinea.com.ar\/tienda\/wp-json\/wp\/v2\/product\/51984","targetHints":{"allow":["GET"]}}],"collection":[{"href":"https:\/\/rms-enlinea.com.ar\/tienda\/wp-json\/wp\/v2\/product"}],"about":[{"href":"https:\/\/rms-enlinea.com.ar\/tienda\/wp-json\/wp\/v2\/types\/product"}],"replies":[{"embeddable":true,"href":"https:\/\/rms-enlinea.com.ar\/tienda\/wp-json\/wp\/v2\/comments?post=51984"}],"wp:featuredmedia":[{"embeddable":true,"href":"https:\/\/rms-enlinea.com.ar\/tienda\/wp-json\/wp\/v2\/media\/51985"}],"wp:attachment":[{"href":"https:\/\/rms-enlinea.com.ar\/tienda\/wp-json\/wp\/v2\/media?parent=51984"}],"wp:term":[{"taxonomy":"product_brand","embeddable":true,"href":"https:\/\/rms-enlinea.com.ar\/tienda\/wp-json\/wp\/v2\/product_brand?post=51984"},{"taxonomy":"product_cat","embeddable":true,"href":"https:\/\/rms-enlinea.com.ar\/tienda\/wp-json\/wp\/v2\/product_cat?post=51984"},{"taxonomy":"product_tag","embeddable":true,"href":"https:\/\/rms-enlinea.com.ar\/tienda\/wp-json\/wp\/v2\/product_tag?post=51984"}],"curies":[{"name":"wp","href":"https:\/\/api.w.org\/{rel}","templated":true}]}}