{"id":51990,"date":"2025-07-24T22:00:07","date_gmt":"2025-07-25T01:00:07","guid":{"rendered":"https:\/\/rms-enlinea.com.ar\/tienda\/producto\/cajon-mini-cajonito-surprise-schlagwerk-dc300s\/"},"modified":"2026-04-21T06:46:07","modified_gmt":"2026-04-21T09:46:07","slug":"cajon-mini-cajonito-surprise-schlagwerk-dc300s","status":"publish","type":"product","link":"https:\/\/rms-enlinea.com.ar\/tienda\/producto\/cajon-mini-cajonito-surprise-schlagwerk-dc300s\/","title":{"rendered":"Cajon Mini Cajonito Surprise Schlagwerk Dc300s"},"content":{"rendered":"<p>Peque\u00f1o y sensacional: es incre\u00edble la cantidad de variaciones de sonido que ofrece esta peque\u00f1a alternativa al caj\u00f3n. Una superficie de apoyo con sonido de quinto y otra con sonido de caja, sin mencionar su incre\u00edble sustancia. Adem\u00e1s, cuenta con los marcos que, con la t\u00e9cnica correcta de los dedos, producen ritmos acentuados. Este tesoro se completa con una boca que invita a los efectos de &#8220;wah-wah&#8221;.<\/p>\n<p>Superficie de juego: chapas variadas (Sorpresa)<br \/>Cuerpo: Gab\u00f3n \/ SPL<br \/>Medidas: aprox. 29,5 x 21 x 15 cm<br \/>Jugable en ambos lados<br \/>Sonido 1: Caja Schlagwerk<br \/>Sonido 2: Quintosound asertivo<br \/>Con almohadilla de amortiguaci\u00f3n integrada<br \/>Sus dimensiones externas compactas lo convierten en un instrumento ideal para viajar.<\/p>\n","protected":false},"excerpt":{"rendered":"<p>Peque\u00f1o y sensacional: es incre\u00edble la cantidad de variaciones de sonido que ofrece esta peque\u00f1a alternativa al caj\u00f3n. Una superficie de apoyo con sonido de quinto y otra con sonido de caja, sin mencionar su incre\u00edble sustancia. Adem\u00e1s, cuenta con los marcos que, con la t\u00e9cnica correcta de los dedos, producen ritmos acentuados. Este tesoro [&hellip;]<\/p>\n","protected":false},"featured_media":51991,"comment_status":"open","ping_status":"closed","template":"","meta":{"_uag_custom_page_level_css":""},"product_brand":[601],"product_cat":[603],"product_tag":[],"class_list":{"0":"post-51990","1":"product","2":"type-product","3":"status-publish","4":"has-post-thumbnail","6":"product_brand-schlagwerk","7":"product_cat-cajones","9":"first","10":"outofstock","11":"sale","12":"taxable","13":"shipping-taxable","14":"purchasable","15":"product-type-simple"},"uagb_featured_image_src":{"full":["https:\/\/rms-enlinea.com.ar\/wp-content\/uploads\/2025\/07\/D_891637-MLA88590700927_072025-F.jpg",486,406,false],"thumbnail":["https:\/\/rms-enlinea.com.ar\/wp-content\/uploads\/2025\/07\/D_891637-MLA88590700927_072025-F-150x150.jpg",150,150,true],"medium":["https:\/\/rms-enlinea.com.ar\/wp-content\/uploads\/2025\/07\/D_891637-MLA88590700927_072025-F-300x251.jpg",300,251,true],"medium_large":["https:\/\/rms-enlinea.com.ar\/wp-content\/uploads\/2025\/07\/D_891637-MLA88590700927_072025-F.jpg",486,406,false],"large":["https:\/\/rms-enlinea.com.ar\/wp-content\/uploads\/2025\/07\/D_891637-MLA88590700927_072025-F.jpg",486,406,false],"1536x1536":["https:\/\/rms-enlinea.com.ar\/wp-content\/uploads\/2025\/07\/D_891637-MLA88590700927_072025-F.jpg",486,406,false],"2048x2048":["https:\/\/rms-enlinea.com.ar\/wp-content\/uploads\/2025\/07\/D_891637-MLA88590700927_072025-F.jpg",486,406,false],"woocommerce_thumbnail":["https:\/\/rms-enlinea.com.ar\/wp-content\/uploads\/2025\/07\/D_891637-MLA88590700927_072025-F-450x406.jpg",450,406,true],"woocommerce_single":["https:\/\/rms-enlinea.com.ar\/wp-content\/uploads\/2025\/07\/D_891637-MLA88590700927_072025-F.jpg",486,406,false],"woocommerce_gallery_thumbnail":["https:\/\/rms-enlinea.com.ar\/wp-content\/uploads\/2025\/07\/D_891637-MLA88590700927_072025-F-100x100.jpg",100,100,true]},"uagb_author_info":{"display_name":"mario","author_link":"https:\/\/rms-enlinea.com.ar\/tienda\/author\/"},"uagb_comment_info":0,"uagb_excerpt":"Peque\u00f1o y sensacional: es incre\u00edble la cantidad de variaciones de sonido que ofrece esta peque\u00f1a alternativa al caj\u00f3n. Una superficie de apoyo con sonido de quinto y otra con sonido de caja, sin mencionar su incre\u00edble sustancia. Adem\u00e1s, cuenta con los marcos que, con la t\u00e9cnica correcta de los dedos, producen ritmos acentuados. Este tesoro&hellip;","_links":{"self":[{"href":"https:\/\/rms-enlinea.com.ar\/tienda\/wp-json\/wp\/v2\/product\/51990","targetHints":{"allow":["GET"]}}],"collection":[{"href":"https:\/\/rms-enlinea.com.ar\/tienda\/wp-json\/wp\/v2\/product"}],"about":[{"href":"https:\/\/rms-enlinea.com.ar\/tienda\/wp-json\/wp\/v2\/types\/product"}],"replies":[{"embeddable":true,"href":"https:\/\/rms-enlinea.com.ar\/tienda\/wp-json\/wp\/v2\/comments?post=51990"}],"wp:featuredmedia":[{"embeddable":true,"href":"https:\/\/rms-enlinea.com.ar\/tienda\/wp-json\/wp\/v2\/media\/51991"}],"wp:attachment":[{"href":"https:\/\/rms-enlinea.com.ar\/tienda\/wp-json\/wp\/v2\/media?parent=51990"}],"wp:term":[{"taxonomy":"product_brand","embeddable":true,"href":"https:\/\/rms-enlinea.com.ar\/tienda\/wp-json\/wp\/v2\/product_brand?post=51990"},{"taxonomy":"product_cat","embeddable":true,"href":"https:\/\/rms-enlinea.com.ar\/tienda\/wp-json\/wp\/v2\/product_cat?post=51990"},{"taxonomy":"product_tag","embeddable":true,"href":"https:\/\/rms-enlinea.com.ar\/tienda\/wp-json\/wp\/v2\/product_tag?post=51990"}],"curies":[{"name":"wp","href":"https:\/\/api.w.org\/{rel}","templated":true}]}}