{"id":52006,"date":"2025-07-25T10:30:57","date_gmt":"2025-07-25T13:30:57","guid":{"rendered":"https:\/\/rms-enlinea.com.ar\/tienda\/producto\/adaptador-usb-wifi-5-ac1200-dual-band-d-link-dwa-185\/"},"modified":"2026-04-13T05:20:23","modified_gmt":"2026-04-13T08:20:23","slug":"adaptador-usb-wifi-5-ac1200-dual-band-d-link-dwa-185","status":"publish","type":"product","link":"https:\/\/rms-enlinea.com.ar\/tienda\/producto\/adaptador-usb-wifi-5-ac1200-dual-band-d-link-dwa-185\/","title":{"rendered":"Adaptador Usb Wifi 5 Ac1200 Dual Band D-link Dwa-185"},"content":{"rendered":"<p>Est\u00e1ndar inal\u00e1mbrico AC de alta velocidad.<br \/>Soporta tecnolog\u00eda de Dual Band de 2,4 Ghz (300Mbps) y 5 Ghz (hasta 867 Mbps).<br \/>Soporta USB 3.0.<br \/>Compatible con dispositivos inal\u00e1mbricos existentes.<br \/>Antena desmontable de 5dBi mejor recepci\u00f3n en zonas alejadas.<\/p>\n","protected":false},"excerpt":{"rendered":"<p>Est\u00e1ndar inal\u00e1mbrico AC de alta velocidad.Soporta tecnolog\u00eda de Dual Band de 2,4 Ghz (300Mbps) y 5 Ghz (hasta 867 Mbps).Soporta USB 3.0.Compatible con dispositivos inal\u00e1mbricos existentes.Antena desmontable de 5dBi mejor recepci\u00f3n en zonas alejadas.<\/p>\n","protected":false},"featured_media":41026,"comment_status":"open","ping_status":"closed","template":"","meta":{"_uag_custom_page_level_css":""},"product_brand":[547],"product_cat":[122],"product_tag":[],"class_list":{"0":"post-52006","1":"product","2":"type-product","3":"status-publish","4":"has-post-thumbnail","6":"product_brand-dlink","7":"product_cat-redes-y-conectividad","9":"first","10":"instock","11":"sale","12":"taxable","13":"shipping-taxable","14":"purchasable","15":"product-type-simple"},"uagb_featured_image_src":{"full":["https:\/\/rms-enlinea.com.ar\/wp-content\/uploads\/2025\/06\/D_674847-MLA82751303534_032025-F.jpg",482,1200,false],"thumbnail":["https:\/\/rms-enlinea.com.ar\/wp-content\/uploads\/2025\/06\/D_674847-MLA82751303534_032025-F-150x150.jpg",150,150,true],"medium":["https:\/\/rms-enlinea.com.ar\/wp-content\/uploads\/2025\/06\/D_674847-MLA82751303534_032025-F-121x300.jpg",121,300,true],"medium_large":["https:\/\/rms-enlinea.com.ar\/wp-content\/uploads\/2025\/06\/D_674847-MLA82751303534_032025-F.jpg",482,1200,false],"large":["https:\/\/rms-enlinea.com.ar\/wp-content\/uploads\/2025\/06\/D_674847-MLA82751303534_032025-F-411x1024.jpg",411,1024,true],"1536x1536":["https:\/\/rms-enlinea.com.ar\/wp-content\/uploads\/2025\/06\/D_674847-MLA82751303534_032025-F.jpg",482,1200,false],"2048x2048":["https:\/\/rms-enlinea.com.ar\/wp-content\/uploads\/2025\/06\/D_674847-MLA82751303534_032025-F.jpg",482,1200,false],"woocommerce_thumbnail":["https:\/\/rms-enlinea.com.ar\/wp-content\/uploads\/2025\/06\/D_674847-MLA82751303534_032025-F-450x450.jpg",450,450,true],"woocommerce_single":["https:\/\/rms-enlinea.com.ar\/wp-content\/uploads\/2025\/06\/D_674847-MLA82751303534_032025-F.jpg",482,1200,false],"woocommerce_gallery_thumbnail":["https:\/\/rms-enlinea.com.ar\/wp-content\/uploads\/2025\/06\/D_674847-MLA82751303534_032025-F-100x100.jpg",100,100,true]},"uagb_author_info":{"display_name":"nelson","author_link":"https:\/\/rms-enlinea.com.ar\/tienda\/author\/"},"uagb_comment_info":0,"uagb_excerpt":"Est\u00e1ndar inal\u00e1mbrico AC de alta velocidad.Soporta tecnolog\u00eda de Dual Band de 2,4 Ghz (300Mbps) y 5 Ghz (hasta 867 Mbps).Soporta USB 3.0.Compatible con dispositivos inal\u00e1mbricos existentes.Antena desmontable de 5dBi mejor recepci\u00f3n en zonas alejadas.","_links":{"self":[{"href":"https:\/\/rms-enlinea.com.ar\/tienda\/wp-json\/wp\/v2\/product\/52006","targetHints":{"allow":["GET"]}}],"collection":[{"href":"https:\/\/rms-enlinea.com.ar\/tienda\/wp-json\/wp\/v2\/product"}],"about":[{"href":"https:\/\/rms-enlinea.com.ar\/tienda\/wp-json\/wp\/v2\/types\/product"}],"replies":[{"embeddable":true,"href":"https:\/\/rms-enlinea.com.ar\/tienda\/wp-json\/wp\/v2\/comments?post=52006"}],"wp:featuredmedia":[{"embeddable":true,"href":"https:\/\/rms-enlinea.com.ar\/tienda\/wp-json\/wp\/v2\/media\/41026"}],"wp:attachment":[{"href":"https:\/\/rms-enlinea.com.ar\/tienda\/wp-json\/wp\/v2\/media?parent=52006"}],"wp:term":[{"taxonomy":"product_brand","embeddable":true,"href":"https:\/\/rms-enlinea.com.ar\/tienda\/wp-json\/wp\/v2\/product_brand?post=52006"},{"taxonomy":"product_cat","embeddable":true,"href":"https:\/\/rms-enlinea.com.ar\/tienda\/wp-json\/wp\/v2\/product_cat?post=52006"},{"taxonomy":"product_tag","embeddable":true,"href":"https:\/\/rms-enlinea.com.ar\/tienda\/wp-json\/wp\/v2\/product_tag?post=52006"}],"curies":[{"name":"wp","href":"https:\/\/api.w.org\/{rel}","templated":true}]}}