{"id":52011,"date":"2025-07-25T10:41:12","date_gmt":"2025-07-25T13:41:12","guid":{"rendered":"https:\/\/rms-enlinea.com.ar\/tienda\/producto\/placa-de-red-wifi-pci-e-wifi-4-n300-2-antenas-d-link-dwa-548\/"},"modified":"2026-04-18T18:00:13","modified_gmt":"2026-04-18T21:00:13","slug":"placa-de-red-wifi-pci-e-wifi-4-n300-2-antenas-d-link-dwa-548","status":"publish","type":"product","link":"https:\/\/rms-enlinea.com.ar\/tienda\/producto\/placa-de-red-wifi-pci-e-wifi-4-n300-2-antenas-d-link-dwa-548\/","title":{"rendered":"Placa De Red Wifi Pci-e Wifi 4 N300 2 Antenas D-link Dwa-548"},"content":{"rendered":"<p>Los beneficios de PCI Express<br \/>PCI Express proporciona una conexi\u00f3n de gran ancho de banda con un rendimiento superior en comparaci\u00f3n con la interfaz PCI heredada. Puede conectar el adaptador de escritorio inal\u00e1mbrico N 300 PCI Express a cualquier ranura PCIe de su computadora, ya sea una ranura x1, x4, x8 o x16.<br \/>Con\u00e9ctate y mantente conectado<br \/>Alimentado por la tecnolog\u00eda Wireless N, este adaptador brinda conectividad inal\u00e1mbrica de alto rendimiento. El DWA-548 est\u00e1 dise\u00f1ado para su uso en hogares m\u00e1s grandes y para usuarios que demandan un mayor rendimiento de red. Maximice su rendimiento inal\u00e1mbrico conectando este adaptador a un enrutador inal\u00e1mbrico N y mant\u00e9ngase conectado desde pr\u00e1cticamente cualquier lugar de su hogar. El DWA-548 tambi\u00e9n es compatible con las tecnolog\u00edas 802.11gy 802.11b. Este adaptador admite WPA y WPA2 que le permiten conectarse de forma segura a una red inal\u00e1mbrica.<br \/>F\u00e1cil de configurar y utilizar<br \/>Un asistente de configuraci\u00f3n r\u00e1pida gu\u00eda a los usuarios a trav\u00e9s de un proceso de instalaci\u00f3n simplificado para que pueda configurar este adaptador sin tener que llamar a un experto en redes para obtener ayuda. El software Wireless Manager se incluye con este producto para realizar un seguimiento de las redes a las que se accede con mayor frecuencia. Con un rendimiento inal\u00e1mbrico incre\u00edble, recepci\u00f3n y seguridad, este adaptador es una excelente opci\u00f3n para agregar o actualizar f\u00e1cilmente la conectividad inal\u00e1mbrica a computadoras de escritorio.<\/p>\n","protected":false},"excerpt":{"rendered":"<p>Los beneficios de PCI ExpressPCI Express proporciona una conexi\u00f3n de gran ancho de banda con un rendimiento superior en comparaci\u00f3n con la interfaz PCI heredada. Puede conectar el adaptador de escritorio inal\u00e1mbrico N 300 PCI Express a cualquier ranura PCIe de su computadora, ya sea una ranura x1, x4, x8 o x16.Con\u00e9ctate y mantente conectadoAlimentado [&hellip;]<\/p>\n","protected":false},"featured_media":41442,"comment_status":"open","ping_status":"closed","template":"","meta":{"_uag_custom_page_level_css":""},"product_brand":[547],"product_cat":[122],"product_tag":[],"class_list":{"0":"post-52011","1":"product","2":"type-product","3":"status-publish","4":"has-post-thumbnail","6":"product_brand-dlink","7":"product_cat-redes-y-conectividad","9":"first","10":"instock","11":"sale","12":"taxable","13":"shipping-taxable","14":"purchasable","15":"product-type-simple"},"uagb_featured_image_src":{"full":["https:\/\/rms-enlinea.com.ar\/wp-content\/uploads\/2025\/06\/D_639636-MLU69364762467_052023-F.jpg",500,423,false],"thumbnail":["https:\/\/rms-enlinea.com.ar\/wp-content\/uploads\/2025\/06\/D_639636-MLU69364762467_052023-F-150x150.jpg",150,150,true],"medium":["https:\/\/rms-enlinea.com.ar\/wp-content\/uploads\/2025\/06\/D_639636-MLU69364762467_052023-F-300x254.jpg",300,254,true],"medium_large":["https:\/\/rms-enlinea.com.ar\/wp-content\/uploads\/2025\/06\/D_639636-MLU69364762467_052023-F.jpg",500,423,false],"large":["https:\/\/rms-enlinea.com.ar\/wp-content\/uploads\/2025\/06\/D_639636-MLU69364762467_052023-F.jpg",500,423,false],"1536x1536":["https:\/\/rms-enlinea.com.ar\/wp-content\/uploads\/2025\/06\/D_639636-MLU69364762467_052023-F.jpg",500,423,false],"2048x2048":["https:\/\/rms-enlinea.com.ar\/wp-content\/uploads\/2025\/06\/D_639636-MLU69364762467_052023-F.jpg",500,423,false],"woocommerce_thumbnail":["https:\/\/rms-enlinea.com.ar\/wp-content\/uploads\/2025\/06\/D_639636-MLU69364762467_052023-F-450x423.jpg",450,423,true],"woocommerce_single":["https:\/\/rms-enlinea.com.ar\/wp-content\/uploads\/2025\/06\/D_639636-MLU69364762467_052023-F.jpg",500,423,false],"woocommerce_gallery_thumbnail":["https:\/\/rms-enlinea.com.ar\/wp-content\/uploads\/2025\/06\/D_639636-MLU69364762467_052023-F-100x100.jpg",100,100,true]},"uagb_author_info":{"display_name":"nelson","author_link":"https:\/\/rms-enlinea.com.ar\/tienda\/author\/"},"uagb_comment_info":0,"uagb_excerpt":"Los beneficios de PCI ExpressPCI Express proporciona una conexi\u00f3n de gran ancho de banda con un rendimiento superior en comparaci\u00f3n con la interfaz PCI heredada. Puede conectar el adaptador de escritorio inal\u00e1mbrico N 300 PCI Express a cualquier ranura PCIe de su computadora, ya sea una ranura x1, x4, x8 o x16.Con\u00e9ctate y mantente conectadoAlimentado&hellip;","_links":{"self":[{"href":"https:\/\/rms-enlinea.com.ar\/tienda\/wp-json\/wp\/v2\/product\/52011","targetHints":{"allow":["GET"]}}],"collection":[{"href":"https:\/\/rms-enlinea.com.ar\/tienda\/wp-json\/wp\/v2\/product"}],"about":[{"href":"https:\/\/rms-enlinea.com.ar\/tienda\/wp-json\/wp\/v2\/types\/product"}],"replies":[{"embeddable":true,"href":"https:\/\/rms-enlinea.com.ar\/tienda\/wp-json\/wp\/v2\/comments?post=52011"}],"wp:featuredmedia":[{"embeddable":true,"href":"https:\/\/rms-enlinea.com.ar\/tienda\/wp-json\/wp\/v2\/media\/41442"}],"wp:attachment":[{"href":"https:\/\/rms-enlinea.com.ar\/tienda\/wp-json\/wp\/v2\/media?parent=52011"}],"wp:term":[{"taxonomy":"product_brand","embeddable":true,"href":"https:\/\/rms-enlinea.com.ar\/tienda\/wp-json\/wp\/v2\/product_brand?post=52011"},{"taxonomy":"product_cat","embeddable":true,"href":"https:\/\/rms-enlinea.com.ar\/tienda\/wp-json\/wp\/v2\/product_cat?post=52011"},{"taxonomy":"product_tag","embeddable":true,"href":"https:\/\/rms-enlinea.com.ar\/tienda\/wp-json\/wp\/v2\/product_tag?post=52011"}],"curies":[{"name":"wp","href":"https:\/\/api.w.org\/{rel}","templated":true}]}}