{"id":52015,"date":"2025-07-25T13:00:08","date_gmt":"2025-07-25T16:00:08","guid":{"rendered":"https:\/\/rms-enlinea.com.ar\/tienda\/producto\/placa-adicional-cajon-peruano-split-hand-schlagwerk-hp75\/"},"modified":"2026-03-31T17:11:31","modified_gmt":"2026-03-31T20:11:31","slug":"placa-adicional-cajon-peruano-split-hand-schlagwerk-hp75","status":"publish","type":"product","link":"https:\/\/rms-enlinea.com.ar\/tienda\/producto\/placa-adicional-cajon-peruano-split-hand-schlagwerk-hp75\/","title":{"rendered":"Placa Adicional Cajon Peruano Split Hand Schlagwerk Hp75"},"content":{"rendered":"<p>Extensi\u00f3n de mano dividida Schlagwerk HP-75.<\/p>\n<p>Esta eficaz extensi\u00f3n de baqueta proporciona una mayor superficie de toque para la mano. Perfecta para t\u00e9cnicas de mano dividida.<\/p>\n<p>\u2022 Material: Abedul<br \/>\u2022 Dimensiones: 90 x 50 x 5 mm<br \/>\u2022 Compatible con HECK75 y SET75<\/p>\n","protected":false},"excerpt":{"rendered":"<p>Extensi\u00f3n de mano dividida Schlagwerk HP-75. Esta eficaz extensi\u00f3n de baqueta proporciona una mayor superficie de toque para la mano. Perfecta para t\u00e9cnicas de mano dividida. \u2022 Material: Abedul\u2022 Dimensiones: 90 x 50 x 5 mm\u2022 Compatible con HECK75 y SET75<\/p>\n","protected":false},"featured_media":52016,"comment_status":"open","ping_status":"closed","template":"","meta":{"_uag_custom_page_level_css":""},"product_brand":[601],"product_cat":[603],"product_tag":[],"class_list":{"0":"post-52015","1":"product","2":"type-product","3":"status-publish","4":"has-post-thumbnail","6":"product_brand-schlagwerk","7":"product_cat-cajones","9":"first","10":"outofstock","11":"sale","12":"taxable","13":"shipping-taxable","14":"purchasable","15":"product-type-simple"},"uagb_featured_image_src":{"full":["https:\/\/rms-enlinea.com.ar\/wp-content\/uploads\/2025\/07\/D_983162-MLA88632588407_072025-F.jpg",1006,846,false],"thumbnail":["https:\/\/rms-enlinea.com.ar\/wp-content\/uploads\/2025\/07\/D_983162-MLA88632588407_072025-F-150x150.jpg",150,150,true],"medium":["https:\/\/rms-enlinea.com.ar\/wp-content\/uploads\/2025\/07\/D_983162-MLA88632588407_072025-F-300x252.jpg",300,252,true],"medium_large":["https:\/\/rms-enlinea.com.ar\/wp-content\/uploads\/2025\/07\/D_983162-MLA88632588407_072025-F-768x646.jpg",768,646,true],"large":["https:\/\/rms-enlinea.com.ar\/wp-content\/uploads\/2025\/07\/D_983162-MLA88632588407_072025-F.jpg",1006,846,false],"1536x1536":["https:\/\/rms-enlinea.com.ar\/wp-content\/uploads\/2025\/07\/D_983162-MLA88632588407_072025-F.jpg",1006,846,false],"2048x2048":["https:\/\/rms-enlinea.com.ar\/wp-content\/uploads\/2025\/07\/D_983162-MLA88632588407_072025-F.jpg",1006,846,false],"woocommerce_thumbnail":["https:\/\/rms-enlinea.com.ar\/wp-content\/uploads\/2025\/07\/D_983162-MLA88632588407_072025-F-450x450.jpg",450,450,true],"woocommerce_single":["https:\/\/rms-enlinea.com.ar\/wp-content\/uploads\/2025\/07\/D_983162-MLA88632588407_072025-F-600x505.jpg",600,505,true],"woocommerce_gallery_thumbnail":["https:\/\/rms-enlinea.com.ar\/wp-content\/uploads\/2025\/07\/D_983162-MLA88632588407_072025-F-100x100.jpg",100,100,true]},"uagb_author_info":{"display_name":"nelson","author_link":"https:\/\/rms-enlinea.com.ar\/tienda\/author\/"},"uagb_comment_info":0,"uagb_excerpt":"Extensi\u00f3n de mano dividida Schlagwerk HP-75. Esta eficaz extensi\u00f3n de baqueta proporciona una mayor superficie de toque para la mano. Perfecta para t\u00e9cnicas de mano dividida. \u2022 Material: Abedul\u2022 Dimensiones: 90 x 50 x 5 mm\u2022 Compatible con HECK75 y SET75","_links":{"self":[{"href":"https:\/\/rms-enlinea.com.ar\/tienda\/wp-json\/wp\/v2\/product\/52015","targetHints":{"allow":["GET"]}}],"collection":[{"href":"https:\/\/rms-enlinea.com.ar\/tienda\/wp-json\/wp\/v2\/product"}],"about":[{"href":"https:\/\/rms-enlinea.com.ar\/tienda\/wp-json\/wp\/v2\/types\/product"}],"replies":[{"embeddable":true,"href":"https:\/\/rms-enlinea.com.ar\/tienda\/wp-json\/wp\/v2\/comments?post=52015"}],"wp:featuredmedia":[{"embeddable":true,"href":"https:\/\/rms-enlinea.com.ar\/tienda\/wp-json\/wp\/v2\/media\/52016"}],"wp:attachment":[{"href":"https:\/\/rms-enlinea.com.ar\/tienda\/wp-json\/wp\/v2\/media?parent=52015"}],"wp:term":[{"taxonomy":"product_brand","embeddable":true,"href":"https:\/\/rms-enlinea.com.ar\/tienda\/wp-json\/wp\/v2\/product_brand?post=52015"},{"taxonomy":"product_cat","embeddable":true,"href":"https:\/\/rms-enlinea.com.ar\/tienda\/wp-json\/wp\/v2\/product_cat?post=52015"},{"taxonomy":"product_tag","embeddable":true,"href":"https:\/\/rms-enlinea.com.ar\/tienda\/wp-json\/wp\/v2\/product_tag?post=52015"}],"curies":[{"name":"wp","href":"https:\/\/api.w.org\/{rel}","templated":true}]}}