{"id":52024,"date":"2025-07-25T15:00:19","date_gmt":"2025-07-25T18:00:19","guid":{"rendered":"https:\/\/rms-enlinea.com.ar\/tienda\/producto\/kit-x-8-angulo-l-25mm-acero-para-rack-anvil-xpro-jk4-t171b\/"},"modified":"2026-04-16T23:30:25","modified_gmt":"2026-04-17T02:30:25","slug":"kit-x-8-angulo-l-25mm-acero-para-rack-anvil-xpro-jk4-t171b","status":"publish","type":"product","link":"https:\/\/rms-enlinea.com.ar\/tienda\/producto\/kit-x-8-angulo-l-25mm-acero-para-rack-anvil-xpro-jk4-t171b\/","title":{"rendered":"Kit X 8 Angulo L 25mm Acero Para Rack Anvil Xpro Jk4 T171b"},"content":{"rendered":"<p>TIPO DE PRODUCTO: ESQUINAS EN L<br \/>\nMATERIAL: ACERO<br \/>\nSUPERFICIE GALVANIZADO<br \/>\nCOLOR PLATEADO<br \/>\nESPESOR 1,2 MM<br \/>\n\u00d8 ORIFICIOS DE MONTAJE 5,1 MM<br \/>\nN\u00daMERO DE PATAS 2<br \/>\nN\u00daMERO DE ORIFICIOS DE MONTAJE 4<br \/>\nPASO PERFIL NO<br \/>\nALTURA 25 MM<br \/>\nTAMA\u00d1O DE PATAS 37 MM<br \/>\nPESO 0,015 KG<\/p>\n","protected":false},"excerpt":{"rendered":"<p>TIPO DE PRODUCTO: ESQUINAS EN L MATERIAL: ACERO SUPERFICIE GALVANIZADO COLOR PLATEADO ESPESOR 1,2 MM \u00d8 ORIFICIOS DE MONTAJE 5,1 MM N\u00daMERO DE PATAS 2 N\u00daMERO DE ORIFICIOS DE MONTAJE 4 PASO PERFIL NO ALTURA 25 MM TAMA\u00d1O DE PATAS 37 MM PESO 0,015 KG<\/p>\n","protected":false},"featured_media":5261,"comment_status":"open","ping_status":"closed","template":"","meta":{"_uag_custom_page_level_css":""},"product_brand":[528,472],"product_cat":[34],"product_tag":[],"class_list":{"0":"post-52024","1":"product","2":"type-product","3":"status-publish","4":"has-post-thumbnail","6":"product_brand-jk4","7":"product_brand-xpro","8":"product_cat-angulos-y-clamps","10":"first","11":"instock","12":"sale","13":"taxable","14":"shipping-taxable","15":"purchasable","16":"product-type-simple"},"uagb_featured_image_src":{"full":["https:\/\/rms-enlinea.com.ar\/wp-content\/uploads\/2025\/06\/D_830663-MLA31750890880_082019-F.jpg",1120,1200,false],"thumbnail":["https:\/\/rms-enlinea.com.ar\/wp-content\/uploads\/2025\/06\/D_830663-MLA31750890880_082019-F-150x150.jpg",150,150,true],"medium":["https:\/\/rms-enlinea.com.ar\/wp-content\/uploads\/2025\/06\/D_830663-MLA31750890880_082019-F-280x300.jpg",280,300,true],"medium_large":["https:\/\/rms-enlinea.com.ar\/wp-content\/uploads\/2025\/06\/D_830663-MLA31750890880_082019-F-768x823.jpg",768,823,true],"large":["https:\/\/rms-enlinea.com.ar\/wp-content\/uploads\/2025\/06\/D_830663-MLA31750890880_082019-F-956x1024.jpg",956,1024,true],"1536x1536":["https:\/\/rms-enlinea.com.ar\/wp-content\/uploads\/2025\/06\/D_830663-MLA31750890880_082019-F.jpg",1120,1200,false],"2048x2048":["https:\/\/rms-enlinea.com.ar\/wp-content\/uploads\/2025\/06\/D_830663-MLA31750890880_082019-F.jpg",1120,1200,false],"woocommerce_thumbnail":["https:\/\/rms-enlinea.com.ar\/wp-content\/uploads\/2025\/06\/D_830663-MLA31750890880_082019-F-450x450.jpg",450,450,true],"woocommerce_single":["https:\/\/rms-enlinea.com.ar\/wp-content\/uploads\/2025\/06\/D_830663-MLA31750890880_082019-F-600x643.jpg",600,643,true],"woocommerce_gallery_thumbnail":["https:\/\/rms-enlinea.com.ar\/wp-content\/uploads\/2025\/06\/D_830663-MLA31750890880_082019-F-100x100.jpg",100,100,true]},"uagb_author_info":{"display_name":"mario","author_link":"https:\/\/rms-enlinea.com.ar\/tienda\/author\/"},"uagb_comment_info":0,"uagb_excerpt":"TIPO DE PRODUCTO: ESQUINAS EN L MATERIAL: ACERO SUPERFICIE GALVANIZADO COLOR PLATEADO ESPESOR 1,2 MM \u00d8 ORIFICIOS DE MONTAJE 5,1 MM N\u00daMERO DE PATAS 2 N\u00daMERO DE ORIFICIOS DE MONTAJE 4 PASO PERFIL NO ALTURA 25 MM TAMA\u00d1O DE PATAS 37 MM PESO 0,015 KG","_links":{"self":[{"href":"https:\/\/rms-enlinea.com.ar\/tienda\/wp-json\/wp\/v2\/product\/52024","targetHints":{"allow":["GET"]}}],"collection":[{"href":"https:\/\/rms-enlinea.com.ar\/tienda\/wp-json\/wp\/v2\/product"}],"about":[{"href":"https:\/\/rms-enlinea.com.ar\/tienda\/wp-json\/wp\/v2\/types\/product"}],"replies":[{"embeddable":true,"href":"https:\/\/rms-enlinea.com.ar\/tienda\/wp-json\/wp\/v2\/comments?post=52024"}],"wp:featuredmedia":[{"embeddable":true,"href":"https:\/\/rms-enlinea.com.ar\/tienda\/wp-json\/wp\/v2\/media\/5261"}],"wp:attachment":[{"href":"https:\/\/rms-enlinea.com.ar\/tienda\/wp-json\/wp\/v2\/media?parent=52024"}],"wp:term":[{"taxonomy":"product_brand","embeddable":true,"href":"https:\/\/rms-enlinea.com.ar\/tienda\/wp-json\/wp\/v2\/product_brand?post=52024"},{"taxonomy":"product_cat","embeddable":true,"href":"https:\/\/rms-enlinea.com.ar\/tienda\/wp-json\/wp\/v2\/product_cat?post=52024"},{"taxonomy":"product_tag","embeddable":true,"href":"https:\/\/rms-enlinea.com.ar\/tienda\/wp-json\/wp\/v2\/product_tag?post=52024"}],"curies":[{"name":"wp","href":"https:\/\/api.w.org\/{rel}","templated":true}]}}