{"id":52025,"date":"2025-07-25T15:00:34","date_gmt":"2025-07-25T18:00:34","guid":{"rendered":"https:\/\/rms-enlinea.com.ar\/tienda\/producto\/placa-wifi-d-link-dwa-582-2-antenas-pci-e-ac1200-1200mbs\/"},"modified":"2026-04-21T05:23:54","modified_gmt":"2026-04-21T08:23:54","slug":"placa-wifi-d-link-dwa-582-2-antenas-pci-e-ac1200-1200mbs","status":"publish","type":"product","link":"https:\/\/rms-enlinea.com.ar\/tienda\/producto\/placa-wifi-d-link-dwa-582-2-antenas-pci-e-ac1200-1200mbs\/","title":{"rendered":"Placa Wifi D-link Dwa-582 2 Antenas Pci-e Ac1200 1200mbs"},"content":{"rendered":"<p>SKU<\/p>\n<p>DWA-582\/LA<br \/>\nMarca<\/p>\n<p>D-Link<br \/>\nTecnolog\u00eda de conectividad<\/p>\n<p>WLAN<br \/>\nTasa de transferencia de datos<\/p>\n<p>1200 MB\/s<br \/>\nC\u00f3digo universal de producto<\/p>\n<p>0790069410567<br \/>\nCondici\u00f3n del \u00edtem<\/p>\n<p>Nuevo<br \/>\nModelo<\/p>\n<p>DWA582<br \/>\nInterfaz<\/p>\n<p>PCI express<\/p>\n","protected":false},"excerpt":{"rendered":"<p>SKU DWA-582\/LA Marca D-Link Tecnolog\u00eda de conectividad WLAN Tasa de transferencia de datos 1200 MB\/s C\u00f3digo universal de producto 0790069410567 Condici\u00f3n del \u00edtem Nuevo Modelo DWA582 Interfaz PCI express<\/p>\n","protected":false},"featured_media":24932,"comment_status":"open","ping_status":"closed","template":"","meta":{"_uag_custom_page_level_css":""},"product_brand":[547],"product_cat":[122],"product_tag":[],"class_list":{"0":"post-52025","1":"product","2":"type-product","3":"status-publish","4":"has-post-thumbnail","6":"product_brand-dlink","7":"product_cat-redes-y-conectividad","9":"first","10":"outofstock","11":"sale","12":"taxable","13":"shipping-taxable","14":"purchasable","15":"product-type-simple"},"uagb_featured_image_src":{"full":["https:\/\/rms-enlinea.com.ar\/wp-content\/uploads\/2025\/06\/D_996542-MLA75269123065_032024-F.jpg",821,1122,false],"thumbnail":["https:\/\/rms-enlinea.com.ar\/wp-content\/uploads\/2025\/06\/D_996542-MLA75269123065_032024-F-150x150.jpg",150,150,true],"medium":["https:\/\/rms-enlinea.com.ar\/wp-content\/uploads\/2025\/06\/D_996542-MLA75269123065_032024-F-220x300.jpg",220,300,true],"medium_large":["https:\/\/rms-enlinea.com.ar\/wp-content\/uploads\/2025\/06\/D_996542-MLA75269123065_032024-F-768x1050.jpg",768,1050,true],"large":["https:\/\/rms-enlinea.com.ar\/wp-content\/uploads\/2025\/06\/D_996542-MLA75269123065_032024-F-749x1024.jpg",749,1024,true],"1536x1536":["https:\/\/rms-enlinea.com.ar\/wp-content\/uploads\/2025\/06\/D_996542-MLA75269123065_032024-F.jpg",821,1122,false],"2048x2048":["https:\/\/rms-enlinea.com.ar\/wp-content\/uploads\/2025\/06\/D_996542-MLA75269123065_032024-F.jpg",821,1122,false],"woocommerce_thumbnail":["https:\/\/rms-enlinea.com.ar\/wp-content\/uploads\/2025\/06\/D_996542-MLA75269123065_032024-F-450x450.jpg",450,450,true],"woocommerce_single":["https:\/\/rms-enlinea.com.ar\/wp-content\/uploads\/2025\/06\/D_996542-MLA75269123065_032024-F-600x820.jpg",600,820,true],"woocommerce_gallery_thumbnail":["https:\/\/rms-enlinea.com.ar\/wp-content\/uploads\/2025\/06\/D_996542-MLA75269123065_032024-F-100x100.jpg",100,100,true]},"uagb_author_info":{"display_name":"mario","author_link":"https:\/\/rms-enlinea.com.ar\/tienda\/author\/"},"uagb_comment_info":0,"uagb_excerpt":"SKU DWA-582\/LA Marca D-Link Tecnolog\u00eda de conectividad WLAN Tasa de transferencia de datos 1200 MB\/s C\u00f3digo universal de producto 0790069410567 Condici\u00f3n del \u00edtem Nuevo Modelo DWA582 Interfaz PCI express","_links":{"self":[{"href":"https:\/\/rms-enlinea.com.ar\/tienda\/wp-json\/wp\/v2\/product\/52025","targetHints":{"allow":["GET"]}}],"collection":[{"href":"https:\/\/rms-enlinea.com.ar\/tienda\/wp-json\/wp\/v2\/product"}],"about":[{"href":"https:\/\/rms-enlinea.com.ar\/tienda\/wp-json\/wp\/v2\/types\/product"}],"replies":[{"embeddable":true,"href":"https:\/\/rms-enlinea.com.ar\/tienda\/wp-json\/wp\/v2\/comments?post=52025"}],"wp:featuredmedia":[{"embeddable":true,"href":"https:\/\/rms-enlinea.com.ar\/tienda\/wp-json\/wp\/v2\/media\/24932"}],"wp:attachment":[{"href":"https:\/\/rms-enlinea.com.ar\/tienda\/wp-json\/wp\/v2\/media?parent=52025"}],"wp:term":[{"taxonomy":"product_brand","embeddable":true,"href":"https:\/\/rms-enlinea.com.ar\/tienda\/wp-json\/wp\/v2\/product_brand?post=52025"},{"taxonomy":"product_cat","embeddable":true,"href":"https:\/\/rms-enlinea.com.ar\/tienda\/wp-json\/wp\/v2\/product_cat?post=52025"},{"taxonomy":"product_tag","embeddable":true,"href":"https:\/\/rms-enlinea.com.ar\/tienda\/wp-json\/wp\/v2\/product_tag?post=52025"}],"curies":[{"name":"wp","href":"https:\/\/api.w.org\/{rel}","templated":true}]}}