{"id":52030,"date":"2025-07-25T16:00:25","date_gmt":"2025-07-25T19:00:25","guid":{"rendered":"https:\/\/rms-enlinea.com.ar\/tienda\/producto\/kit-x-4-multiclap-wengue-schlagwerk-mc40\/"},"modified":"2026-02-18T01:23:13","modified_gmt":"2026-02-18T04:23:13","slug":"kit-x-4-multiclap-wengue-schlagwerk-mc40","status":"publish","type":"product","link":"https:\/\/rms-enlinea.com.ar\/tienda\/producto\/kit-x-4-multiclap-wengue-schlagwerk-mc40\/","title":{"rendered":"Kit X 4 Multiclap Wengue Schlagwerk Mc40"},"content":{"rendered":"<p>Cuatro MultiClaps diferentes: sonidos ilimitados. Los MultiClaps de Schlagwerk son el complemento multiusos para percusionistas que buscan sofisticaci\u00f3n sonora individual. Cuatro MultiClaps grandes y diferentes crean una variedad infinita de sonidos. Su montaje r\u00e1pido, sencillo e individualizado los hace incre\u00edblemente flexibles.<\/p>\n<p>Material Wengu\u00e9<br \/>F\u00e1cil de montar y desmontar.<br \/>10 puntos de montaje adicionales incluidos en el volumen de suministro<br \/>4 tama\u00f1os<br \/>Posicionable individualmente<\/p>\n","protected":false},"excerpt":{"rendered":"<p>Cuatro MultiClaps diferentes: sonidos ilimitados. Los MultiClaps de Schlagwerk son el complemento multiusos para percusionistas que buscan sofisticaci\u00f3n sonora individual. Cuatro MultiClaps grandes y diferentes crean una variedad infinita de sonidos. Su montaje r\u00e1pido, sencillo e individualizado los hace incre\u00edblemente flexibles. Material Wengu\u00e9F\u00e1cil de montar y desmontar.10 puntos de montaje adicionales incluidos en el volumen [&hellip;]<\/p>\n","protected":false},"featured_media":52031,"comment_status":"open","ping_status":"closed","template":"","meta":{"_uag_custom_page_level_css":""},"product_brand":[601],"product_cat":[603],"product_tag":[],"class_list":{"0":"post-52030","1":"product","2":"type-product","3":"status-publish","4":"has-post-thumbnail","6":"product_brand-schlagwerk","7":"product_cat-cajones","9":"first","10":"instock","11":"sale","12":"taxable","13":"shipping-taxable","14":"purchasable","15":"product-type-simple"},"uagb_featured_image_src":{"full":["https:\/\/rms-enlinea.com.ar\/wp-content\/uploads\/2025\/07\/D_698799-MLA88644505313_072025-F.jpg",1035,1200,false],"thumbnail":["https:\/\/rms-enlinea.com.ar\/wp-content\/uploads\/2025\/07\/D_698799-MLA88644505313_072025-F-150x150.jpg",150,150,true],"medium":["https:\/\/rms-enlinea.com.ar\/wp-content\/uploads\/2025\/07\/D_698799-MLA88644505313_072025-F-259x300.jpg",259,300,true],"medium_large":["https:\/\/rms-enlinea.com.ar\/wp-content\/uploads\/2025\/07\/D_698799-MLA88644505313_072025-F-768x890.jpg",768,890,true],"large":["https:\/\/rms-enlinea.com.ar\/wp-content\/uploads\/2025\/07\/D_698799-MLA88644505313_072025-F-883x1024.jpg",883,1024,true],"1536x1536":["https:\/\/rms-enlinea.com.ar\/wp-content\/uploads\/2025\/07\/D_698799-MLA88644505313_072025-F.jpg",1035,1200,false],"2048x2048":["https:\/\/rms-enlinea.com.ar\/wp-content\/uploads\/2025\/07\/D_698799-MLA88644505313_072025-F.jpg",1035,1200,false],"woocommerce_thumbnail":["https:\/\/rms-enlinea.com.ar\/wp-content\/uploads\/2025\/07\/D_698799-MLA88644505313_072025-F-450x450.jpg",450,450,true],"woocommerce_single":["https:\/\/rms-enlinea.com.ar\/wp-content\/uploads\/2025\/07\/D_698799-MLA88644505313_072025-F-600x696.jpg",600,696,true],"woocommerce_gallery_thumbnail":["https:\/\/rms-enlinea.com.ar\/wp-content\/uploads\/2025\/07\/D_698799-MLA88644505313_072025-F-100x100.jpg",100,100,true]},"uagb_author_info":{"display_name":"nelson","author_link":"https:\/\/rms-enlinea.com.ar\/tienda\/author\/"},"uagb_comment_info":0,"uagb_excerpt":"Cuatro MultiClaps diferentes: sonidos ilimitados. Los MultiClaps de Schlagwerk son el complemento multiusos para percusionistas que buscan sofisticaci\u00f3n sonora individual. Cuatro MultiClaps grandes y diferentes crean una variedad infinita de sonidos. Su montaje r\u00e1pido, sencillo e individualizado los hace incre\u00edblemente flexibles. Material Wengu\u00e9F\u00e1cil de montar y desmontar.10 puntos de montaje adicionales incluidos en el volumen&hellip;","_links":{"self":[{"href":"https:\/\/rms-enlinea.com.ar\/tienda\/wp-json\/wp\/v2\/product\/52030","targetHints":{"allow":["GET"]}}],"collection":[{"href":"https:\/\/rms-enlinea.com.ar\/tienda\/wp-json\/wp\/v2\/product"}],"about":[{"href":"https:\/\/rms-enlinea.com.ar\/tienda\/wp-json\/wp\/v2\/types\/product"}],"replies":[{"embeddable":true,"href":"https:\/\/rms-enlinea.com.ar\/tienda\/wp-json\/wp\/v2\/comments?post=52030"}],"wp:featuredmedia":[{"embeddable":true,"href":"https:\/\/rms-enlinea.com.ar\/tienda\/wp-json\/wp\/v2\/media\/52031"}],"wp:attachment":[{"href":"https:\/\/rms-enlinea.com.ar\/tienda\/wp-json\/wp\/v2\/media?parent=52030"}],"wp:term":[{"taxonomy":"product_brand","embeddable":true,"href":"https:\/\/rms-enlinea.com.ar\/tienda\/wp-json\/wp\/v2\/product_brand?post=52030"},{"taxonomy":"product_cat","embeddable":true,"href":"https:\/\/rms-enlinea.com.ar\/tienda\/wp-json\/wp\/v2\/product_cat?post=52030"},{"taxonomy":"product_tag","embeddable":true,"href":"https:\/\/rms-enlinea.com.ar\/tienda\/wp-json\/wp\/v2\/product_tag?post=52030"}],"curies":[{"name":"wp","href":"https:\/\/api.w.org\/{rel}","templated":true}]}}