{"id":52048,"date":"2025-07-25T19:21:09","date_gmt":"2025-07-25T22:21:09","guid":{"rendered":"https:\/\/rms-enlinea.com.ar\/tienda\/producto\/heck-stick-y-patada-lateral-para-cajon-schlagwerk-set75\/"},"modified":"2026-04-21T06:46:55","modified_gmt":"2026-04-21T09:46:55","slug":"heck-stick-y-patada-lateral-para-cajon-schlagwerk-set75","status":"publish","type":"product","link":"https:\/\/rms-enlinea.com.ar\/tienda\/producto\/heck-stick-y-patada-lateral-para-cajon-schlagwerk-set75\/","title":{"rendered":"Heck Stick Y Patada Lateral Para Cajon Schlagwerk Set75"},"content":{"rendered":"<p>Heck Stick y patada lateral<\/p>\n<p>SET75 Heck Stick y patada lateral<br \/>La combinaci\u00f3n del Heck Stick y el Side Kick en un conjunto resulta especialmente \u00fatil. El Side Kick encaja perfectamente en la placa de montaje del Heck Stick. De esta manera, ambos componentes del conjunto pueden fijarse a ambos lados juntos o por separado, seg\u00fan tu t\u00e9cnica de interpretaci\u00f3n.<\/p>\n<p>Medidas: 38 x 26,5 x 6 cm<br \/>Montable en ambos lados<br \/>Altura ajustable<br \/>2 pares de jingles amortiguables<br \/>Sonido de Hi-Hat cerrado con jingles atenuados<br \/>F\u00e1cil de montar y desmontar.<\/p>\n","protected":false},"excerpt":{"rendered":"<p>Heck Stick y patada lateral SET75 Heck Stick y patada lateralLa combinaci\u00f3n del Heck Stick y el Side Kick en un conjunto resulta especialmente \u00fatil. El Side Kick encaja perfectamente en la placa de montaje del Heck Stick. De esta manera, ambos componentes del conjunto pueden fijarse a ambos lados juntos o por separado, seg\u00fan [&hellip;]<\/p>\n","protected":false},"featured_media":52049,"comment_status":"open","ping_status":"closed","template":"","meta":{"_uag_custom_page_level_css":""},"product_brand":[601],"product_cat":[603],"product_tag":[],"class_list":{"0":"post-52048","1":"product","2":"type-product","3":"status-publish","4":"has-post-thumbnail","6":"product_brand-schlagwerk","7":"product_cat-cajones","9":"first","10":"outofstock","11":"sale","12":"taxable","13":"shipping-taxable","14":"purchasable","15":"product-type-simple"},"uagb_featured_image_src":{"full":["https:\/\/rms-enlinea.com.ar\/wp-content\/uploads\/2025\/07\/D_648746-MLA88652610577_072025-F.jpg",563,948,false],"thumbnail":["https:\/\/rms-enlinea.com.ar\/wp-content\/uploads\/2025\/07\/D_648746-MLA88652610577_072025-F-150x150.jpg",150,150,true],"medium":["https:\/\/rms-enlinea.com.ar\/wp-content\/uploads\/2025\/07\/D_648746-MLA88652610577_072025-F-178x300.jpg",178,300,true],"medium_large":["https:\/\/rms-enlinea.com.ar\/wp-content\/uploads\/2025\/07\/D_648746-MLA88652610577_072025-F.jpg",563,948,false],"large":["https:\/\/rms-enlinea.com.ar\/wp-content\/uploads\/2025\/07\/D_648746-MLA88652610577_072025-F.jpg",563,948,false],"1536x1536":["https:\/\/rms-enlinea.com.ar\/wp-content\/uploads\/2025\/07\/D_648746-MLA88652610577_072025-F.jpg",563,948,false],"2048x2048":["https:\/\/rms-enlinea.com.ar\/wp-content\/uploads\/2025\/07\/D_648746-MLA88652610577_072025-F.jpg",563,948,false],"woocommerce_thumbnail":["https:\/\/rms-enlinea.com.ar\/wp-content\/uploads\/2025\/07\/D_648746-MLA88652610577_072025-F-450x450.jpg",450,450,true],"woocommerce_single":["https:\/\/rms-enlinea.com.ar\/wp-content\/uploads\/2025\/07\/D_648746-MLA88652610577_072025-F.jpg",563,948,false],"woocommerce_gallery_thumbnail":["https:\/\/rms-enlinea.com.ar\/wp-content\/uploads\/2025\/07\/D_648746-MLA88652610577_072025-F-100x100.jpg",100,100,true]},"uagb_author_info":{"display_name":"nelson","author_link":"https:\/\/rms-enlinea.com.ar\/tienda\/author\/"},"uagb_comment_info":0,"uagb_excerpt":"Heck Stick y patada lateral SET75 Heck Stick y patada lateralLa combinaci\u00f3n del Heck Stick y el Side Kick en un conjunto resulta especialmente \u00fatil. El Side Kick encaja perfectamente en la placa de montaje del Heck Stick. De esta manera, ambos componentes del conjunto pueden fijarse a ambos lados juntos o por separado, seg\u00fan&hellip;","_links":{"self":[{"href":"https:\/\/rms-enlinea.com.ar\/tienda\/wp-json\/wp\/v2\/product\/52048","targetHints":{"allow":["GET"]}}],"collection":[{"href":"https:\/\/rms-enlinea.com.ar\/tienda\/wp-json\/wp\/v2\/product"}],"about":[{"href":"https:\/\/rms-enlinea.com.ar\/tienda\/wp-json\/wp\/v2\/types\/product"}],"replies":[{"embeddable":true,"href":"https:\/\/rms-enlinea.com.ar\/tienda\/wp-json\/wp\/v2\/comments?post=52048"}],"wp:featuredmedia":[{"embeddable":true,"href":"https:\/\/rms-enlinea.com.ar\/tienda\/wp-json\/wp\/v2\/media\/52049"}],"wp:attachment":[{"href":"https:\/\/rms-enlinea.com.ar\/tienda\/wp-json\/wp\/v2\/media?parent=52048"}],"wp:term":[{"taxonomy":"product_brand","embeddable":true,"href":"https:\/\/rms-enlinea.com.ar\/tienda\/wp-json\/wp\/v2\/product_brand?post=52048"},{"taxonomy":"product_cat","embeddable":true,"href":"https:\/\/rms-enlinea.com.ar\/tienda\/wp-json\/wp\/v2\/product_cat?post=52048"},{"taxonomy":"product_tag","embeddable":true,"href":"https:\/\/rms-enlinea.com.ar\/tienda\/wp-json\/wp\/v2\/product_tag?post=52048"}],"curies":[{"name":"wp","href":"https:\/\/api.w.org\/{rel}","templated":true}]}}