{"id":52070,"date":"2025-07-25T23:40:14","date_gmt":"2025-07-26T02:40:14","guid":{"rendered":"https:\/\/rms-enlinea.com.ar\/tienda\/producto\/golpeador-acustico-para-guitarra-schlagwerk-sj110z\/"},"modified":"2026-05-04T10:01:16","modified_gmt":"2026-05-04T13:01:16","slug":"golpeador-acustico-para-guitarra-schlagwerk-sj110z","status":"publish","type":"product","link":"https:\/\/rms-enlinea.com.ar\/tienda\/producto\/golpeador-acustico-para-guitarra-schlagwerk-sj110z\/","title":{"rendered":"Golpeador Acustico Para Guitarra Schlagwerk Sj110z"},"content":{"rendered":"<p>SJ110Z SamJam Zebrano<br \/>La caja para tu guitarra. Se instala en segundos, sin necesidad de pegamento. Se puede quitar en cualquier momento sin dejar rastro. SnareBuzzControl para un sonido de caja controlado. Materiales de alta calidad. Apto para todas las guitarras cl\u00e1sicas y ac\u00fasticas populares.<\/p>\n<p>Superficie de juego: Chapa de dise\u00f1o Zebrano<br \/>Caja de resonancia: SPL (proyecci\u00f3n s\u00f3nica lignum)<br \/>SnareBuzzControl para sonido de caja ajustable<br \/>Medidas: 15,5 x 8 x 1,1 cm<br \/>Componentes premium para el mejor sonido y la mejor calidad.<br \/>Material adhesivo 100% libre de disolventes<br \/>Especiales de iconosRemovible sin dejar residuos<br \/>F\u00e1cil de montar<br \/>Adecuado para todas las guitarras cl\u00e1sicas y occidentales comunes.<\/p>\n","protected":false},"excerpt":{"rendered":"<p>SJ110Z SamJam ZebranoLa caja para tu guitarra. Se instala en segundos, sin necesidad de pegamento. Se puede quitar en cualquier momento sin dejar rastro. SnareBuzzControl para un sonido de caja controlado. Materiales de alta calidad. Apto para todas las guitarras cl\u00e1sicas y ac\u00fasticas populares. Superficie de juego: Chapa de dise\u00f1o ZebranoCaja de resonancia: SPL (proyecci\u00f3n [&hellip;]<\/p>\n","protected":false},"featured_media":52071,"comment_status":"open","ping_status":"closed","template":"","meta":{"_uag_custom_page_level_css":""},"product_brand":[601],"product_cat":[603],"product_tag":[],"class_list":{"0":"post-52070","1":"product","2":"type-product","3":"status-publish","4":"has-post-thumbnail","6":"product_brand-schlagwerk","7":"product_cat-cajones","9":"first","10":"instock","11":"sale","12":"taxable","13":"shipping-taxable","14":"purchasable","15":"product-type-simple"},"uagb_featured_image_src":{"full":["https:\/\/rms-enlinea.com.ar\/wp-content\/uploads\/2025\/07\/D_698844-MLA88316263508_072025-F.jpg",1200,645,false],"thumbnail":["https:\/\/rms-enlinea.com.ar\/wp-content\/uploads\/2025\/07\/D_698844-MLA88316263508_072025-F-150x150.jpg",150,150,true],"medium":["https:\/\/rms-enlinea.com.ar\/wp-content\/uploads\/2025\/07\/D_698844-MLA88316263508_072025-F-300x161.jpg",300,161,true],"medium_large":["https:\/\/rms-enlinea.com.ar\/wp-content\/uploads\/2025\/07\/D_698844-MLA88316263508_072025-F-768x413.jpg",768,413,true],"large":["https:\/\/rms-enlinea.com.ar\/wp-content\/uploads\/2025\/07\/D_698844-MLA88316263508_072025-F-1024x550.jpg",1024,550,true],"1536x1536":["https:\/\/rms-enlinea.com.ar\/wp-content\/uploads\/2025\/07\/D_698844-MLA88316263508_072025-F.jpg",1200,645,false],"2048x2048":["https:\/\/rms-enlinea.com.ar\/wp-content\/uploads\/2025\/07\/D_698844-MLA88316263508_072025-F.jpg",1200,645,false],"woocommerce_thumbnail":["https:\/\/rms-enlinea.com.ar\/wp-content\/uploads\/2025\/07\/D_698844-MLA88316263508_072025-F-450x450.jpg",450,450,true],"woocommerce_single":["https:\/\/rms-enlinea.com.ar\/wp-content\/uploads\/2025\/07\/D_698844-MLA88316263508_072025-F-600x323.jpg",600,323,true],"woocommerce_gallery_thumbnail":["https:\/\/rms-enlinea.com.ar\/wp-content\/uploads\/2025\/07\/D_698844-MLA88316263508_072025-F-100x100.jpg",100,100,true]},"uagb_author_info":{"display_name":"nelson","author_link":"https:\/\/rms-enlinea.com.ar\/tienda\/author\/"},"uagb_comment_info":0,"uagb_excerpt":"SJ110Z SamJam ZebranoLa caja para tu guitarra. Se instala en segundos, sin necesidad de pegamento. Se puede quitar en cualquier momento sin dejar rastro. SnareBuzzControl para un sonido de caja controlado. Materiales de alta calidad. Apto para todas las guitarras cl\u00e1sicas y ac\u00fasticas populares. Superficie de juego: Chapa de dise\u00f1o ZebranoCaja de resonancia: SPL (proyecci\u00f3n&hellip;","_links":{"self":[{"href":"https:\/\/rms-enlinea.com.ar\/tienda\/wp-json\/wp\/v2\/product\/52070","targetHints":{"allow":["GET"]}}],"collection":[{"href":"https:\/\/rms-enlinea.com.ar\/tienda\/wp-json\/wp\/v2\/product"}],"about":[{"href":"https:\/\/rms-enlinea.com.ar\/tienda\/wp-json\/wp\/v2\/types\/product"}],"replies":[{"embeddable":true,"href":"https:\/\/rms-enlinea.com.ar\/tienda\/wp-json\/wp\/v2\/comments?post=52070"}],"wp:featuredmedia":[{"embeddable":true,"href":"https:\/\/rms-enlinea.com.ar\/tienda\/wp-json\/wp\/v2\/media\/52071"}],"wp:attachment":[{"href":"https:\/\/rms-enlinea.com.ar\/tienda\/wp-json\/wp\/v2\/media?parent=52070"}],"wp:term":[{"taxonomy":"product_brand","embeddable":true,"href":"https:\/\/rms-enlinea.com.ar\/tienda\/wp-json\/wp\/v2\/product_brand?post=52070"},{"taxonomy":"product_cat","embeddable":true,"href":"https:\/\/rms-enlinea.com.ar\/tienda\/wp-json\/wp\/v2\/product_cat?post=52070"},{"taxonomy":"product_tag","embeddable":true,"href":"https:\/\/rms-enlinea.com.ar\/tienda\/wp-json\/wp\/v2\/product_tag?post=52070"}],"curies":[{"name":"wp","href":"https:\/\/api.w.org\/{rel}","templated":true}]}}