{"id":52079,"date":"2025-07-26T00:10:07","date_gmt":"2025-07-26T03:10:07","guid":{"rendered":"https:\/\/rms-enlinea.com.ar\/tienda\/producto\/agitador-percusion-corto-schlagwerk-sk30\/"},"modified":"2026-04-21T06:40:13","modified_gmt":"2026-04-21T09:40:13","slug":"agitador-percusion-corto-schlagwerk-sk30","status":"publish","type":"product","link":"https:\/\/rms-enlinea.com.ar\/tienda\/producto\/agitador-percusion-corto-schlagwerk-sk30\/","title":{"rendered":"Agitador Percusion Corto Schlagwerk Sk30"},"content":{"rendered":"<p>Agitador corto SK30<br \/>El Shorty Shaker no solo tiene un dise\u00f1o interesante, sino que tambi\u00e9n produce un sonido muy controlado. Gracias a su construcci\u00f3n especial de c\u00e1mara, es la opci\u00f3n ideal para conciertos ac\u00fasticos.<\/p>\n<p>Chapa con dise\u00f1o Black Eyes<br \/>Cuerpo: abedul, SPL<br \/>Medidas: 10,5 x 4,5 x 4,5 cm<br \/>Componentes premium para el mejor sonido y la mejor calidad.<br \/>Sistema de dos c\u00e1maras<br \/>Vers\u00e1til en uso<\/p>\n","protected":false},"excerpt":{"rendered":"<p>Agitador corto SK30El Shorty Shaker no solo tiene un dise\u00f1o interesante, sino que tambi\u00e9n produce un sonido muy controlado. Gracias a su construcci\u00f3n especial de c\u00e1mara, es la opci\u00f3n ideal para conciertos ac\u00fasticos. Chapa con dise\u00f1o Black EyesCuerpo: abedul, SPLMedidas: 10,5 x 4,5 x 4,5 cmComponentes premium para el mejor sonido y la mejor calidad.Sistema [&hellip;]<\/p>\n","protected":false},"featured_media":52080,"comment_status":"open","ping_status":"closed","template":"","meta":{"_uag_custom_page_level_css":""},"product_brand":[601],"product_cat":[603],"product_tag":[],"class_list":{"0":"post-52079","1":"product","2":"type-product","3":"status-publish","4":"has-post-thumbnail","6":"product_brand-schlagwerk","7":"product_cat-cajones","9":"first","10":"outofstock","11":"sale","12":"taxable","13":"shipping-taxable","14":"purchasable","15":"product-type-simple"},"uagb_featured_image_src":{"full":["https:\/\/rms-enlinea.com.ar\/wp-content\/uploads\/2025\/07\/D_605138-MLA88663007003_072025-F.jpg",1200,846,false],"thumbnail":["https:\/\/rms-enlinea.com.ar\/wp-content\/uploads\/2025\/07\/D_605138-MLA88663007003_072025-F-150x150.jpg",150,150,true],"medium":["https:\/\/rms-enlinea.com.ar\/wp-content\/uploads\/2025\/07\/D_605138-MLA88663007003_072025-F-300x212.jpg",300,212,true],"medium_large":["https:\/\/rms-enlinea.com.ar\/wp-content\/uploads\/2025\/07\/D_605138-MLA88663007003_072025-F-768x541.jpg",768,541,true],"large":["https:\/\/rms-enlinea.com.ar\/wp-content\/uploads\/2025\/07\/D_605138-MLA88663007003_072025-F-1024x722.jpg",1024,722,true],"1536x1536":["https:\/\/rms-enlinea.com.ar\/wp-content\/uploads\/2025\/07\/D_605138-MLA88663007003_072025-F.jpg",1200,846,false],"2048x2048":["https:\/\/rms-enlinea.com.ar\/wp-content\/uploads\/2025\/07\/D_605138-MLA88663007003_072025-F.jpg",1200,846,false],"woocommerce_thumbnail":["https:\/\/rms-enlinea.com.ar\/wp-content\/uploads\/2025\/07\/D_605138-MLA88663007003_072025-F-450x450.jpg",450,450,true],"woocommerce_single":["https:\/\/rms-enlinea.com.ar\/wp-content\/uploads\/2025\/07\/D_605138-MLA88663007003_072025-F-600x423.jpg",600,423,true],"woocommerce_gallery_thumbnail":["https:\/\/rms-enlinea.com.ar\/wp-content\/uploads\/2025\/07\/D_605138-MLA88663007003_072025-F-100x100.jpg",100,100,true]},"uagb_author_info":{"display_name":"nelson","author_link":"https:\/\/rms-enlinea.com.ar\/tienda\/author\/"},"uagb_comment_info":0,"uagb_excerpt":"Agitador corto SK30El Shorty Shaker no solo tiene un dise\u00f1o interesante, sino que tambi\u00e9n produce un sonido muy controlado. Gracias a su construcci\u00f3n especial de c\u00e1mara, es la opci\u00f3n ideal para conciertos ac\u00fasticos. Chapa con dise\u00f1o Black EyesCuerpo: abedul, SPLMedidas: 10,5 x 4,5 x 4,5 cmComponentes premium para el mejor sonido y la mejor calidad.Sistema&hellip;","_links":{"self":[{"href":"https:\/\/rms-enlinea.com.ar\/tienda\/wp-json\/wp\/v2\/product\/52079","targetHints":{"allow":["GET"]}}],"collection":[{"href":"https:\/\/rms-enlinea.com.ar\/tienda\/wp-json\/wp\/v2\/product"}],"about":[{"href":"https:\/\/rms-enlinea.com.ar\/tienda\/wp-json\/wp\/v2\/types\/product"}],"replies":[{"embeddable":true,"href":"https:\/\/rms-enlinea.com.ar\/tienda\/wp-json\/wp\/v2\/comments?post=52079"}],"wp:featuredmedia":[{"embeddable":true,"href":"https:\/\/rms-enlinea.com.ar\/tienda\/wp-json\/wp\/v2\/media\/52080"}],"wp:attachment":[{"href":"https:\/\/rms-enlinea.com.ar\/tienda\/wp-json\/wp\/v2\/media?parent=52079"}],"wp:term":[{"taxonomy":"product_brand","embeddable":true,"href":"https:\/\/rms-enlinea.com.ar\/tienda\/wp-json\/wp\/v2\/product_brand?post=52079"},{"taxonomy":"product_cat","embeddable":true,"href":"https:\/\/rms-enlinea.com.ar\/tienda\/wp-json\/wp\/v2\/product_cat?post=52079"},{"taxonomy":"product_tag","embeddable":true,"href":"https:\/\/rms-enlinea.com.ar\/tienda\/wp-json\/wp\/v2\/product_tag?post=52079"}],"curies":[{"name":"wp","href":"https:\/\/api.w.org\/{rel}","templated":true}]}}