{"id":52083,"date":"2025-07-26T10:00:06","date_gmt":"2025-07-26T13:00:06","guid":{"rendered":"https:\/\/rms-enlinea.com.ar\/tienda\/producto\/agitador-percusion-medio-14-5x4-5x4-5cm-schlagwerk-sk35\/"},"modified":"2026-04-21T05:19:07","modified_gmt":"2026-04-21T08:19:07","slug":"agitador-percusion-medio-14-5x4-5x4-5cm-schlagwerk-sk35","status":"publish","type":"product","link":"https:\/\/rms-enlinea.com.ar\/tienda\/producto\/agitador-percusion-medio-14-5x4-5x4-5cm-schlagwerk-sk35\/","title":{"rendered":"Agitador Percusion Medio 14.5&#215;4.5&#215;4.5cm Schlagwerk Sk35"},"content":{"rendered":"<p>Coctelera SK35 Mezzo<br \/>El SK 35 completa nuestra gama de shakers. Su nombre, Mezzo Shaker, es especialmente apropiado, ya que describe su clasificaci\u00f3n: un sonido rico, pero sin ser excesivo. Sus m\u00faltiples usos ac\u00fasticos seguro que le encantar\u00e1n.<\/p>\n<p>Chapa: Chapa con dise\u00f1o Black Eyes<br \/>Cuerpo: abedul, SPL<br \/>Medidas: 14,5 x 4,5 x 4,5 cm<br \/>Componentes premium para el mejor sonido y la mejor calidad.<br \/>Sistema de dos c\u00e1maras<br \/>Vers\u00e1til en uso<\/p>\n","protected":false},"excerpt":{"rendered":"<p>Coctelera SK35 MezzoEl SK 35 completa nuestra gama de shakers. Su nombre, Mezzo Shaker, es especialmente apropiado, ya que describe su clasificaci\u00f3n: un sonido rico, pero sin ser excesivo. Sus m\u00faltiples usos ac\u00fasticos seguro que le encantar\u00e1n. Chapa: Chapa con dise\u00f1o Black EyesCuerpo: abedul, SPLMedidas: 14,5 x 4,5 x 4,5 cmComponentes premium para el mejor [&hellip;]<\/p>\n","protected":false},"featured_media":52084,"comment_status":"open","ping_status":"closed","template":"","meta":{"_uag_custom_page_level_css":""},"product_brand":[601],"product_cat":[603],"product_tag":[],"class_list":{"0":"post-52083","1":"product","2":"type-product","3":"status-publish","4":"has-post-thumbnail","6":"product_brand-schlagwerk","7":"product_cat-cajones","9":"first","10":"outofstock","11":"sale","12":"taxable","13":"shipping-taxable","14":"purchasable","15":"product-type-simple"},"uagb_featured_image_src":{"full":["https:\/\/rms-enlinea.com.ar\/wp-content\/uploads\/2025\/07\/D_914330-MLA88693442697_072025-F.jpg",1200,668,false],"thumbnail":["https:\/\/rms-enlinea.com.ar\/wp-content\/uploads\/2025\/07\/D_914330-MLA88693442697_072025-F-150x150.jpg",150,150,true],"medium":["https:\/\/rms-enlinea.com.ar\/wp-content\/uploads\/2025\/07\/D_914330-MLA88693442697_072025-F-300x167.jpg",300,167,true],"medium_large":["https:\/\/rms-enlinea.com.ar\/wp-content\/uploads\/2025\/07\/D_914330-MLA88693442697_072025-F-768x428.jpg",768,428,true],"large":["https:\/\/rms-enlinea.com.ar\/wp-content\/uploads\/2025\/07\/D_914330-MLA88693442697_072025-F-1024x570.jpg",1024,570,true],"1536x1536":["https:\/\/rms-enlinea.com.ar\/wp-content\/uploads\/2025\/07\/D_914330-MLA88693442697_072025-F.jpg",1200,668,false],"2048x2048":["https:\/\/rms-enlinea.com.ar\/wp-content\/uploads\/2025\/07\/D_914330-MLA88693442697_072025-F.jpg",1200,668,false],"woocommerce_thumbnail":["https:\/\/rms-enlinea.com.ar\/wp-content\/uploads\/2025\/07\/D_914330-MLA88693442697_072025-F-450x450.jpg",450,450,true],"woocommerce_single":["https:\/\/rms-enlinea.com.ar\/wp-content\/uploads\/2025\/07\/D_914330-MLA88693442697_072025-F-600x334.jpg",600,334,true],"woocommerce_gallery_thumbnail":["https:\/\/rms-enlinea.com.ar\/wp-content\/uploads\/2025\/07\/D_914330-MLA88693442697_072025-F-100x100.jpg",100,100,true]},"uagb_author_info":{"display_name":"nelson","author_link":"https:\/\/rms-enlinea.com.ar\/tienda\/author\/"},"uagb_comment_info":0,"uagb_excerpt":"Coctelera SK35 MezzoEl SK 35 completa nuestra gama de shakers. Su nombre, Mezzo Shaker, es especialmente apropiado, ya que describe su clasificaci\u00f3n: un sonido rico, pero sin ser excesivo. Sus m\u00faltiples usos ac\u00fasticos seguro que le encantar\u00e1n. Chapa: Chapa con dise\u00f1o Black EyesCuerpo: abedul, SPLMedidas: 14,5 x 4,5 x 4,5 cmComponentes premium para el mejor&hellip;","_links":{"self":[{"href":"https:\/\/rms-enlinea.com.ar\/tienda\/wp-json\/wp\/v2\/product\/52083","targetHints":{"allow":["GET"]}}],"collection":[{"href":"https:\/\/rms-enlinea.com.ar\/tienda\/wp-json\/wp\/v2\/product"}],"about":[{"href":"https:\/\/rms-enlinea.com.ar\/tienda\/wp-json\/wp\/v2\/types\/product"}],"replies":[{"embeddable":true,"href":"https:\/\/rms-enlinea.com.ar\/tienda\/wp-json\/wp\/v2\/comments?post=52083"}],"wp:featuredmedia":[{"embeddable":true,"href":"https:\/\/rms-enlinea.com.ar\/tienda\/wp-json\/wp\/v2\/media\/52084"}],"wp:attachment":[{"href":"https:\/\/rms-enlinea.com.ar\/tienda\/wp-json\/wp\/v2\/media?parent=52083"}],"wp:term":[{"taxonomy":"product_brand","embeddable":true,"href":"https:\/\/rms-enlinea.com.ar\/tienda\/wp-json\/wp\/v2\/product_brand?post=52083"},{"taxonomy":"product_cat","embeddable":true,"href":"https:\/\/rms-enlinea.com.ar\/tienda\/wp-json\/wp\/v2\/product_cat?post=52083"},{"taxonomy":"product_tag","embeddable":true,"href":"https:\/\/rms-enlinea.com.ar\/tienda\/wp-json\/wp\/v2\/product_tag?post=52083"}],"curies":[{"name":"wp","href":"https:\/\/api.w.org\/{rel}","templated":true}]}}