{"id":52086,"date":"2025-07-26T10:00:13","date_gmt":"2025-07-26T13:00:13","guid":{"rendered":"https:\/\/rms-enlinea.com.ar\/tienda\/producto\/agitador-percusion-grande-24-5x4-5x4-5cm-schlagwerk-sk40\/"},"modified":"2026-04-21T07:12:29","modified_gmt":"2026-04-21T10:12:29","slug":"agitador-percusion-grande-24-5x4-5x4-5cm-schlagwerk-sk40","status":"publish","type":"product","link":"https:\/\/rms-enlinea.com.ar\/tienda\/producto\/agitador-percusion-grande-24-5x4-5x4-5cm-schlagwerk-sk40\/","title":{"rendered":"Agitador Percusion Grande 24.5&#215;4.5&#215;4.5cm Schlagwerk Sk40"},"content":{"rendered":"<p>Agitador doble SK40<br \/>Este shaker de madera, totalmente profesional, es ideal para pr\u00e1cticamente cualquier situaci\u00f3n. Sus dos c\u00e1maras de relleno permiten diversas posibilidades de interpretaci\u00f3n y el sistema multic\u00e1mara crea un efecto est\u00e9reo.<\/p>\n<p>Chapa: Chapa con dise\u00f1o Black Eyes, chapas con dise\u00f1os variados<br \/>Cuerpo: abedul, SPL<br \/>Medidas: 24 x 4,5 x 4,5 cm<br \/>Componentes premium para el mejor sonido y la mejor calidad.<br \/>Sistema multic\u00e1mara con diferentes tama\u00f1os de c\u00e1mara<br \/>Vers\u00e1til en uso<\/p>\n","protected":false},"excerpt":{"rendered":"<p>Agitador doble SK40Este shaker de madera, totalmente profesional, es ideal para pr\u00e1cticamente cualquier situaci\u00f3n. Sus dos c\u00e1maras de relleno permiten diversas posibilidades de interpretaci\u00f3n y el sistema multic\u00e1mara crea un efecto est\u00e9reo. Chapa: Chapa con dise\u00f1o Black Eyes, chapas con dise\u00f1os variadosCuerpo: abedul, SPLMedidas: 24 x 4,5 x 4,5 cmComponentes premium para el mejor sonido [&hellip;]<\/p>\n","protected":false},"featured_media":52087,"comment_status":"open","ping_status":"closed","template":"","meta":{"_uag_custom_page_level_css":""},"product_brand":[601],"product_cat":[603],"product_tag":[],"class_list":{"0":"post-52086","1":"product","2":"type-product","3":"status-publish","4":"has-post-thumbnail","6":"product_brand-schlagwerk","7":"product_cat-cajones","9":"first","10":"outofstock","11":"sale","12":"taxable","13":"shipping-taxable","14":"purchasable","15":"product-type-simple"},"uagb_featured_image_src":{"full":["https:\/\/rms-enlinea.com.ar\/wp-content\/uploads\/2025\/07\/D_735720-MLA88348699304_072025-F.jpg",1200,760,false],"thumbnail":["https:\/\/rms-enlinea.com.ar\/wp-content\/uploads\/2025\/07\/D_735720-MLA88348699304_072025-F-150x150.jpg",150,150,true],"medium":["https:\/\/rms-enlinea.com.ar\/wp-content\/uploads\/2025\/07\/D_735720-MLA88348699304_072025-F-300x190.jpg",300,190,true],"medium_large":["https:\/\/rms-enlinea.com.ar\/wp-content\/uploads\/2025\/07\/D_735720-MLA88348699304_072025-F-768x486.jpg",768,486,true],"large":["https:\/\/rms-enlinea.com.ar\/wp-content\/uploads\/2025\/07\/D_735720-MLA88348699304_072025-F-1024x649.jpg",1024,649,true],"1536x1536":["https:\/\/rms-enlinea.com.ar\/wp-content\/uploads\/2025\/07\/D_735720-MLA88348699304_072025-F.jpg",1200,760,false],"2048x2048":["https:\/\/rms-enlinea.com.ar\/wp-content\/uploads\/2025\/07\/D_735720-MLA88348699304_072025-F.jpg",1200,760,false],"woocommerce_thumbnail":["https:\/\/rms-enlinea.com.ar\/wp-content\/uploads\/2025\/07\/D_735720-MLA88348699304_072025-F-450x450.jpg",450,450,true],"woocommerce_single":["https:\/\/rms-enlinea.com.ar\/wp-content\/uploads\/2025\/07\/D_735720-MLA88348699304_072025-F-600x380.jpg",600,380,true],"woocommerce_gallery_thumbnail":["https:\/\/rms-enlinea.com.ar\/wp-content\/uploads\/2025\/07\/D_735720-MLA88348699304_072025-F-100x100.jpg",100,100,true]},"uagb_author_info":{"display_name":"nelson","author_link":"https:\/\/rms-enlinea.com.ar\/tienda\/author\/"},"uagb_comment_info":0,"uagb_excerpt":"Agitador doble SK40Este shaker de madera, totalmente profesional, es ideal para pr\u00e1cticamente cualquier situaci\u00f3n. Sus dos c\u00e1maras de relleno permiten diversas posibilidades de interpretaci\u00f3n y el sistema multic\u00e1mara crea un efecto est\u00e9reo. Chapa: Chapa con dise\u00f1o Black Eyes, chapas con dise\u00f1os variadosCuerpo: abedul, SPLMedidas: 24 x 4,5 x 4,5 cmComponentes premium para el mejor sonido&hellip;","_links":{"self":[{"href":"https:\/\/rms-enlinea.com.ar\/tienda\/wp-json\/wp\/v2\/product\/52086","targetHints":{"allow":["GET"]}}],"collection":[{"href":"https:\/\/rms-enlinea.com.ar\/tienda\/wp-json\/wp\/v2\/product"}],"about":[{"href":"https:\/\/rms-enlinea.com.ar\/tienda\/wp-json\/wp\/v2\/types\/product"}],"replies":[{"embeddable":true,"href":"https:\/\/rms-enlinea.com.ar\/tienda\/wp-json\/wp\/v2\/comments?post=52086"}],"wp:featuredmedia":[{"embeddable":true,"href":"https:\/\/rms-enlinea.com.ar\/tienda\/wp-json\/wp\/v2\/media\/52087"}],"wp:attachment":[{"href":"https:\/\/rms-enlinea.com.ar\/tienda\/wp-json\/wp\/v2\/media?parent=52086"}],"wp:term":[{"taxonomy":"product_brand","embeddable":true,"href":"https:\/\/rms-enlinea.com.ar\/tienda\/wp-json\/wp\/v2\/product_brand?post=52086"},{"taxonomy":"product_cat","embeddable":true,"href":"https:\/\/rms-enlinea.com.ar\/tienda\/wp-json\/wp\/v2\/product_cat?post=52086"},{"taxonomy":"product_tag","embeddable":true,"href":"https:\/\/rms-enlinea.com.ar\/tienda\/wp-json\/wp\/v2\/product_tag?post=52086"}],"curies":[{"name":"wp","href":"https:\/\/api.w.org\/{rel}","templated":true}]}}