{"id":52092,"date":"2025-07-26T10:20:32","date_gmt":"2025-07-26T13:20:32","guid":{"rendered":"https:\/\/rms-enlinea.com.ar\/tienda\/producto\/bongos-de-madera-schlagwerk-wbm100\/"},"modified":"2026-03-31T19:53:59","modified_gmt":"2026-03-31T22:53:59","slug":"bongos-de-madera-schlagwerk-wbm100","status":"publish","type":"product","link":"https:\/\/rms-enlinea.com.ar\/tienda\/producto\/bongos-de-madera-schlagwerk-wbm100\/","title":{"rendered":"Bongos De Madera Schlagwerk Wbm100"},"content":{"rendered":"<p>Bong\u00f3s de madera WBM100 montables<br \/>Los bong\u00f3s de madera Schlagwerk WBM100 son una combinaci\u00f3n \u00fanica de caj\u00f3n y bong\u00f3set. Permiten tocar con las mismas manos y dedos que los bong\u00f3s convencionales. El bong\u00f3 disfruta de un sonido c\u00e1lido, potente y distintivo en el Hembra (el m\u00e1s grande de los dos tambores), mientras que el Macho destaca por su calidad para tocar solos. A diferencia de los instrumentos de piel, los bong\u00f3s de madera no se ven afectados por el clima, no requieren afinaci\u00f3n y, adem\u00e1s, ofrecen una alternativa econ\u00f3mica a los bong\u00f3s convencionales.<\/p>\n<p>Superficie de juego: Chapa de dise\u00f1o Black Eyes<br \/>Caja de resonancia: Gab\u00f3n (Aucoumea klaineana)<br \/>Medidas: aprox. 13 x 13 x 21 cm y 15 x 15 x 21 cm<br \/>Componentes premium para el mejor sonido y la mejor calidad.<br \/>Para montaje en tr\u00edpodes bongo est\u00e1ndar<br \/>Soporte no incluido<\/p>\n","protected":false},"excerpt":{"rendered":"<p>Bong\u00f3s de madera WBM100 montablesLos bong\u00f3s de madera Schlagwerk WBM100 son una combinaci\u00f3n \u00fanica de caj\u00f3n y bong\u00f3set. Permiten tocar con las mismas manos y dedos que los bong\u00f3s convencionales. El bong\u00f3 disfruta de un sonido c\u00e1lido, potente y distintivo en el Hembra (el m\u00e1s grande de los dos tambores), mientras que el Macho destaca [&hellip;]<\/p>\n","protected":false},"featured_media":52093,"comment_status":"open","ping_status":"closed","template":"","meta":{"_uag_custom_page_level_css":""},"product_brand":[601],"product_cat":[603],"product_tag":[],"class_list":{"0":"post-52092","1":"product","2":"type-product","3":"status-publish","4":"has-post-thumbnail","6":"product_brand-schlagwerk","7":"product_cat-cajones","9":"first","10":"outofstock","11":"sale","12":"taxable","13":"shipping-taxable","14":"purchasable","15":"product-type-simple"},"uagb_featured_image_src":{"full":["https:\/\/rms-enlinea.com.ar\/wp-content\/uploads\/2025\/07\/D_949248-MLA88350485082_072025-F.jpg",1200,970,false],"thumbnail":["https:\/\/rms-enlinea.com.ar\/wp-content\/uploads\/2025\/07\/D_949248-MLA88350485082_072025-F-150x150.jpg",150,150,true],"medium":["https:\/\/rms-enlinea.com.ar\/wp-content\/uploads\/2025\/07\/D_949248-MLA88350485082_072025-F-300x243.jpg",300,243,true],"medium_large":["https:\/\/rms-enlinea.com.ar\/wp-content\/uploads\/2025\/07\/D_949248-MLA88350485082_072025-F-768x621.jpg",768,621,true],"large":["https:\/\/rms-enlinea.com.ar\/wp-content\/uploads\/2025\/07\/D_949248-MLA88350485082_072025-F-1024x828.jpg",1024,828,true],"1536x1536":["https:\/\/rms-enlinea.com.ar\/wp-content\/uploads\/2025\/07\/D_949248-MLA88350485082_072025-F.jpg",1200,970,false],"2048x2048":["https:\/\/rms-enlinea.com.ar\/wp-content\/uploads\/2025\/07\/D_949248-MLA88350485082_072025-F.jpg",1200,970,false],"woocommerce_thumbnail":["https:\/\/rms-enlinea.com.ar\/wp-content\/uploads\/2025\/07\/D_949248-MLA88350485082_072025-F-450x450.jpg",450,450,true],"woocommerce_single":["https:\/\/rms-enlinea.com.ar\/wp-content\/uploads\/2025\/07\/D_949248-MLA88350485082_072025-F-600x485.jpg",600,485,true],"woocommerce_gallery_thumbnail":["https:\/\/rms-enlinea.com.ar\/wp-content\/uploads\/2025\/07\/D_949248-MLA88350485082_072025-F-100x100.jpg",100,100,true]},"uagb_author_info":{"display_name":"mario","author_link":"https:\/\/rms-enlinea.com.ar\/tienda\/author\/"},"uagb_comment_info":0,"uagb_excerpt":"Bong\u00f3s de madera WBM100 montablesLos bong\u00f3s de madera Schlagwerk WBM100 son una combinaci\u00f3n \u00fanica de caj\u00f3n y bong\u00f3set. Permiten tocar con las mismas manos y dedos que los bong\u00f3s convencionales. El bong\u00f3 disfruta de un sonido c\u00e1lido, potente y distintivo en el Hembra (el m\u00e1s grande de los dos tambores), mientras que el Macho destaca&hellip;","_links":{"self":[{"href":"https:\/\/rms-enlinea.com.ar\/tienda\/wp-json\/wp\/v2\/product\/52092","targetHints":{"allow":["GET"]}}],"collection":[{"href":"https:\/\/rms-enlinea.com.ar\/tienda\/wp-json\/wp\/v2\/product"}],"about":[{"href":"https:\/\/rms-enlinea.com.ar\/tienda\/wp-json\/wp\/v2\/types\/product"}],"replies":[{"embeddable":true,"href":"https:\/\/rms-enlinea.com.ar\/tienda\/wp-json\/wp\/v2\/comments?post=52092"}],"wp:featuredmedia":[{"embeddable":true,"href":"https:\/\/rms-enlinea.com.ar\/tienda\/wp-json\/wp\/v2\/media\/52093"}],"wp:attachment":[{"href":"https:\/\/rms-enlinea.com.ar\/tienda\/wp-json\/wp\/v2\/media?parent=52092"}],"wp:term":[{"taxonomy":"product_brand","embeddable":true,"href":"https:\/\/rms-enlinea.com.ar\/tienda\/wp-json\/wp\/v2\/product_brand?post=52092"},{"taxonomy":"product_cat","embeddable":true,"href":"https:\/\/rms-enlinea.com.ar\/tienda\/wp-json\/wp\/v2\/product_cat?post=52092"},{"taxonomy":"product_tag","embeddable":true,"href":"https:\/\/rms-enlinea.com.ar\/tienda\/wp-json\/wp\/v2\/product_tag?post=52092"}],"curies":[{"name":"wp","href":"https:\/\/api.w.org\/{rel}","templated":true}]}}