{"id":52100,"date":"2025-07-26T11:50:30","date_gmt":"2025-07-26T14:50:30","guid":{"rendered":"https:\/\/rms-enlinea.com.ar\/tienda\/producto\/hub-usb-c-5-en-1-rj-45-usb-a-d-link-dub-2334\/"},"modified":"2026-05-04T11:32:50","modified_gmt":"2026-05-04T14:32:50","slug":"hub-usb-c-5-en-1-rj-45-usb-a-d-link-dub-2334","status":"publish","type":"product","link":"https:\/\/rms-enlinea.com.ar\/tienda\/producto\/hub-usb-c-5-en-1-rj-45-usb-a-d-link-dub-2334\/","title":{"rendered":"Hub Usb-c 5 En 1 Rj-45 Usb-a D-link Dub-2334"},"content":{"rendered":"<p>3 puertos SuperSpeed USB 3.0<br \/>\n1 puerto USB-C con suministro de alimentaci\u00f3n hasta 60W<br \/>\n1 puerto Ethernet Gigabit RJ-45<br \/>\nDise\u00f1o de aleaci\u00f3n de aluminio<br \/>\nPlug &amp; play, compatible con Mac\/Windows\/Linux<\/p>\n<p>SuperSpeed USB 3.0<br \/>\nTransfiera datos a 5 Gbps. Ideal para la transferencia desde unidades USB, tel\u00e9fonos, tabletas, c\u00e1maras y otros perif\u00e9ricos.<\/p>\n<p>Conectar y utilizar<br \/>\nA\u00f1ada m\u00e1s puertos disponibles simplemente conectando el hub a un puerto USB-C. No se requiere software adicional.<\/p>\n<p>Suministro el\u00e9ctrico<br \/>\nConecte el cargador USB-C al puerto USB-C para suministrar hasta 60 W de alimentaci\u00f3n a trav\u00e9s del hub al port\u00e1til.<\/p>\n<p>Thunderbolt 3<br \/>\nUtilice el puerto Thunderbolt 3 para transferir datos, suministrar alimentaci\u00f3n o ampliar la pantalla en segundos.<\/p>\n<p>Carcasa resistente<br \/>\nDise\u00f1o compacto y ligero en gris espacial, con carcasa de aleaci\u00f3n de aluminio.<\/p>\n<p>Conectividad Gigabit Ethernet<br \/>\nD\u00e9 a su port\u00e1til una conexi\u00f3n Gigabit con cable instant\u00e1nea y fiable.<\/p>\n","protected":false},"excerpt":{"rendered":"<p>3 puertos SuperSpeed USB 3.0 1 puerto USB-C con suministro de alimentaci\u00f3n hasta 60W 1 puerto Ethernet Gigabit RJ-45 Dise\u00f1o de aleaci\u00f3n de aluminio Plug &amp; play, compatible con Mac\/Windows\/Linux SuperSpeed USB 3.0 Transfiera datos a 5 Gbps. Ideal para la transferencia desde unidades USB, tel\u00e9fonos, tabletas, c\u00e1maras y otros perif\u00e9ricos. Conectar y utilizar A\u00f1ada [&hellip;]<\/p>\n","protected":false},"featured_media":52101,"comment_status":"open","ping_status":"closed","template":"","meta":{"_uag_custom_page_level_css":""},"product_brand":[547],"product_cat":[122],"product_tag":[],"class_list":{"0":"post-52100","1":"product","2":"type-product","3":"status-publish","4":"has-post-thumbnail","6":"product_brand-dlink","7":"product_cat-redes-y-conectividad","9":"first","10":"outofstock","11":"sale","12":"taxable","13":"shipping-taxable","14":"purchasable","15":"product-type-simple"},"uagb_featured_image_src":{"full":["https:\/\/rms-enlinea.com.ar\/wp-content\/uploads\/2025\/07\/D_998427-MLA88353918872_072025-F.jpg",1200,404,false],"thumbnail":["https:\/\/rms-enlinea.com.ar\/wp-content\/uploads\/2025\/07\/D_998427-MLA88353918872_072025-F-150x150.jpg",150,150,true],"medium":["https:\/\/rms-enlinea.com.ar\/wp-content\/uploads\/2025\/07\/D_998427-MLA88353918872_072025-F-300x101.jpg",300,101,true],"medium_large":["https:\/\/rms-enlinea.com.ar\/wp-content\/uploads\/2025\/07\/D_998427-MLA88353918872_072025-F-768x259.jpg",768,259,true],"large":["https:\/\/rms-enlinea.com.ar\/wp-content\/uploads\/2025\/07\/D_998427-MLA88353918872_072025-F-1024x345.jpg",1024,345,true],"1536x1536":["https:\/\/rms-enlinea.com.ar\/wp-content\/uploads\/2025\/07\/D_998427-MLA88353918872_072025-F.jpg",1200,404,false],"2048x2048":["https:\/\/rms-enlinea.com.ar\/wp-content\/uploads\/2025\/07\/D_998427-MLA88353918872_072025-F.jpg",1200,404,false],"woocommerce_thumbnail":["https:\/\/rms-enlinea.com.ar\/wp-content\/uploads\/2025\/07\/D_998427-MLA88353918872_072025-F-450x404.jpg",450,404,true],"woocommerce_single":["https:\/\/rms-enlinea.com.ar\/wp-content\/uploads\/2025\/07\/D_998427-MLA88353918872_072025-F-600x202.jpg",600,202,true],"woocommerce_gallery_thumbnail":["https:\/\/rms-enlinea.com.ar\/wp-content\/uploads\/2025\/07\/D_998427-MLA88353918872_072025-F-100x100.jpg",100,100,true]},"uagb_author_info":{"display_name":"nelson","author_link":"https:\/\/rms-enlinea.com.ar\/tienda\/author\/"},"uagb_comment_info":0,"uagb_excerpt":"3 puertos SuperSpeed USB 3.0 1 puerto USB-C con suministro de alimentaci\u00f3n hasta 60W 1 puerto Ethernet Gigabit RJ-45 Dise\u00f1o de aleaci\u00f3n de aluminio Plug &amp; play, compatible con Mac\/Windows\/Linux SuperSpeed USB 3.0 Transfiera datos a 5 Gbps. Ideal para la transferencia desde unidades USB, tel\u00e9fonos, tabletas, c\u00e1maras y otros perif\u00e9ricos. Conectar y utilizar A\u00f1ada&hellip;","_links":{"self":[{"href":"https:\/\/rms-enlinea.com.ar\/tienda\/wp-json\/wp\/v2\/product\/52100","targetHints":{"allow":["GET"]}}],"collection":[{"href":"https:\/\/rms-enlinea.com.ar\/tienda\/wp-json\/wp\/v2\/product"}],"about":[{"href":"https:\/\/rms-enlinea.com.ar\/tienda\/wp-json\/wp\/v2\/types\/product"}],"replies":[{"embeddable":true,"href":"https:\/\/rms-enlinea.com.ar\/tienda\/wp-json\/wp\/v2\/comments?post=52100"}],"wp:featuredmedia":[{"embeddable":true,"href":"https:\/\/rms-enlinea.com.ar\/tienda\/wp-json\/wp\/v2\/media\/52101"}],"wp:attachment":[{"href":"https:\/\/rms-enlinea.com.ar\/tienda\/wp-json\/wp\/v2\/media?parent=52100"}],"wp:term":[{"taxonomy":"product_brand","embeddable":true,"href":"https:\/\/rms-enlinea.com.ar\/tienda\/wp-json\/wp\/v2\/product_brand?post=52100"},{"taxonomy":"product_cat","embeddable":true,"href":"https:\/\/rms-enlinea.com.ar\/tienda\/wp-json\/wp\/v2\/product_cat?post=52100"},{"taxonomy":"product_tag","embeddable":true,"href":"https:\/\/rms-enlinea.com.ar\/tienda\/wp-json\/wp\/v2\/product_tag?post=52100"}],"curies":[{"name":"wp","href":"https:\/\/api.w.org\/{rel}","templated":true}]}}