{"id":52105,"date":"2025-07-26T12:10:38","date_gmt":"2025-07-26T15:10:38","guid":{"rendered":"https:\/\/rms-enlinea.com.ar\/tienda\/producto\/procesador-amd-ryzen-7-8700f-am5-5ghz-8-nucleos-16-subproces\/"},"modified":"2026-04-21T04:58:48","modified_gmt":"2026-04-21T07:58:48","slug":"procesador-amd-ryzen-7-8700f-am5-5ghz-8-nucleos-16-subproces","status":"publish","type":"product","link":"https:\/\/rms-enlinea.com.ar\/tienda\/producto\/procesador-amd-ryzen-7-8700f-am5-5ghz-8-nucleos-16-subproces\/","title":{"rendered":"Procesador Amd Ryzen 7 8700f Am5 5ghz 8 Nucleos 16 Subproces"},"content":{"rendered":"<p>General Specifications<br \/>Nombre<br \/>AMD Ryzen\u2122 7 8700F<br \/>Familia<br \/>Ryzen<br \/>Serie<br \/>Ryzen 8000 Series<br \/>Formato<br \/>Computadoras de escritorio<br \/>AMD PRO Technologies<br \/>No<br \/>Uso para consumidor<br \/>S\u00ed<br \/>Disponibilidad regional<br \/>Global<br \/>Nombre de c\u00f3digo anterior<br \/>Phoenix<br \/>Arquitectura<br \/>Zen 4<br \/>N.\u00ba de n\u00facleos de CPU<br \/>8<br \/>M\u00faltiples subprocesos (SMT)<br \/>S\u00ed<br \/>N.\u00ba de subprocesos<br \/>16<br \/>Reloj turbo m\u00e1ximo <br \/>Hasta 5 GHz<br \/>Reloj base <br \/>4.1 GHz<br \/>Cach\u00e9 L2<br \/>8 MB<br \/>Cach\u00e9 L3<br \/>16 MB<br \/>TDP predeterminada<br \/>65W<br \/>TDP configurable de AMD (cTDP)<br \/>45-65W<br \/>Tecnolog\u00eda de procesador para n\u00facleos de CPU<br \/>TSMC 4nm FinFET<br \/>Tama\u00f1o del chip de procesamiento de CPU (CCD)<br \/>178mm\u00b2<br \/>Recuento del chip del paquete<br \/>1<br \/>Desbloqueado para overclocking <br \/>S\u00ed<br \/>AMD EXPO\u2122 Memory Overclocking Technology<br \/>S\u00ed<br \/>Precision Boost Overdrive<br \/>S\u00ed<br \/>Compensaciones de voltaje del optimizador de curva<br \/>S\u00ed<br \/>AMD Ryzen\u2122 Master Support<br \/>S\u00ed<br \/>Socket de CPU<br \/>AM5<br \/>CPU Boost Technology<br \/>Precision Boost 2<br \/>Conjunto de instrucciones<br \/>x86-64<br \/>Extensiones compatibles<br \/>AES , AMD-V , AVX , AVX2 , AVX512 , FMA3 , MMX-plus , SHA , SSE , SSE2 , SSE3 , SSSE3 , SSE4.1 , SSE4.2 , SSE4A , x86-64<br \/>Temperatura de funcionamiento m\u00e1xima (Tjmax)<br \/>95\u00b0C<br \/>Fecha de lanzamiento<br \/>04\/01\/2024<br \/>* Compatibilidad con SO<br \/>Windows 11 &#8211; 64-Bit Edition , Windows 10 &#8211; 64-Bit Edition , RHEL x86 64-Bit , Ubuntu x86 64-Bit<br \/>Connectivity<br \/>Native USB 4 (40Gbps) Ports<br \/>2<br \/>Puertos USB 3.2 de 2.\u00aa generaci\u00f3n nativos (10 Gbps)<br \/>2<br \/>Puertos USB 2.0 (480 Mbps) nativos<br \/>1<br \/>PCI Express\u00ae Version<br \/>PCIe\u00ae 4.0<br \/>Native PCIe\u00ae Lanes (Total\/Usable)<br \/>20 , 16<br \/>Compatibilidad con NVMe<br \/>Boot , RAID0 , RAID1<br \/>Tipo de memoria del sistema<br \/>DDR5<br \/>Canales de memoria<br \/>2<br \/>Max. Memory<br \/>256 GB<br \/>System Memory Subtype<br \/>UDIMM<br \/>Max Memory Speed<br \/>2x1R\tDDR5-5200<br \/>2x2R\tDDR5-5200<br \/>4x1R\tDDR5-3600<br \/>4x2R\tDDR5-3600<br \/>Graphics Capabilities<br \/>Modelo de tarjeta gr\u00e1fica<br \/>Se requiere una tarjeta gr\u00e1fica independiente<br \/>AMD SmartAccess Memory<br \/>Disponible<br \/>AI Engine Capabilities<br \/>Brand Name<br \/>AMD Ryzen\u2122 AI<br \/>AMD Ryzen\u2122 AI<br \/>Available when paired with a compatible Radeon graphics card with AI acceleration<br \/>Performance<br \/>Hasta 16 TOPS<br \/>Product IDs<br \/>Identificaci\u00f3n del producto en caja<br \/>100-100001590BOX , 100-100001590CBX<br \/>Bandeja de identificaci\u00f3n del producto<br \/>100-000001590 (AM5)<br \/>Identificaci\u00f3n del producto MPK<br \/>100-100001590MPK , 100-100001590CPK<br \/>Security, Virtualization, and Manageability<br \/>AMD Enhanced Virus Protection (NX bit)<br \/>S\u00ed<\/p>\n","protected":false},"excerpt":{"rendered":"<p>General SpecificationsNombreAMD Ryzen\u2122 7 8700FFamiliaRyzenSerieRyzen 8000 SeriesFormatoComputadoras de escritorioAMD PRO TechnologiesNoUso para consumidorS\u00edDisponibilidad regionalGlobalNombre de c\u00f3digo anteriorPhoenixArquitecturaZen 4N.\u00ba de n\u00facleos de CPU8M\u00faltiples subprocesos (SMT)S\u00edN.\u00ba de subprocesos16Reloj turbo m\u00e1ximo Hasta 5 GHzReloj base 4.1 GHzCach\u00e9 L28 MBCach\u00e9 L316 MBTDP predeterminada65WTDP configurable de AMD (cTDP)45-65WTecnolog\u00eda de procesador para n\u00facleos de CPUTSMC 4nm FinFETTama\u00f1o del chip de procesamiento [&hellip;]<\/p>\n","protected":false},"featured_media":44126,"comment_status":"open","ping_status":"closed","template":"","meta":{"_uag_custom_page_level_css":""},"product_brand":[531],"product_cat":[121],"product_tag":[],"class_list":{"0":"post-52105","1":"product","2":"type-product","3":"status-publish","4":"has-post-thumbnail","6":"product_brand-amd","7":"product_cat-procesadores-computacion","9":"first","10":"outofstock","11":"sale","12":"taxable","13":"shipping-taxable","14":"purchasable","15":"product-type-simple"},"uagb_featured_image_src":{"full":["https:\/\/rms-enlinea.com.ar\/wp-content\/uploads\/2025\/06\/D_735442-MLA76567726541_052024-F.jpg",1200,1077,false],"thumbnail":["https:\/\/rms-enlinea.com.ar\/wp-content\/uploads\/2025\/06\/D_735442-MLA76567726541_052024-F-150x150.jpg",150,150,true],"medium":["https:\/\/rms-enlinea.com.ar\/wp-content\/uploads\/2025\/06\/D_735442-MLA76567726541_052024-F-300x269.jpg",300,269,true],"medium_large":["https:\/\/rms-enlinea.com.ar\/wp-content\/uploads\/2025\/06\/D_735442-MLA76567726541_052024-F-768x689.jpg",768,689,true],"large":["https:\/\/rms-enlinea.com.ar\/wp-content\/uploads\/2025\/06\/D_735442-MLA76567726541_052024-F-1024x919.jpg",1024,919,true],"1536x1536":["https:\/\/rms-enlinea.com.ar\/wp-content\/uploads\/2025\/06\/D_735442-MLA76567726541_052024-F.jpg",1200,1077,false],"2048x2048":["https:\/\/rms-enlinea.com.ar\/wp-content\/uploads\/2025\/06\/D_735442-MLA76567726541_052024-F.jpg",1200,1077,false],"woocommerce_thumbnail":["https:\/\/rms-enlinea.com.ar\/wp-content\/uploads\/2025\/06\/D_735442-MLA76567726541_052024-F-450x450.jpg",450,450,true],"woocommerce_single":["https:\/\/rms-enlinea.com.ar\/wp-content\/uploads\/2025\/06\/D_735442-MLA76567726541_052024-F-600x539.jpg",600,539,true],"woocommerce_gallery_thumbnail":["https:\/\/rms-enlinea.com.ar\/wp-content\/uploads\/2025\/06\/D_735442-MLA76567726541_052024-F-100x100.jpg",100,100,true]},"uagb_author_info":{"display_name":"nelson","author_link":"https:\/\/rms-enlinea.com.ar\/tienda\/author\/"},"uagb_comment_info":0,"uagb_excerpt":"General SpecificationsNombreAMD Ryzen\u2122 7 8700FFamiliaRyzenSerieRyzen 8000 SeriesFormatoComputadoras de escritorioAMD PRO TechnologiesNoUso para consumidorS\u00edDisponibilidad regionalGlobalNombre de c\u00f3digo anteriorPhoenixArquitecturaZen 4N.\u00ba de n\u00facleos de CPU8M\u00faltiples subprocesos (SMT)S\u00edN.\u00ba de subprocesos16Reloj turbo m\u00e1ximo Hasta 5 GHzReloj base 4.1 GHzCach\u00e9 L28 MBCach\u00e9 L316 MBTDP predeterminada65WTDP configurable de AMD (cTDP)45-65WTecnolog\u00eda de procesador para n\u00facleos de CPUTSMC 4nm FinFETTama\u00f1o del chip de procesamiento&hellip;","_links":{"self":[{"href":"https:\/\/rms-enlinea.com.ar\/tienda\/wp-json\/wp\/v2\/product\/52105","targetHints":{"allow":["GET"]}}],"collection":[{"href":"https:\/\/rms-enlinea.com.ar\/tienda\/wp-json\/wp\/v2\/product"}],"about":[{"href":"https:\/\/rms-enlinea.com.ar\/tienda\/wp-json\/wp\/v2\/types\/product"}],"replies":[{"embeddable":true,"href":"https:\/\/rms-enlinea.com.ar\/tienda\/wp-json\/wp\/v2\/comments?post=52105"}],"wp:featuredmedia":[{"embeddable":true,"href":"https:\/\/rms-enlinea.com.ar\/tienda\/wp-json\/wp\/v2\/media\/44126"}],"wp:attachment":[{"href":"https:\/\/rms-enlinea.com.ar\/tienda\/wp-json\/wp\/v2\/media?parent=52105"}],"wp:term":[{"taxonomy":"product_brand","embeddable":true,"href":"https:\/\/rms-enlinea.com.ar\/tienda\/wp-json\/wp\/v2\/product_brand?post=52105"},{"taxonomy":"product_cat","embeddable":true,"href":"https:\/\/rms-enlinea.com.ar\/tienda\/wp-json\/wp\/v2\/product_cat?post=52105"},{"taxonomy":"product_tag","embeddable":true,"href":"https:\/\/rms-enlinea.com.ar\/tienda\/wp-json\/wp\/v2\/product_tag?post=52105"}],"curies":[{"name":"wp","href":"https:\/\/api.w.org\/{rel}","templated":true}]}}