{"id":52106,"date":"2025-07-26T12:10:43","date_gmt":"2025-07-26T15:10:43","guid":{"rendered":"https:\/\/rms-enlinea.com.ar\/tienda\/producto\/procesador-amd-ryzen-5-8400f-am5-ddr5-s-graficos-c-cooler\/"},"modified":"2026-04-21T05:00:31","modified_gmt":"2026-04-21T08:00:31","slug":"procesador-amd-ryzen-5-8400f-am5-ddr5-s-graficos-c-cooler","status":"publish","type":"product","link":"https:\/\/rms-enlinea.com.ar\/tienda\/producto\/procesador-amd-ryzen-5-8400f-am5-ddr5-s-graficos-c-cooler\/","title":{"rendered":"Procesador Amd Ryzen 5 8400f Am5 Ddr5 S\/graficos C\/cooler"},"content":{"rendered":"<p>General Specifications<br \/>Regional Availability Global, China, NA, EMEA, APJ, LATAM<br \/>Plataforma Computadora de escritorio<br \/>Familia de productos AMD Ryzen\u2122 Processors<br \/>L\u00ednea de productos AMD Ryzen\u2122 5 Desktop Processors<br \/># de n\u00facleos de CPU 6<br \/># de hilos 12<br \/>Reloj de aumento m\u00e1x. Hasta 4.7GHz<br \/>Reloj base 4.2GHz<br \/>Cach\u00e9 L2 total 6MB<br \/>Cach\u00e9 L3 total 16MB<br \/>TDP\/TDP predeterminado 65W<br \/>AMD Configurable TDP (cTDP) 45-65W<br \/>Processor Technology for CPU Cores TSMC 4nm FinFET<br \/>Desbloqueados S\u00ed<br \/>CPU Socket AM5<br \/>Temp. m\u00e1x. 95\u00b0C<br \/>Launch Date 1\/4\/2024<br \/>*Compatible con SO Windows 11 &#8211; Edici\u00f3n de 64-bits Windows 10 edici\u00f3n de 64\u00b7bits RHEL x86 edici\u00f3n de 64\u00b7bits Ubuntu x86 edici\u00f3n de 64\u00b7bits *El soporte del sistema operativo (SO) variar\u00e1 seg\u00fan el fabricante.<\/p>\n<p>Connectivity<br \/>Versi\u00f3n de PCI Express PCIe 4.0<br \/>Tipo de memoria DDR5<br \/>Canales de memoria 2<br \/>Max Memory Speed 2x1R DDR5-5200 2x2R DDR5-5200 4x1R DDR5-3600 4x2R DDR5-3600<\/p>\n<p>AI Engine Capabilities<br \/>AMD Ryzen\u2122 AI Not Available<\/p>\n","protected":false},"excerpt":{"rendered":"<p>General SpecificationsRegional Availability Global, China, NA, EMEA, APJ, LATAMPlataforma Computadora de escritorioFamilia de productos AMD Ryzen\u2122 ProcessorsL\u00ednea de productos AMD Ryzen\u2122 5 Desktop Processors# de n\u00facleos de CPU 6# de hilos 12Reloj de aumento m\u00e1x. Hasta 4.7GHzReloj base 4.2GHzCach\u00e9 L2 total 6MBCach\u00e9 L3 total 16MBTDP\/TDP predeterminado 65WAMD Configurable TDP (cTDP) 45-65WProcessor Technology for CPU Cores [&hellip;]<\/p>\n","protected":false},"featured_media":29569,"comment_status":"open","ping_status":"closed","template":"","meta":{"_uag_custom_page_level_css":""},"product_brand":[531],"product_cat":[121],"product_tag":[],"class_list":{"0":"post-52106","1":"product","2":"type-product","3":"status-publish","4":"has-post-thumbnail","6":"product_brand-amd","7":"product_cat-procesadores-computacion","9":"first","10":"outofstock","11":"sale","12":"taxable","13":"shipping-taxable","14":"purchasable","15":"product-type-simple"},"uagb_featured_image_src":{"full":["https:\/\/rms-enlinea.com.ar\/wp-content\/uploads\/2025\/06\/D_706761-MLA76178026058_052024-F.jpg",1200,1077,false],"thumbnail":["https:\/\/rms-enlinea.com.ar\/wp-content\/uploads\/2025\/06\/D_706761-MLA76178026058_052024-F-150x150.jpg",150,150,true],"medium":["https:\/\/rms-enlinea.com.ar\/wp-content\/uploads\/2025\/06\/D_706761-MLA76178026058_052024-F-300x269.jpg",300,269,true],"medium_large":["https:\/\/rms-enlinea.com.ar\/wp-content\/uploads\/2025\/06\/D_706761-MLA76178026058_052024-F-768x689.jpg",768,689,true],"large":["https:\/\/rms-enlinea.com.ar\/wp-content\/uploads\/2025\/06\/D_706761-MLA76178026058_052024-F-1024x919.jpg",1024,919,true],"1536x1536":["https:\/\/rms-enlinea.com.ar\/wp-content\/uploads\/2025\/06\/D_706761-MLA76178026058_052024-F.jpg",1200,1077,false],"2048x2048":["https:\/\/rms-enlinea.com.ar\/wp-content\/uploads\/2025\/06\/D_706761-MLA76178026058_052024-F.jpg",1200,1077,false],"woocommerce_thumbnail":["https:\/\/rms-enlinea.com.ar\/wp-content\/uploads\/2025\/06\/D_706761-MLA76178026058_052024-F-450x450.jpg",450,450,true],"woocommerce_single":["https:\/\/rms-enlinea.com.ar\/wp-content\/uploads\/2025\/06\/D_706761-MLA76178026058_052024-F-600x539.jpg",600,539,true],"woocommerce_gallery_thumbnail":["https:\/\/rms-enlinea.com.ar\/wp-content\/uploads\/2025\/06\/D_706761-MLA76178026058_052024-F-100x100.jpg",100,100,true]},"uagb_author_info":{"display_name":"nelson","author_link":"https:\/\/rms-enlinea.com.ar\/tienda\/author\/"},"uagb_comment_info":0,"uagb_excerpt":"General SpecificationsRegional Availability Global, China, NA, EMEA, APJ, LATAMPlataforma Computadora de escritorioFamilia de productos AMD Ryzen\u2122 ProcessorsL\u00ednea de productos AMD Ryzen\u2122 5 Desktop Processors# de n\u00facleos de CPU 6# de hilos 12Reloj de aumento m\u00e1x. Hasta 4.7GHzReloj base 4.2GHzCach\u00e9 L2 total 6MBCach\u00e9 L3 total 16MBTDP\/TDP predeterminado 65WAMD Configurable TDP (cTDP) 45-65WProcessor Technology for CPU Cores&hellip;","_links":{"self":[{"href":"https:\/\/rms-enlinea.com.ar\/tienda\/wp-json\/wp\/v2\/product\/52106","targetHints":{"allow":["GET"]}}],"collection":[{"href":"https:\/\/rms-enlinea.com.ar\/tienda\/wp-json\/wp\/v2\/product"}],"about":[{"href":"https:\/\/rms-enlinea.com.ar\/tienda\/wp-json\/wp\/v2\/types\/product"}],"replies":[{"embeddable":true,"href":"https:\/\/rms-enlinea.com.ar\/tienda\/wp-json\/wp\/v2\/comments?post=52106"}],"wp:featuredmedia":[{"embeddable":true,"href":"https:\/\/rms-enlinea.com.ar\/tienda\/wp-json\/wp\/v2\/media\/29569"}],"wp:attachment":[{"href":"https:\/\/rms-enlinea.com.ar\/tienda\/wp-json\/wp\/v2\/media?parent=52106"}],"wp:term":[{"taxonomy":"product_brand","embeddable":true,"href":"https:\/\/rms-enlinea.com.ar\/tienda\/wp-json\/wp\/v2\/product_brand?post=52106"},{"taxonomy":"product_cat","embeddable":true,"href":"https:\/\/rms-enlinea.com.ar\/tienda\/wp-json\/wp\/v2\/product_cat?post=52106"},{"taxonomy":"product_tag","embeddable":true,"href":"https:\/\/rms-enlinea.com.ar\/tienda\/wp-json\/wp\/v2\/product_tag?post=52106"}],"curies":[{"name":"wp","href":"https:\/\/api.w.org\/{rel}","templated":true}]}}