{"id":52117,"date":"2025-07-26T13:20:27","date_gmt":"2025-07-26T16:20:27","guid":{"rendered":"https:\/\/rms-enlinea.com.ar\/tienda\/producto\/mouse-gamer-inalambrico-corsair-nightsabre-slipstream-rgb\/"},"modified":"2026-04-06T14:07:40","modified_gmt":"2026-04-06T17:07:40","slug":"mouse-gamer-inalambrico-corsair-nightsabre-slipstream-rgb","status":"publish","type":"product","link":"https:\/\/rms-enlinea.com.ar\/tienda\/producto\/mouse-gamer-inalambrico-corsair-nightsabre-slipstream-rgb\/","title":{"rendered":"Mouse Gamer Inalambrico Corsair Nightsabre Slipstream Rgb"},"content":{"rendered":"<p>Conectividad<br \/>\nInal\u00e1mbrica<br \/>\nCompatibilidad con el rat\u00f3n PC o Mac\u00ae con un puerto USB 2.0 Tipo-A<br \/>\nTipo de sensor \u00d3ptico<br \/>\nTipo de juego FPS; Battle Royale; MOBA<br \/>\nPerfiles de memoria a bordo 5<br \/>\nDuraci\u00f3n de la bater\u00eda 2.4GHz SLIPSTREAM: Hasta 65 horas de uso continuo<br \/>\nTipo de agarre Palma; Garra; Punta de los dedos<br \/>\nTama\u00f1o de la mano Mediana<br \/>\nG\u00e9nero de juego FPS; Battle Royale; MOBA<br \/>\nCable Fibra trenzada de 1.8m<br \/>\nSensor MARKSMAN 26K<br \/>\nPeso 0.098 kg<\/p>\n","protected":false},"excerpt":{"rendered":"<p>Conectividad Inal\u00e1mbrica Compatibilidad con el rat\u00f3n PC o Mac\u00ae con un puerto USB 2.0 Tipo-A Tipo de sensor \u00d3ptico Tipo de juego FPS; Battle Royale; MOBA Perfiles de memoria a bordo 5 Duraci\u00f3n de la bater\u00eda 2.4GHz SLIPSTREAM: Hasta 65 horas de uso continuo Tipo de agarre Palma; Garra; Punta de los dedos Tama\u00f1o de [&hellip;]<\/p>\n","protected":false},"featured_media":52118,"comment_status":"open","ping_status":"closed","template":"","meta":{"_uag_custom_page_level_css":""},"product_brand":[555],"product_cat":[125],"product_tag":[],"class_list":{"0":"post-52117","1":"product","2":"type-product","3":"status-publish","4":"has-post-thumbnail","6":"product_brand-corsair","7":"product_cat-teclados-y-mouses","9":"first","10":"instock","11":"sale","12":"taxable","13":"shipping-taxable","14":"purchasable","15":"product-type-simple"},"uagb_featured_image_src":{"full":["https:\/\/rms-enlinea.com.ar\/wp-content\/uploads\/2025\/07\/D_649983-MLA79590497755_092024-F.jpg",972,1200,false],"thumbnail":["https:\/\/rms-enlinea.com.ar\/wp-content\/uploads\/2025\/07\/D_649983-MLA79590497755_092024-F-150x150.jpg",150,150,true],"medium":["https:\/\/rms-enlinea.com.ar\/wp-content\/uploads\/2025\/07\/D_649983-MLA79590497755_092024-F-243x300.jpg",243,300,true],"medium_large":["https:\/\/rms-enlinea.com.ar\/wp-content\/uploads\/2025\/07\/D_649983-MLA79590497755_092024-F-768x948.jpg",768,948,true],"large":["https:\/\/rms-enlinea.com.ar\/wp-content\/uploads\/2025\/07\/D_649983-MLA79590497755_092024-F-829x1024.jpg",829,1024,true],"1536x1536":["https:\/\/rms-enlinea.com.ar\/wp-content\/uploads\/2025\/07\/D_649983-MLA79590497755_092024-F.jpg",972,1200,false],"2048x2048":["https:\/\/rms-enlinea.com.ar\/wp-content\/uploads\/2025\/07\/D_649983-MLA79590497755_092024-F.jpg",972,1200,false],"woocommerce_thumbnail":["https:\/\/rms-enlinea.com.ar\/wp-content\/uploads\/2025\/07\/D_649983-MLA79590497755_092024-F-450x450.jpg",450,450,true],"woocommerce_single":["https:\/\/rms-enlinea.com.ar\/wp-content\/uploads\/2025\/07\/D_649983-MLA79590497755_092024-F-600x741.jpg",600,741,true],"woocommerce_gallery_thumbnail":["https:\/\/rms-enlinea.com.ar\/wp-content\/uploads\/2025\/07\/D_649983-MLA79590497755_092024-F-100x100.jpg",100,100,true]},"uagb_author_info":{"display_name":"nelson","author_link":"https:\/\/rms-enlinea.com.ar\/tienda\/author\/"},"uagb_comment_info":0,"uagb_excerpt":"Conectividad Inal\u00e1mbrica Compatibilidad con el rat\u00f3n PC o Mac\u00ae con un puerto USB 2.0 Tipo-A Tipo de sensor \u00d3ptico Tipo de juego FPS; Battle Royale; MOBA Perfiles de memoria a bordo 5 Duraci\u00f3n de la bater\u00eda 2.4GHz SLIPSTREAM: Hasta 65 horas de uso continuo Tipo de agarre Palma; Garra; Punta de los dedos Tama\u00f1o de&hellip;","_links":{"self":[{"href":"https:\/\/rms-enlinea.com.ar\/tienda\/wp-json\/wp\/v2\/product\/52117","targetHints":{"allow":["GET"]}}],"collection":[{"href":"https:\/\/rms-enlinea.com.ar\/tienda\/wp-json\/wp\/v2\/product"}],"about":[{"href":"https:\/\/rms-enlinea.com.ar\/tienda\/wp-json\/wp\/v2\/types\/product"}],"replies":[{"embeddable":true,"href":"https:\/\/rms-enlinea.com.ar\/tienda\/wp-json\/wp\/v2\/comments?post=52117"}],"wp:featuredmedia":[{"embeddable":true,"href":"https:\/\/rms-enlinea.com.ar\/tienda\/wp-json\/wp\/v2\/media\/52118"}],"wp:attachment":[{"href":"https:\/\/rms-enlinea.com.ar\/tienda\/wp-json\/wp\/v2\/media?parent=52117"}],"wp:term":[{"taxonomy":"product_brand","embeddable":true,"href":"https:\/\/rms-enlinea.com.ar\/tienda\/wp-json\/wp\/v2\/product_brand?post=52117"},{"taxonomy":"product_cat","embeddable":true,"href":"https:\/\/rms-enlinea.com.ar\/tienda\/wp-json\/wp\/v2\/product_cat?post=52117"},{"taxonomy":"product_tag","embeddable":true,"href":"https:\/\/rms-enlinea.com.ar\/tienda\/wp-json\/wp\/v2\/product_tag?post=52117"}],"curies":[{"name":"wp","href":"https:\/\/api.w.org\/{rel}","templated":true}]}}