{"id":52131,"date":"2025-07-26T13:40:14","date_gmt":"2025-07-26T16:40:14","guid":{"rendered":"https:\/\/rms-enlinea.com.ar\/tienda\/producto\/procesador-gamer-amd-ryzen-5-7600-am5-c-video-c-cooler\/"},"modified":"2026-03-28T12:20:54","modified_gmt":"2026-03-28T15:20:54","slug":"procesador-gamer-amd-ryzen-5-7600-am5-c-video-c-cooler","status":"publish","type":"product","link":"https:\/\/rms-enlinea.com.ar\/tienda\/producto\/procesador-gamer-amd-ryzen-5-7600-am5-c-video-c-cooler\/","title":{"rendered":"Procesador Gamer Amd Ryzen 5 7600 Am5 C\/ Video C\/ Cooler"},"content":{"rendered":"<p>Clave en el rendimiento de tu computadora de escritorio, ya no ten\u00e9s que pensar en c\u00f3mo distribuir el tiempo y acciones porque ahora las tareas en simult\u00e1neo son posibles.<br \/>\nAMD cuenta con un cat\u00e1logo de productos que se adaptan a los requerimientos de todo tipo de usuarios: juegos en l\u00ednea, edici\u00f3n a gran escala, contenido en m\u00faltiples plataformas y m\u00e1s.<\/p>\n<p>M\u00e1xima potencia<br \/>\nAl estar desbloqueado, podr\u00e1s realizar overclocking y as\u00ed aumentar la frecuencia de funcionamiento y optimizar el rendimiento de tu equipo. Personalizalo a tu gusto y disfrut\u00e1 de tus videojuegos o hac\u00e9 que la renderizaci\u00f3n de im\u00e1genes sea m\u00e1s \u00e1gil. \u00a1Descubr\u00ed el abanico de posibilidades que esta funci\u00f3n te ofrece!<\/p>\n","protected":false},"excerpt":{"rendered":"<p>Clave en el rendimiento de tu computadora de escritorio, ya no ten\u00e9s que pensar en c\u00f3mo distribuir el tiempo y acciones porque ahora las tareas en simult\u00e1neo son posibles. AMD cuenta con un cat\u00e1logo de productos que se adaptan a los requerimientos de todo tipo de usuarios: juegos en l\u00ednea, edici\u00f3n a gran escala, contenido [&hellip;]<\/p>\n","protected":false},"featured_media":5561,"comment_status":"open","ping_status":"closed","template":"","meta":{"_uag_custom_page_level_css":""},"product_brand":[531],"product_cat":[121],"product_tag":[],"class_list":{"0":"post-52131","1":"product","2":"type-product","3":"status-publish","4":"has-post-thumbnail","6":"product_brand-amd","7":"product_cat-procesadores-computacion","9":"first","10":"outofstock","11":"sale","12":"taxable","13":"shipping-taxable","14":"purchasable","15":"product-type-simple"},"uagb_featured_image_src":{"full":["https:\/\/rms-enlinea.com.ar\/wp-content\/uploads\/2025\/06\/D_858173-MLA54765873508_032023-F.jpg",1171,1160,false],"thumbnail":["https:\/\/rms-enlinea.com.ar\/wp-content\/uploads\/2025\/06\/D_858173-MLA54765873508_032023-F-150x150.jpg",150,150,true],"medium":["https:\/\/rms-enlinea.com.ar\/wp-content\/uploads\/2025\/06\/D_858173-MLA54765873508_032023-F-300x297.jpg",300,297,true],"medium_large":["https:\/\/rms-enlinea.com.ar\/wp-content\/uploads\/2025\/06\/D_858173-MLA54765873508_032023-F-768x761.jpg",768,761,true],"large":["https:\/\/rms-enlinea.com.ar\/wp-content\/uploads\/2025\/06\/D_858173-MLA54765873508_032023-F-1024x1014.jpg",1024,1014,true],"1536x1536":["https:\/\/rms-enlinea.com.ar\/wp-content\/uploads\/2025\/06\/D_858173-MLA54765873508_032023-F.jpg",1171,1160,false],"2048x2048":["https:\/\/rms-enlinea.com.ar\/wp-content\/uploads\/2025\/06\/D_858173-MLA54765873508_032023-F.jpg",1171,1160,false],"woocommerce_thumbnail":["https:\/\/rms-enlinea.com.ar\/wp-content\/uploads\/2025\/06\/D_858173-MLA54765873508_032023-F-450x450.jpg",450,450,true],"woocommerce_single":["https:\/\/rms-enlinea.com.ar\/wp-content\/uploads\/2025\/06\/D_858173-MLA54765873508_032023-F-600x594.jpg",600,594,true],"woocommerce_gallery_thumbnail":["https:\/\/rms-enlinea.com.ar\/wp-content\/uploads\/2025\/06\/D_858173-MLA54765873508_032023-F-100x100.jpg",100,100,true]},"uagb_author_info":{"display_name":"nelson","author_link":"https:\/\/rms-enlinea.com.ar\/tienda\/author\/"},"uagb_comment_info":0,"uagb_excerpt":"Clave en el rendimiento de tu computadora de escritorio, ya no ten\u00e9s que pensar en c\u00f3mo distribuir el tiempo y acciones porque ahora las tareas en simult\u00e1neo son posibles. AMD cuenta con un cat\u00e1logo de productos que se adaptan a los requerimientos de todo tipo de usuarios: juegos en l\u00ednea, edici\u00f3n a gran escala, contenido&hellip;","_links":{"self":[{"href":"https:\/\/rms-enlinea.com.ar\/tienda\/wp-json\/wp\/v2\/product\/52131","targetHints":{"allow":["GET"]}}],"collection":[{"href":"https:\/\/rms-enlinea.com.ar\/tienda\/wp-json\/wp\/v2\/product"}],"about":[{"href":"https:\/\/rms-enlinea.com.ar\/tienda\/wp-json\/wp\/v2\/types\/product"}],"replies":[{"embeddable":true,"href":"https:\/\/rms-enlinea.com.ar\/tienda\/wp-json\/wp\/v2\/comments?post=52131"}],"wp:featuredmedia":[{"embeddable":true,"href":"https:\/\/rms-enlinea.com.ar\/tienda\/wp-json\/wp\/v2\/media\/5561"}],"wp:attachment":[{"href":"https:\/\/rms-enlinea.com.ar\/tienda\/wp-json\/wp\/v2\/media?parent=52131"}],"wp:term":[{"taxonomy":"product_brand","embeddable":true,"href":"https:\/\/rms-enlinea.com.ar\/tienda\/wp-json\/wp\/v2\/product_brand?post=52131"},{"taxonomy":"product_cat","embeddable":true,"href":"https:\/\/rms-enlinea.com.ar\/tienda\/wp-json\/wp\/v2\/product_cat?post=52131"},{"taxonomy":"product_tag","embeddable":true,"href":"https:\/\/rms-enlinea.com.ar\/tienda\/wp-json\/wp\/v2\/product_tag?post=52131"}],"curies":[{"name":"wp","href":"https:\/\/api.w.org\/{rel}","templated":true}]}}