{"id":52134,"date":"2025-07-26T13:40:31","date_gmt":"2025-07-26T16:40:31","guid":{"rendered":"https:\/\/rms-enlinea.com.ar\/tienda\/producto\/procesador-intel-core-ultra-9-285k-1851-c-graficos-s-cooler-2\/"},"modified":"2026-04-08T09:43:17","modified_gmt":"2026-04-08T12:43:17","slug":"procesador-intel-core-ultra-9-285k-1851-c-graficos-s-cooler-2","status":"publish","type":"product","link":"https:\/\/rms-enlinea.com.ar\/tienda\/producto\/procesador-intel-core-ultra-9-285k-1851-c-graficos-s-cooler-2\/","title":{"rendered":"Procesador Intel Core Ultra 9 285k 1851 C\/graficos S\/cooler"},"content":{"rendered":"<p>ESPECIFICACIONES DE LA CPU<br \/>\nCantidad de n\u00facleos<br \/>\n24<br \/>\nCantidad de Performance-cores<br \/>\n8<br \/>\nCantidad de Efficient-cores<br \/>\n16<br \/>\nTotal de subprocesos<br \/>\n24<br \/>\nFrecuencia turbo m\u00e1xima<br \/>\n5.7 GHz<br \/>\nFrecuencia de Intel Thermal Velocity Boost<br \/>\n5.7 GHz<br \/>\nFrecuencia de la Tecnolog\u00eda Intel Turbo Boost Max 3.0<br \/>\n5.6 GHz<br \/>\nFrecuencia turbo m\u00e1xima del Performance-core<br \/>\n5.5 GHz<br \/>\nFrecuencia turbo m\u00e1xima de Efficient-core<br \/>\n4.6 GHz<br \/>\nFrecuencia base de Performance-core<br \/>\n3.7 GHz<br \/>\nFrecuencia base de Efficient-core<br \/>\n3.2 GHz<br \/>\nCach\u00e9<br \/>\n36 MB Intel\u00ae Smart Cache<br \/>\nCach\u00e9 L2 total<br \/>\n40 MB<br \/>\nPotencia base del procesador<br \/>\n125 W<br \/>\nPotencia turbo m\u00e1xima<br \/>\n250 W<br \/>\nIntel Deep Learning Boost (Intel DL Boost)<br \/>\nSi<br \/>\nAI Software Frameworks Supported by CPU<br \/>\nOpenVINO\u2122, WindowsML, DirectML, ONNX RT, WebNN<br \/>\nLitograf\u00eda de CPU<br \/>\nTSMC N3B<\/p>\n","protected":false},"excerpt":{"rendered":"<p>ESPECIFICACIONES DE LA CPU Cantidad de n\u00facleos 24 Cantidad de Performance-cores 8 Cantidad de Efficient-cores 16 Total de subprocesos 24 Frecuencia turbo m\u00e1xima 5.7 GHz Frecuencia de Intel Thermal Velocity Boost 5.7 GHz Frecuencia de la Tecnolog\u00eda Intel Turbo Boost Max 3.0 5.6 GHz Frecuencia turbo m\u00e1xima del Performance-core 5.5 GHz Frecuencia turbo m\u00e1xima de [&hellip;]<\/p>\n","protected":false},"featured_media":5396,"comment_status":"open","ping_status":"closed","template":"","meta":{"_uag_custom_page_level_css":""},"product_brand":[530],"product_cat":[121],"product_tag":[],"class_list":{"0":"post-52134","1":"product","2":"type-product","3":"status-publish","4":"has-post-thumbnail","6":"product_brand-intel","7":"product_cat-procesadores-computacion","9":"first","10":"outofstock","11":"sale","12":"taxable","13":"shipping-taxable","14":"purchasable","15":"product-type-simple"},"uagb_featured_image_src":{"full":["https:\/\/rms-enlinea.com.ar\/wp-content\/uploads\/2025\/06\/D_737175-MLA80743845696_112024-F.jpg",530,640,false],"thumbnail":["https:\/\/rms-enlinea.com.ar\/wp-content\/uploads\/2025\/06\/D_737175-MLA80743845696_112024-F-150x150.jpg",150,150,true],"medium":["https:\/\/rms-enlinea.com.ar\/wp-content\/uploads\/2025\/06\/D_737175-MLA80743845696_112024-F-248x300.jpg",248,300,true],"medium_large":["https:\/\/rms-enlinea.com.ar\/wp-content\/uploads\/2025\/06\/D_737175-MLA80743845696_112024-F.jpg",530,640,false],"large":["https:\/\/rms-enlinea.com.ar\/wp-content\/uploads\/2025\/06\/D_737175-MLA80743845696_112024-F.jpg",530,640,false],"1536x1536":["https:\/\/rms-enlinea.com.ar\/wp-content\/uploads\/2025\/06\/D_737175-MLA80743845696_112024-F.jpg",530,640,false],"2048x2048":["https:\/\/rms-enlinea.com.ar\/wp-content\/uploads\/2025\/06\/D_737175-MLA80743845696_112024-F.jpg",530,640,false],"woocommerce_thumbnail":["https:\/\/rms-enlinea.com.ar\/wp-content\/uploads\/2025\/06\/D_737175-MLA80743845696_112024-F-450x450.jpg",450,450,true],"woocommerce_single":["https:\/\/rms-enlinea.com.ar\/wp-content\/uploads\/2025\/06\/D_737175-MLA80743845696_112024-F.jpg",530,640,false],"woocommerce_gallery_thumbnail":["https:\/\/rms-enlinea.com.ar\/wp-content\/uploads\/2025\/06\/D_737175-MLA80743845696_112024-F-100x100.jpg",100,100,true]},"uagb_author_info":{"display_name":"nelson","author_link":"https:\/\/rms-enlinea.com.ar\/tienda\/author\/"},"uagb_comment_info":0,"uagb_excerpt":"ESPECIFICACIONES DE LA CPU Cantidad de n\u00facleos 24 Cantidad de Performance-cores 8 Cantidad de Efficient-cores 16 Total de subprocesos 24 Frecuencia turbo m\u00e1xima 5.7 GHz Frecuencia de Intel Thermal Velocity Boost 5.7 GHz Frecuencia de la Tecnolog\u00eda Intel Turbo Boost Max 3.0 5.6 GHz Frecuencia turbo m\u00e1xima del Performance-core 5.5 GHz Frecuencia turbo m\u00e1xima de&hellip;","_links":{"self":[{"href":"https:\/\/rms-enlinea.com.ar\/tienda\/wp-json\/wp\/v2\/product\/52134","targetHints":{"allow":["GET"]}}],"collection":[{"href":"https:\/\/rms-enlinea.com.ar\/tienda\/wp-json\/wp\/v2\/product"}],"about":[{"href":"https:\/\/rms-enlinea.com.ar\/tienda\/wp-json\/wp\/v2\/types\/product"}],"replies":[{"embeddable":true,"href":"https:\/\/rms-enlinea.com.ar\/tienda\/wp-json\/wp\/v2\/comments?post=52134"}],"wp:featuredmedia":[{"embeddable":true,"href":"https:\/\/rms-enlinea.com.ar\/tienda\/wp-json\/wp\/v2\/media\/5396"}],"wp:attachment":[{"href":"https:\/\/rms-enlinea.com.ar\/tienda\/wp-json\/wp\/v2\/media?parent=52134"}],"wp:term":[{"taxonomy":"product_brand","embeddable":true,"href":"https:\/\/rms-enlinea.com.ar\/tienda\/wp-json\/wp\/v2\/product_brand?post=52134"},{"taxonomy":"product_cat","embeddable":true,"href":"https:\/\/rms-enlinea.com.ar\/tienda\/wp-json\/wp\/v2\/product_cat?post=52134"},{"taxonomy":"product_tag","embeddable":true,"href":"https:\/\/rms-enlinea.com.ar\/tienda\/wp-json\/wp\/v2\/product_tag?post=52134"}],"curies":[{"name":"wp","href":"https:\/\/api.w.org\/{rel}","templated":true}]}}