{"id":52208,"date":"2025-07-28T15:21:41","date_gmt":"2025-07-28T18:21:41","guid":{"rendered":"https:\/\/rms-enlinea.com.ar\/tienda\/producto\/auricular-bluetooth-genius-rs-hs810bt-plegables\/"},"modified":"2026-04-08T23:11:07","modified_gmt":"2026-04-09T02:11:07","slug":"auricular-bluetooth-genius-rs-hs810bt-plegables","status":"publish","type":"product","link":"https:\/\/rms-enlinea.com.ar\/tienda\/producto\/auricular-bluetooth-genius-rs-hs810bt-plegables\/","title":{"rendered":"Auricular Bluetooth Genius Rs Hs810bt Plegables"},"content":{"rendered":"<p>Auriculares Bluetooth plegables<br \/>\nIdeales para escuchar m\u00fasica en streaming o hablar por tel\u00e9fonos m\u00f3viles, tabletas, consolas o computadoras<br \/>\nTecnolog\u00eda Bluetooth 5.3, mayor ahorro de energ\u00eda<br \/>\nEntrada de l\u00ednea de 3,5 mm<br \/>\nUnidad de 40 mm para un sonido claro con graves<br \/>\nDise\u00f1o plegable, f\u00e1cil de guardar; ahorra espacio<br \/>\nCable de carga Tipo C incluido<\/p>\n","protected":false},"excerpt":{"rendered":"<p>Auriculares Bluetooth plegables Ideales para escuchar m\u00fasica en streaming o hablar por tel\u00e9fonos m\u00f3viles, tabletas, consolas o computadoras Tecnolog\u00eda Bluetooth 5.3, mayor ahorro de energ\u00eda Entrada de l\u00ednea de 3,5 mm Unidad de 40 mm para un sonido claro con graves Dise\u00f1o plegable, f\u00e1cil de guardar; ahorra espacio Cable de carga Tipo C incluido<\/p>\n","protected":false},"featured_media":38913,"comment_status":"open","ping_status":"closed","template":"","meta":{"_uag_custom_page_level_css":""},"product_brand":[550],"product_cat":[15],"product_tag":[],"class_list":{"0":"post-52208","1":"product","2":"type-product","3":"status-publish","4":"has-post-thumbnail","6":"product_brand-genius","7":"product_cat-sin-categorizar","9":"first","10":"instock","11":"sale","12":"taxable","13":"shipping-taxable","14":"purchasable","15":"product-type-simple"},"uagb_featured_image_src":{"full":["https:\/\/rms-enlinea.com.ar\/wp-content\/uploads\/2025\/06\/D_789832-MLA82535915173_022025-F.jpg",1200,1141,false],"thumbnail":["https:\/\/rms-enlinea.com.ar\/wp-content\/uploads\/2025\/06\/D_789832-MLA82535915173_022025-F-150x150.jpg",150,150,true],"medium":["https:\/\/rms-enlinea.com.ar\/wp-content\/uploads\/2025\/06\/D_789832-MLA82535915173_022025-F-300x285.jpg",300,285,true],"medium_large":["https:\/\/rms-enlinea.com.ar\/wp-content\/uploads\/2025\/06\/D_789832-MLA82535915173_022025-F-768x730.jpg",768,730,true],"large":["https:\/\/rms-enlinea.com.ar\/wp-content\/uploads\/2025\/06\/D_789832-MLA82535915173_022025-F-1024x974.jpg",1024,974,true],"1536x1536":["https:\/\/rms-enlinea.com.ar\/wp-content\/uploads\/2025\/06\/D_789832-MLA82535915173_022025-F.jpg",1200,1141,false],"2048x2048":["https:\/\/rms-enlinea.com.ar\/wp-content\/uploads\/2025\/06\/D_789832-MLA82535915173_022025-F.jpg",1200,1141,false],"woocommerce_thumbnail":["https:\/\/rms-enlinea.com.ar\/wp-content\/uploads\/2025\/06\/D_789832-MLA82535915173_022025-F-450x450.jpg",450,450,true],"woocommerce_single":["https:\/\/rms-enlinea.com.ar\/wp-content\/uploads\/2025\/06\/D_789832-MLA82535915173_022025-F-600x571.jpg",600,571,true],"woocommerce_gallery_thumbnail":["https:\/\/rms-enlinea.com.ar\/wp-content\/uploads\/2025\/06\/D_789832-MLA82535915173_022025-F-100x100.jpg",100,100,true]},"uagb_author_info":{"display_name":"nelson","author_link":"https:\/\/rms-enlinea.com.ar\/tienda\/author\/"},"uagb_comment_info":0,"uagb_excerpt":"Auriculares Bluetooth plegables Ideales para escuchar m\u00fasica en streaming o hablar por tel\u00e9fonos m\u00f3viles, tabletas, consolas o computadoras Tecnolog\u00eda Bluetooth 5.3, mayor ahorro de energ\u00eda Entrada de l\u00ednea de 3,5 mm Unidad de 40 mm para un sonido claro con graves Dise\u00f1o plegable, f\u00e1cil de guardar; ahorra espacio Cable de carga Tipo C incluido","_links":{"self":[{"href":"https:\/\/rms-enlinea.com.ar\/tienda\/wp-json\/wp\/v2\/product\/52208","targetHints":{"allow":["GET"]}}],"collection":[{"href":"https:\/\/rms-enlinea.com.ar\/tienda\/wp-json\/wp\/v2\/product"}],"about":[{"href":"https:\/\/rms-enlinea.com.ar\/tienda\/wp-json\/wp\/v2\/types\/product"}],"replies":[{"embeddable":true,"href":"https:\/\/rms-enlinea.com.ar\/tienda\/wp-json\/wp\/v2\/comments?post=52208"}],"wp:featuredmedia":[{"embeddable":true,"href":"https:\/\/rms-enlinea.com.ar\/tienda\/wp-json\/wp\/v2\/media\/38913"}],"wp:attachment":[{"href":"https:\/\/rms-enlinea.com.ar\/tienda\/wp-json\/wp\/v2\/media?parent=52208"}],"wp:term":[{"taxonomy":"product_brand","embeddable":true,"href":"https:\/\/rms-enlinea.com.ar\/tienda\/wp-json\/wp\/v2\/product_brand?post=52208"},{"taxonomy":"product_cat","embeddable":true,"href":"https:\/\/rms-enlinea.com.ar\/tienda\/wp-json\/wp\/v2\/product_cat?post=52208"},{"taxonomy":"product_tag","embeddable":true,"href":"https:\/\/rms-enlinea.com.ar\/tienda\/wp-json\/wp\/v2\/product_tag?post=52208"}],"curies":[{"name":"wp","href":"https:\/\/api.w.org\/{rel}","templated":true}]}}