{"id":5221,"date":"2025-06-12T03:34:38","date_gmt":"2025-06-12T06:34:38","guid":{"rendered":"https:\/\/rms-enlinea.com.ar\/tienda\/producto\/cierre-slam-embutir-rack-anvil-rab-csl2470-n\/"},"modified":"2026-04-21T06:42:39","modified_gmt":"2026-04-21T09:42:39","slug":"cierre-slam-embutir-rack-anvil-rab-csl2470-n","status":"publish","type":"product","link":"https:\/\/rms-enlinea.com.ar\/tienda\/producto\/cierre-slam-embutir-rack-anvil-rab-csl2470-n\/","title":{"rendered":"Cierre Slam Embutir Rack Anvil Rab Csl2470-n"},"content":{"rendered":"<p>RAB-3D (By RMS-ENLINEA) <\/p>\n<p>Nace de la experiencia acumulada estos 10 a\u00f1os, en la venta de hardware para profesionales en la construcci\u00f3n de flights case, maletines, ba\u00fales, rack, etc.<br \/>Hoy queremos llevar ese conocimiento a otro nivel y gracias a la tecnolog\u00eda 3D, vamos a ser los pioneros en la construcci\u00f3n de este tipo de productos.<br \/>Esta tecnolog\u00eda permite hacer accesorios est\u00e1ndar, personalizados y lo m\u00e1s importante piezas que no existen. Podr\u00e1n ser utilizados<br \/>para el armado de productos LOW COST, prototipos, para hogare\u00f1os o profesionales, sin tener que hacer grandes inversiones. <\/p>\n<p>\/\/\/ Dise\u00f1os Personalizado? \/\/\/<\/p>\n<p>Si necesitas producir alg\u00fan tipo de accesorio en serie. Podes comunicarte con nosotros para su presupuesto !!!<\/p>\n<p>\/\/\/ Comprar un Dise\u00f1o? \/\/\/<\/p>\n<p>Si vos contas con una impresora 3D y queres comprar alguno de nuestros dise\u00f1os. Podes comunicarte con nosotros para su presupuesto !!! <\/p>\n<p>\/\/\/ Acabado del Producto Y Resistencia \/\/\/<\/p>\n<p>D\u00eda a d\u00eda tratamos de mejorar y pulir los detalles al m\u00e1ximo nivel. Los productos comercializado se entregan virgen como son terminados por la impresora.<br \/>Su terminaci\u00f3n y texturas pueden ser distintas a otras piezas pl\u00e1sticas con otros procesos de fabricaci\u00f3n, pero su durabilidad y calidad pueden ser iguales<br \/>o hasta mejor.<\/p>\n<p>&#8211; DESCRIPCION DEL PRODUCTO<\/p>\n<p>TIPO DE PRODUCTO: CIERRE<br \/>TIPO: SLAM<br \/>MATERIAL: PLASTICO<br \/>ACABADO: IMPRESION 3D<br \/>AGUJEROS DE FIJACION: 3MM<\/p>\n","protected":false},"excerpt":{"rendered":"<p>RAB-3D (By RMS-ENLINEA) Nace de la experiencia acumulada estos 10 a\u00f1os, en la venta de hardware para profesionales en la construcci\u00f3n de flights case, maletines, ba\u00fales, rack, etc.Hoy queremos llevar ese conocimiento a otro nivel y gracias a la tecnolog\u00eda 3D, vamos a ser los pioneros en la construcci\u00f3n de este tipo de productos.Esta tecnolog\u00eda [&hellip;]<\/p>\n","protected":false},"featured_media":5222,"comment_status":"open","ping_status":"closed","template":"","meta":{"_uag_custom_page_level_css":""},"product_brand":[],"product_cat":[39],"product_tag":[],"class_list":{"0":"post-5221","1":"product","2":"type-product","3":"status-publish","4":"has-post-thumbnail","6":"product_cat-cierres","8":"first","9":"outofstock","10":"sale","11":"taxable","12":"shipping-taxable","13":"purchasable","14":"product-type-simple"},"uagb_featured_image_src":{"full":["https:\/\/rms-enlinea.com.ar\/wp-content\/uploads\/2025\/06\/D_813039-MLA32570334410_102019-F.jpg",388,748,false],"thumbnail":["https:\/\/rms-enlinea.com.ar\/wp-content\/uploads\/2025\/06\/D_813039-MLA32570334410_102019-F-150x150.jpg",150,150,true],"medium":["https:\/\/rms-enlinea.com.ar\/wp-content\/uploads\/2025\/06\/D_813039-MLA32570334410_102019-F-156x300.jpg",156,300,true],"medium_large":["https:\/\/rms-enlinea.com.ar\/wp-content\/uploads\/2025\/06\/D_813039-MLA32570334410_102019-F.jpg",388,748,false],"large":["https:\/\/rms-enlinea.com.ar\/wp-content\/uploads\/2025\/06\/D_813039-MLA32570334410_102019-F.jpg",388,748,false],"1536x1536":["https:\/\/rms-enlinea.com.ar\/wp-content\/uploads\/2025\/06\/D_813039-MLA32570334410_102019-F.jpg",388,748,false],"2048x2048":["https:\/\/rms-enlinea.com.ar\/wp-content\/uploads\/2025\/06\/D_813039-MLA32570334410_102019-F.jpg",388,748,false],"woocommerce_thumbnail":["https:\/\/rms-enlinea.com.ar\/wp-content\/uploads\/2025\/06\/D_813039-MLA32570334410_102019-F-388x450.jpg",388,450,true],"woocommerce_single":["https:\/\/rms-enlinea.com.ar\/wp-content\/uploads\/2025\/06\/D_813039-MLA32570334410_102019-F.jpg",388,748,false],"woocommerce_gallery_thumbnail":["https:\/\/rms-enlinea.com.ar\/wp-content\/uploads\/2025\/06\/D_813039-MLA32570334410_102019-F-100x100.jpg",100,100,true]},"uagb_author_info":{"display_name":"l0071054","author_link":"https:\/\/rms-enlinea.com.ar\/tienda\/author\/"},"uagb_comment_info":0,"uagb_excerpt":"RAB-3D (By RMS-ENLINEA) Nace de la experiencia acumulada estos 10 a\u00f1os, en la venta de hardware para profesionales en la construcci\u00f3n de flights case, maletines, ba\u00fales, rack, etc.Hoy queremos llevar ese conocimiento a otro nivel y gracias a la tecnolog\u00eda 3D, vamos a ser los pioneros en la construcci\u00f3n de este tipo de productos.Esta tecnolog\u00eda&hellip;","_links":{"self":[{"href":"https:\/\/rms-enlinea.com.ar\/tienda\/wp-json\/wp\/v2\/product\/5221","targetHints":{"allow":["GET"]}}],"collection":[{"href":"https:\/\/rms-enlinea.com.ar\/tienda\/wp-json\/wp\/v2\/product"}],"about":[{"href":"https:\/\/rms-enlinea.com.ar\/tienda\/wp-json\/wp\/v2\/types\/product"}],"replies":[{"embeddable":true,"href":"https:\/\/rms-enlinea.com.ar\/tienda\/wp-json\/wp\/v2\/comments?post=5221"}],"wp:featuredmedia":[{"embeddable":true,"href":"https:\/\/rms-enlinea.com.ar\/tienda\/wp-json\/wp\/v2\/media\/5222"}],"wp:attachment":[{"href":"https:\/\/rms-enlinea.com.ar\/tienda\/wp-json\/wp\/v2\/media?parent=5221"}],"wp:term":[{"taxonomy":"product_brand","embeddable":true,"href":"https:\/\/rms-enlinea.com.ar\/tienda\/wp-json\/wp\/v2\/product_brand?post=5221"},{"taxonomy":"product_cat","embeddable":true,"href":"https:\/\/rms-enlinea.com.ar\/tienda\/wp-json\/wp\/v2\/product_cat?post=5221"},{"taxonomy":"product_tag","embeddable":true,"href":"https:\/\/rms-enlinea.com.ar\/tienda\/wp-json\/wp\/v2\/product_tag?post=5221"}],"curies":[{"name":"wp","href":"https:\/\/api.w.org\/{rel}","templated":true}]}}