{"id":52220,"date":"2025-07-28T16:00:41","date_gmt":"2025-07-28T19:00:41","guid":{"rendered":"https:\/\/rms-enlinea.com.ar\/tienda\/producto\/camara-hikvision-1mp-fixed-mini-bullet-thc-b110-p\/"},"modified":"2026-04-21T04:06:36","modified_gmt":"2026-04-21T07:06:36","slug":"camara-hikvision-1mp-fixed-mini-bullet-thc-b110-p","status":"publish","type":"product","link":"https:\/\/rms-enlinea.com.ar\/tienda\/producto\/camara-hikvision-1mp-fixed-mini-bullet-thc-b110-p\/","title":{"rendered":"Camara Hikvision 1mp Fixed Mini Bullet Thc-b110-p"},"content":{"rendered":"<p>C\u00e1mara<br \/>\nSensor de imagen<br \/>\n1 MP CMOS image sensor<br \/>\nMax. Resoluci\u00f3n<br \/>\n1280 (H) \u00d7 720 (V)<br \/>\nIluminaci\u00f3n m\u00ednima<br \/>\n0.01 Lux@(F1.2, AGC ON), 0 Lux with IR<br \/>\nTiempo de obturaci\u00f3n<br \/>\n1\/25 (1\/30) s to 1\/50,000 s<br \/>\nD\u00eda y Noche<br \/>\nIR cut filter<br \/>\nAjuste de \u00e1ngulo<br \/>\nPan: 0\u00b0 to 360\u00b0, Tilt: 0\u00b0 to 180\u00b0, Rotation: 0\u00b0 to 360\u00b0<br \/>\nSe\u00f1al del sistema<br \/>\nPAL\/NTSC<br \/>\nLente<br \/>\nLente<br \/>\n2.8 mm, 3.6 mm, 6 mm<br \/>\nFocal Length &amp; FOV<br \/>\n92\u00b0 (2.8 mm), 70.9\u00b0 (3.6 mm), 56.7\u00b0 (6 mm)<br \/>\nMontura del lente<br \/>\nM12<br \/>\nImagen<br \/>\nConfiguraci\u00f3n de imagen<br \/>\nSharpness, Contrast, Color Gain, DNR<br \/>\nFrame Rate<br \/>\nPAL: 720p@25fps,NTSC: 720p@30fps<br \/>\nModo d\u00eda\/noche<br \/>\nAuto\/Color\/BW (Black and White)<br \/>\nWide Dynamic Range (WDR)<br \/>\nDWDR<br \/>\nMejora de la imagen<br \/>\nBLC<br \/>\nAGC<br \/>\nHigh\/Medium\/Low\/Off<\/p>\n","protected":false},"excerpt":{"rendered":"<p>C\u00e1mara Sensor de imagen 1 MP CMOS image sensor Max. Resoluci\u00f3n 1280 (H) \u00d7 720 (V) Iluminaci\u00f3n m\u00ednima 0.01 Lux@(F1.2, AGC ON), 0 Lux with IR Tiempo de obturaci\u00f3n 1\/25 (1\/30) s to 1\/50,000 s D\u00eda y Noche IR cut filter Ajuste de \u00e1ngulo Pan: 0\u00b0 to 360\u00b0, Tilt: 0\u00b0 to 180\u00b0, Rotation: 0\u00b0 to [&hellip;]<\/p>\n","protected":false},"featured_media":22554,"comment_status":"open","ping_status":"closed","template":"","meta":{"_uag_custom_page_level_css":""},"product_brand":[473],"product_cat":[32],"product_tag":[],"class_list":{"0":"post-52220","1":"product","2":"type-product","3":"status-publish","4":"has-post-thumbnail","6":"product_brand-hikvision","7":"product_cat-seguridad","9":"first","10":"outofstock","11":"sale","12":"taxable","13":"shipping-taxable","14":"purchasable","15":"product-type-simple"},"uagb_featured_image_src":{"full":["https:\/\/rms-enlinea.com.ar\/wp-content\/uploads\/2025\/06\/D_874868-MLA84977438899_052025-F.jpg",1200,761,false],"thumbnail":["https:\/\/rms-enlinea.com.ar\/wp-content\/uploads\/2025\/06\/D_874868-MLA84977438899_052025-F-150x150.jpg",150,150,true],"medium":["https:\/\/rms-enlinea.com.ar\/wp-content\/uploads\/2025\/06\/D_874868-MLA84977438899_052025-F-300x190.jpg",300,190,true],"medium_large":["https:\/\/rms-enlinea.com.ar\/wp-content\/uploads\/2025\/06\/D_874868-MLA84977438899_052025-F-768x487.jpg",768,487,true],"large":["https:\/\/rms-enlinea.com.ar\/wp-content\/uploads\/2025\/06\/D_874868-MLA84977438899_052025-F-1024x649.jpg",1024,649,true],"1536x1536":["https:\/\/rms-enlinea.com.ar\/wp-content\/uploads\/2025\/06\/D_874868-MLA84977438899_052025-F.jpg",1200,761,false],"2048x2048":["https:\/\/rms-enlinea.com.ar\/wp-content\/uploads\/2025\/06\/D_874868-MLA84977438899_052025-F.jpg",1200,761,false],"woocommerce_thumbnail":["https:\/\/rms-enlinea.com.ar\/wp-content\/uploads\/2025\/06\/D_874868-MLA84977438899_052025-F-450x450.jpg",450,450,true],"woocommerce_single":["https:\/\/rms-enlinea.com.ar\/wp-content\/uploads\/2025\/06\/D_874868-MLA84977438899_052025-F-600x381.jpg",600,381,true],"woocommerce_gallery_thumbnail":["https:\/\/rms-enlinea.com.ar\/wp-content\/uploads\/2025\/06\/D_874868-MLA84977438899_052025-F-100x100.jpg",100,100,true]},"uagb_author_info":{"display_name":"nelson","author_link":"https:\/\/rms-enlinea.com.ar\/tienda\/author\/"},"uagb_comment_info":0,"uagb_excerpt":"C\u00e1mara Sensor de imagen 1 MP CMOS image sensor Max. Resoluci\u00f3n 1280 (H) \u00d7 720 (V) Iluminaci\u00f3n m\u00ednima 0.01 Lux@(F1.2, AGC ON), 0 Lux with IR Tiempo de obturaci\u00f3n 1\/25 (1\/30) s to 1\/50,000 s D\u00eda y Noche IR cut filter Ajuste de \u00e1ngulo Pan: 0\u00b0 to 360\u00b0, Tilt: 0\u00b0 to 180\u00b0, Rotation: 0\u00b0 to&hellip;","_links":{"self":[{"href":"https:\/\/rms-enlinea.com.ar\/tienda\/wp-json\/wp\/v2\/product\/52220","targetHints":{"allow":["GET"]}}],"collection":[{"href":"https:\/\/rms-enlinea.com.ar\/tienda\/wp-json\/wp\/v2\/product"}],"about":[{"href":"https:\/\/rms-enlinea.com.ar\/tienda\/wp-json\/wp\/v2\/types\/product"}],"replies":[{"embeddable":true,"href":"https:\/\/rms-enlinea.com.ar\/tienda\/wp-json\/wp\/v2\/comments?post=52220"}],"wp:featuredmedia":[{"embeddable":true,"href":"https:\/\/rms-enlinea.com.ar\/tienda\/wp-json\/wp\/v2\/media\/22554"}],"wp:attachment":[{"href":"https:\/\/rms-enlinea.com.ar\/tienda\/wp-json\/wp\/v2\/media?parent=52220"}],"wp:term":[{"taxonomy":"product_brand","embeddable":true,"href":"https:\/\/rms-enlinea.com.ar\/tienda\/wp-json\/wp\/v2\/product_brand?post=52220"},{"taxonomy":"product_cat","embeddable":true,"href":"https:\/\/rms-enlinea.com.ar\/tienda\/wp-json\/wp\/v2\/product_cat?post=52220"},{"taxonomy":"product_tag","embeddable":true,"href":"https:\/\/rms-enlinea.com.ar\/tienda\/wp-json\/wp\/v2\/product_tag?post=52220"}],"curies":[{"name":"wp","href":"https:\/\/api.w.org\/{rel}","templated":true}]}}