{"id":52234,"date":"2025-07-28T19:26:27","date_gmt":"2025-07-28T22:26:27","guid":{"rendered":"https:\/\/rms-enlinea.com.ar\/tienda\/producto\/disco-ssd-netac-sa500-2-5-sata3-240-gb-3d-nand\/"},"modified":"2026-05-04T09:31:18","modified_gmt":"2026-05-04T12:31:18","slug":"disco-ssd-netac-sa500-2-5-sata3-240-gb-3d-nand","status":"publish","type":"product","link":"https:\/\/rms-enlinea.com.ar\/tienda\/producto\/disco-ssd-netac-sa500-2-5-sata3-240-gb-3d-nand\/","title":{"rendered":"Disco Ssd Netac Sa500 2.5 Sata3 240 Gb 3d Nand"},"content":{"rendered":"<p>Con la unidad en estado s\u00f3lido Netac vas a incrementar la capacidad de respuesta de tu equipo. Gracias a esta tecnolog\u00eda podr\u00e1s invertir en velocidad y eficiencia para el inicio, la carga y la transferencia de datos.<\/p>\n<p>Irrompible<br \/>\nAdem\u00e1s de su funcionalidad y soporte, la importancia de los discos de almacenamiento tambi\u00e9n radica en su calidad y resistencia. Despreocupate y disfrut\u00e1 de la durabilidad de este producto debido a su capacidad de absorber y resistir fuertes impactos.<\/p>\n<p>M\u00e1s velocidad a tu alcance<br \/>\nEste producto posee una interfaz SATA III que se encarga de transferir datos con la placa madre de tu computadora. Es de gran importancia y con su velocidad de env\u00edo de informaci\u00f3n mejora el rendimiento. Vas a poder cargar todo tipo de archivos en tu PC con rapidez.<\/p>\n","protected":false},"excerpt":{"rendered":"<p>Con la unidad en estado s\u00f3lido Netac vas a incrementar la capacidad de respuesta de tu equipo. Gracias a esta tecnolog\u00eda podr\u00e1s invertir en velocidad y eficiencia para el inicio, la carga y la transferencia de datos. Irrompible Adem\u00e1s de su funcionalidad y soporte, la importancia de los discos de almacenamiento tambi\u00e9n radica en su [&hellip;]<\/p>\n","protected":false},"featured_media":23855,"comment_status":"open","ping_status":"closed","template":"","meta":{"_uag_custom_page_level_css":""},"product_brand":[570],"product_cat":[106],"product_tag":[],"class_list":{"0":"post-52234","1":"product","2":"type-product","3":"status-publish","4":"has-post-thumbnail","6":"product_brand-netac","7":"product_cat-discos-rigidos-ssd","9":"first","10":"instock","11":"sale","12":"taxable","13":"shipping-taxable","14":"purchasable","15":"product-type-simple"},"uagb_featured_image_src":{"full":["https:\/\/rms-enlinea.com.ar\/wp-content\/uploads\/2025\/06\/D_668427-MLA53445281934_012023-F.jpg",1200,836,false],"thumbnail":["https:\/\/rms-enlinea.com.ar\/wp-content\/uploads\/2025\/06\/D_668427-MLA53445281934_012023-F-150x150.jpg",150,150,true],"medium":["https:\/\/rms-enlinea.com.ar\/wp-content\/uploads\/2025\/06\/D_668427-MLA53445281934_012023-F-300x209.jpg",300,209,true],"medium_large":["https:\/\/rms-enlinea.com.ar\/wp-content\/uploads\/2025\/06\/D_668427-MLA53445281934_012023-F-768x535.jpg",768,535,true],"large":["https:\/\/rms-enlinea.com.ar\/wp-content\/uploads\/2025\/06\/D_668427-MLA53445281934_012023-F-1024x713.jpg",1024,713,true],"1536x1536":["https:\/\/rms-enlinea.com.ar\/wp-content\/uploads\/2025\/06\/D_668427-MLA53445281934_012023-F.jpg",1200,836,false],"2048x2048":["https:\/\/rms-enlinea.com.ar\/wp-content\/uploads\/2025\/06\/D_668427-MLA53445281934_012023-F.jpg",1200,836,false],"woocommerce_thumbnail":["https:\/\/rms-enlinea.com.ar\/wp-content\/uploads\/2025\/06\/D_668427-MLA53445281934_012023-F-450x450.jpg",450,450,true],"woocommerce_single":["https:\/\/rms-enlinea.com.ar\/wp-content\/uploads\/2025\/06\/D_668427-MLA53445281934_012023-F-600x418.jpg",600,418,true],"woocommerce_gallery_thumbnail":["https:\/\/rms-enlinea.com.ar\/wp-content\/uploads\/2025\/06\/D_668427-MLA53445281934_012023-F-100x100.jpg",100,100,true]},"uagb_author_info":{"display_name":"nelson","author_link":"https:\/\/rms-enlinea.com.ar\/tienda\/author\/"},"uagb_comment_info":0,"uagb_excerpt":"Con la unidad en estado s\u00f3lido Netac vas a incrementar la capacidad de respuesta de tu equipo. Gracias a esta tecnolog\u00eda podr\u00e1s invertir en velocidad y eficiencia para el inicio, la carga y la transferencia de datos. Irrompible Adem\u00e1s de su funcionalidad y soporte, la importancia de los discos de almacenamiento tambi\u00e9n radica en su&hellip;","_links":{"self":[{"href":"https:\/\/rms-enlinea.com.ar\/tienda\/wp-json\/wp\/v2\/product\/52234","targetHints":{"allow":["GET"]}}],"collection":[{"href":"https:\/\/rms-enlinea.com.ar\/tienda\/wp-json\/wp\/v2\/product"}],"about":[{"href":"https:\/\/rms-enlinea.com.ar\/tienda\/wp-json\/wp\/v2\/types\/product"}],"replies":[{"embeddable":true,"href":"https:\/\/rms-enlinea.com.ar\/tienda\/wp-json\/wp\/v2\/comments?post=52234"}],"wp:featuredmedia":[{"embeddable":true,"href":"https:\/\/rms-enlinea.com.ar\/tienda\/wp-json\/wp\/v2\/media\/23855"}],"wp:attachment":[{"href":"https:\/\/rms-enlinea.com.ar\/tienda\/wp-json\/wp\/v2\/media?parent=52234"}],"wp:term":[{"taxonomy":"product_brand","embeddable":true,"href":"https:\/\/rms-enlinea.com.ar\/tienda\/wp-json\/wp\/v2\/product_brand?post=52234"},{"taxonomy":"product_cat","embeddable":true,"href":"https:\/\/rms-enlinea.com.ar\/tienda\/wp-json\/wp\/v2\/product_cat?post=52234"},{"taxonomy":"product_tag","embeddable":true,"href":"https:\/\/rms-enlinea.com.ar\/tienda\/wp-json\/wp\/v2\/product_tag?post=52234"}],"curies":[{"name":"wp","href":"https:\/\/api.w.org\/{rel}","templated":true}]}}