{"id":52263,"date":"2025-07-28T23:52:11","date_gmt":"2025-07-29T02:52:11","guid":{"rendered":"https:\/\/rms-enlinea.com.ar\/tienda\/producto\/gabinete-kit-sfx-782-fuente-500w-teclado-mouse-parlantes\/"},"modified":"2026-04-06T11:34:02","modified_gmt":"2026-04-06T14:34:02","slug":"gabinete-kit-sfx-782-fuente-500w-teclado-mouse-parlantes","status":"publish","type":"product","link":"https:\/\/rms-enlinea.com.ar\/tienda\/producto\/gabinete-kit-sfx-782-fuente-500w-teclado-mouse-parlantes\/","title":{"rendered":"Gabinete Kit Sfx 782 Fuente 500w Teclado Mouse Parlantes"},"content":{"rendered":"<p>Marca<\/p>\n<p>SFX<br \/>\nBah\u00edas<\/p>\n<p>2.5 in,3.5 in,5.25 in<br \/>\nAltura<\/p>\n<p>177 mm<br \/>\nIncluye fuente de alimentaci\u00f3n<\/p>\n<p>S\u00ed<br \/>\nEs gamer<\/p>\n<p>No<br \/>\nLargo<\/p>\n<p>450 mm<br \/>\nL\u00ednea<\/p>\n<p>782<br \/>\nModelo<\/p>\n<p>GC782<br \/>\nPlacas madre compatibles<\/p>\n<p>ATX<br \/>\nPuertos<\/p>\n<p>USB 2.0<br \/>\nPotencia de la fuente de alimentaci\u00f3n<\/p>\n<p>500 W<br \/>\nTipo de estructura<\/p>\n<p>Mid tower<br \/>\nAncho<\/p>\n<p>427 mm<\/p>\n","protected":false},"excerpt":{"rendered":"<p>Marca SFX Bah\u00edas 2.5 in,3.5 in,5.25 in Altura 177 mm Incluye fuente de alimentaci\u00f3n S\u00ed Es gamer No Largo 450 mm L\u00ednea 782 Modelo GC782 Placas madre compatibles ATX Puertos USB 2.0 Potencia de la fuente de alimentaci\u00f3n 500 W Tipo de estructura Mid tower Ancho 427 mm<\/p>\n","protected":false},"featured_media":43017,"comment_status":"open","ping_status":"closed","template":"","meta":{"_uag_custom_page_level_css":""},"product_brand":[599],"product_cat":[109],"product_tag":[],"class_list":{"0":"post-52263","1":"product","2":"type-product","3":"status-publish","4":"has-post-thumbnail","6":"product_brand-sfx","7":"product_cat-gabinetes","9":"first","10":"instock","11":"sale","12":"taxable","13":"shipping-taxable","14":"purchasable","15":"product-type-simple"},"uagb_featured_image_src":{"full":["https:\/\/rms-enlinea.com.ar\/wp-content\/uploads\/2025\/06\/D_961999-MLA75022640215_032024-F.jpg",1057,1200,false],"thumbnail":["https:\/\/rms-enlinea.com.ar\/wp-content\/uploads\/2025\/06\/D_961999-MLA75022640215_032024-F-150x150.jpg",150,150,true],"medium":["https:\/\/rms-enlinea.com.ar\/wp-content\/uploads\/2025\/06\/D_961999-MLA75022640215_032024-F-264x300.jpg",264,300,true],"medium_large":["https:\/\/rms-enlinea.com.ar\/wp-content\/uploads\/2025\/06\/D_961999-MLA75022640215_032024-F-768x872.jpg",768,872,true],"large":["https:\/\/rms-enlinea.com.ar\/wp-content\/uploads\/2025\/06\/D_961999-MLA75022640215_032024-F-902x1024.jpg",902,1024,true],"1536x1536":["https:\/\/rms-enlinea.com.ar\/wp-content\/uploads\/2025\/06\/D_961999-MLA75022640215_032024-F.jpg",1057,1200,false],"2048x2048":["https:\/\/rms-enlinea.com.ar\/wp-content\/uploads\/2025\/06\/D_961999-MLA75022640215_032024-F.jpg",1057,1200,false],"woocommerce_thumbnail":["https:\/\/rms-enlinea.com.ar\/wp-content\/uploads\/2025\/06\/D_961999-MLA75022640215_032024-F-450x450.jpg",450,450,true],"woocommerce_single":["https:\/\/rms-enlinea.com.ar\/wp-content\/uploads\/2025\/06\/D_961999-MLA75022640215_032024-F-600x681.jpg",600,681,true],"woocommerce_gallery_thumbnail":["https:\/\/rms-enlinea.com.ar\/wp-content\/uploads\/2025\/06\/D_961999-MLA75022640215_032024-F-100x100.jpg",100,100,true]},"uagb_author_info":{"display_name":"mario","author_link":"https:\/\/rms-enlinea.com.ar\/tienda\/author\/"},"uagb_comment_info":0,"uagb_excerpt":"Marca SFX Bah\u00edas 2.5 in,3.5 in,5.25 in Altura 177 mm Incluye fuente de alimentaci\u00f3n S\u00ed Es gamer No Largo 450 mm L\u00ednea 782 Modelo GC782 Placas madre compatibles ATX Puertos USB 2.0 Potencia de la fuente de alimentaci\u00f3n 500 W Tipo de estructura Mid tower Ancho 427 mm","_links":{"self":[{"href":"https:\/\/rms-enlinea.com.ar\/tienda\/wp-json\/wp\/v2\/product\/52263","targetHints":{"allow":["GET"]}}],"collection":[{"href":"https:\/\/rms-enlinea.com.ar\/tienda\/wp-json\/wp\/v2\/product"}],"about":[{"href":"https:\/\/rms-enlinea.com.ar\/tienda\/wp-json\/wp\/v2\/types\/product"}],"replies":[{"embeddable":true,"href":"https:\/\/rms-enlinea.com.ar\/tienda\/wp-json\/wp\/v2\/comments?post=52263"}],"wp:featuredmedia":[{"embeddable":true,"href":"https:\/\/rms-enlinea.com.ar\/tienda\/wp-json\/wp\/v2\/media\/43017"}],"wp:attachment":[{"href":"https:\/\/rms-enlinea.com.ar\/tienda\/wp-json\/wp\/v2\/media?parent=52263"}],"wp:term":[{"taxonomy":"product_brand","embeddable":true,"href":"https:\/\/rms-enlinea.com.ar\/tienda\/wp-json\/wp\/v2\/product_brand?post=52263"},{"taxonomy":"product_cat","embeddable":true,"href":"https:\/\/rms-enlinea.com.ar\/tienda\/wp-json\/wp\/v2\/product_cat?post=52263"},{"taxonomy":"product_tag","embeddable":true,"href":"https:\/\/rms-enlinea.com.ar\/tienda\/wp-json\/wp\/v2\/product_tag?post=52263"}],"curies":[{"name":"wp","href":"https:\/\/api.w.org\/{rel}","templated":true}]}}