{"id":52276,"date":"2025-07-29T00:15:53","date_gmt":"2025-07-29T03:15:53","guid":{"rendered":"https:\/\/rms-enlinea.com.ar\/tienda\/producto\/gabinete-thermaltake-view-170-argb-vidrio-temp-ca-1z4-00m1wn\/"},"modified":"2026-04-06T14:37:48","modified_gmt":"2026-04-06T17:37:48","slug":"gabinete-thermaltake-view-170-argb-vidrio-temp-ca-1z4-00m1wn","status":"publish","type":"product","link":"https:\/\/rms-enlinea.com.ar\/tienda\/producto\/gabinete-thermaltake-view-170-argb-vidrio-temp-ca-1z4-00m1wn\/","title":{"rendered":"Gabinete Thermaltake View 170 Argb Vidrio Temp Ca-1z4-00m1wn"},"content":{"rendered":"<p>El gabinete Thermaltake View 170 ARGB es la opci\u00f3n perfecta para los entusiastas del gaming que buscan un dise\u00f1o elegante y funcional. Con su estructura Micro Chassis y un acabado en negro, este modelo no solo resalta por su apariencia moderna, sino tambi\u00e9n por su capacidad para albergar componentes de alto rendimiento. Su panel lateral de vidrio templado permite exhibir el interior de tu equipo, creando un ambiente visualmente impactante gracias a la iluminaci\u00f3n ARGB integrada.<\/p>\n<p>Este gabinete es compatible con placas madre Mini-ITX y Micro-ATX, lo que lo convierte en una elecci\u00f3n vers\u00e1til para diferentes configuraciones. Adem\u00e1s, cuenta con capacidad para hasta 7 ventiladores, lo que asegura un \u00f3ptimo flujo de aire y un rendimiento t\u00e9rmico eficaz. Tambi\u00e9n es apto para refrigeraci\u00f3n l\u00edquida, brindando a los usuarios la opci\u00f3n de explorar potentes soluciones de enfriamiento para sus sistemas.<\/p>\n<p>El Thermaltake View 170 ARGB no solo destaca en funcionalidad, sino que tambi\u00e9n incluye puertos pr\u00e1cticos como HD Audio y USB 3.0, facilitando la conectividad de tus dispositivos. Con un espacio adecuado para 1 bah\u00eda de unidades de 3.5 pulgadas y 2 de 2.5 pulgadas, tendr\u00e1s suficiente capacidad de almacenamiento para tus archivos y juegos. Su dise\u00f1o compacto, con dimensiones de 43.8 cm de altura, 21.2 cm de ancho y 37.75 cm de largo, lo convierte en una opci\u00f3n ideal para escritorios con espacio limitado.<\/p>\n<p>En resumen, si buscas un gabinete que combine est\u00e9tica y rendimiento, el Thermaltake View 170 ARGB es una elecci\u00f3n que no decepcionar\u00e1 a los usuarios m\u00e1s exigentes. Su construcci\u00f3n robusta y dise\u00f1o innovador brindan una experiencia insuperable, tanto en el ensamblaje como en el uso diario. Aporta un toque distintivo a tu estaci\u00f3n de juego y lleva tu configuraci\u00f3n al siguiente nivel.<\/p>\n","protected":false},"excerpt":{"rendered":"<p>El gabinete Thermaltake View 170 ARGB es la opci\u00f3n perfecta para los entusiastas del gaming que buscan un dise\u00f1o elegante y funcional. Con su estructura Micro Chassis y un acabado en negro, este modelo no solo resalta por su apariencia moderna, sino tambi\u00e9n por su capacidad para albergar componentes de alto rendimiento. Su panel lateral [&hellip;]<\/p>\n","protected":false},"featured_media":52277,"comment_status":"open","ping_status":"closed","template":"","meta":{"_uag_custom_page_level_css":""},"product_brand":[561],"product_cat":[109],"product_tag":[],"class_list":{"0":"post-52276","1":"product","2":"type-product","3":"status-publish","4":"has-post-thumbnail","6":"product_brand-thermaltake","7":"product_cat-gabinetes","9":"first","10":"instock","11":"sale","12":"taxable","13":"shipping-taxable","14":"purchasable","15":"product-type-simple"},"uagb_featured_image_src":{"full":["https:\/\/rms-enlinea.com.ar\/wp-content\/uploads\/2025\/07\/D_674627-MLA80833249519_112024-F.jpg",832,1200,false],"thumbnail":["https:\/\/rms-enlinea.com.ar\/wp-content\/uploads\/2025\/07\/D_674627-MLA80833249519_112024-F-150x150.jpg",150,150,true],"medium":["https:\/\/rms-enlinea.com.ar\/wp-content\/uploads\/2025\/07\/D_674627-MLA80833249519_112024-F-208x300.jpg",208,300,true],"medium_large":["https:\/\/rms-enlinea.com.ar\/wp-content\/uploads\/2025\/07\/D_674627-MLA80833249519_112024-F-768x1108.jpg",768,1108,true],"large":["https:\/\/rms-enlinea.com.ar\/wp-content\/uploads\/2025\/07\/D_674627-MLA80833249519_112024-F-710x1024.jpg",710,1024,true],"1536x1536":["https:\/\/rms-enlinea.com.ar\/wp-content\/uploads\/2025\/07\/D_674627-MLA80833249519_112024-F.jpg",832,1200,false],"2048x2048":["https:\/\/rms-enlinea.com.ar\/wp-content\/uploads\/2025\/07\/D_674627-MLA80833249519_112024-F.jpg",832,1200,false],"woocommerce_thumbnail":["https:\/\/rms-enlinea.com.ar\/wp-content\/uploads\/2025\/07\/D_674627-MLA80833249519_112024-F-450x450.jpg",450,450,true],"woocommerce_single":["https:\/\/rms-enlinea.com.ar\/wp-content\/uploads\/2025\/07\/D_674627-MLA80833249519_112024-F-600x865.jpg",600,865,true],"woocommerce_gallery_thumbnail":["https:\/\/rms-enlinea.com.ar\/wp-content\/uploads\/2025\/07\/D_674627-MLA80833249519_112024-F-100x100.jpg",100,100,true]},"uagb_author_info":{"display_name":"mario","author_link":"https:\/\/rms-enlinea.com.ar\/tienda\/author\/"},"uagb_comment_info":0,"uagb_excerpt":"El gabinete Thermaltake View 170 ARGB es la opci\u00f3n perfecta para los entusiastas del gaming que buscan un dise\u00f1o elegante y funcional. Con su estructura Micro Chassis y un acabado en negro, este modelo no solo resalta por su apariencia moderna, sino tambi\u00e9n por su capacidad para albergar componentes de alto rendimiento. Su panel lateral&hellip;","_links":{"self":[{"href":"https:\/\/rms-enlinea.com.ar\/tienda\/wp-json\/wp\/v2\/product\/52276","targetHints":{"allow":["GET"]}}],"collection":[{"href":"https:\/\/rms-enlinea.com.ar\/tienda\/wp-json\/wp\/v2\/product"}],"about":[{"href":"https:\/\/rms-enlinea.com.ar\/tienda\/wp-json\/wp\/v2\/types\/product"}],"replies":[{"embeddable":true,"href":"https:\/\/rms-enlinea.com.ar\/tienda\/wp-json\/wp\/v2\/comments?post=52276"}],"wp:featuredmedia":[{"embeddable":true,"href":"https:\/\/rms-enlinea.com.ar\/tienda\/wp-json\/wp\/v2\/media\/52277"}],"wp:attachment":[{"href":"https:\/\/rms-enlinea.com.ar\/tienda\/wp-json\/wp\/v2\/media?parent=52276"}],"wp:term":[{"taxonomy":"product_brand","embeddable":true,"href":"https:\/\/rms-enlinea.com.ar\/tienda\/wp-json\/wp\/v2\/product_brand?post=52276"},{"taxonomy":"product_cat","embeddable":true,"href":"https:\/\/rms-enlinea.com.ar\/tienda\/wp-json\/wp\/v2\/product_cat?post=52276"},{"taxonomy":"product_tag","embeddable":true,"href":"https:\/\/rms-enlinea.com.ar\/tienda\/wp-json\/wp\/v2\/product_tag?post=52276"}],"curies":[{"name":"wp","href":"https:\/\/api.w.org\/{rel}","templated":true}]}}