{"id":52300,"date":"2025-07-29T06:31:09","date_gmt":"2025-07-29T09:31:09","guid":{"rendered":"https:\/\/rms-enlinea.com.ar\/tienda\/producto\/mouse-inalambrico-logitech-m170-rojo-910-004941-1000-dpi\/"},"modified":"2026-04-10T11:50:55","modified_gmt":"2026-04-10T14:50:55","slug":"mouse-inalambrico-logitech-m170-rojo-910-004941-1000-dpi","status":"publish","type":"product","link":"https:\/\/rms-enlinea.com.ar\/tienda\/producto\/mouse-inalambrico-logitech-m170-rojo-910-004941-1000-dpi\/","title":{"rendered":"Mouse Inalambrico Logitech M170 Rojo 910-004941 1000 Dpi"},"content":{"rendered":"<p>DIMENSIONES<br \/>\nAltura: 97.7 mm<br \/>\nAncho: 61.5 mm<br \/>\nProfundidad: 35.2 mm<br \/>\nPeso (con bater\u00edas): 70,5 g<br \/>\nTecnolog\u00eda de sensor<br \/>\nSeguimiento \u00f3ptico uniforme<br \/>\nDPI (m\u00edn.\/m\u00e1x.): 1000\u00b1<\/p>\n","protected":false},"excerpt":{"rendered":"<p>DIMENSIONES Altura: 97.7 mm Ancho: 61.5 mm Profundidad: 35.2 mm Peso (con bater\u00edas): 70,5 g Tecnolog\u00eda de sensor Seguimiento \u00f3ptico uniforme DPI (m\u00edn.\/m\u00e1x.): 1000\u00b1<\/p>\n","protected":false},"featured_media":7191,"comment_status":"open","ping_status":"closed","template":"","meta":{"_uag_custom_page_level_css":""},"product_brand":[549],"product_cat":[125],"product_tag":[],"class_list":{"0":"post-52300","1":"product","2":"type-product","3":"status-publish","4":"has-post-thumbnail","6":"product_brand-logitech","7":"product_cat-teclados-y-mouses","9":"first","10":"instock","11":"sale","12":"taxable","13":"shipping-taxable","14":"purchasable","15":"product-type-simple"},"uagb_featured_image_src":{"full":["https:\/\/rms-enlinea.com.ar\/wp-content\/uploads\/2025\/06\/D_785206-MLU72753842770_112023-F.jpg",781,1200,false],"thumbnail":["https:\/\/rms-enlinea.com.ar\/wp-content\/uploads\/2025\/06\/D_785206-MLU72753842770_112023-F-150x150.jpg",150,150,true],"medium":["https:\/\/rms-enlinea.com.ar\/wp-content\/uploads\/2025\/06\/D_785206-MLU72753842770_112023-F-195x300.jpg",195,300,true],"medium_large":["https:\/\/rms-enlinea.com.ar\/wp-content\/uploads\/2025\/06\/D_785206-MLU72753842770_112023-F-768x1180.jpg",768,1180,true],"large":["https:\/\/rms-enlinea.com.ar\/wp-content\/uploads\/2025\/06\/D_785206-MLU72753842770_112023-F-666x1024.jpg",666,1024,true],"1536x1536":["https:\/\/rms-enlinea.com.ar\/wp-content\/uploads\/2025\/06\/D_785206-MLU72753842770_112023-F.jpg",781,1200,false],"2048x2048":["https:\/\/rms-enlinea.com.ar\/wp-content\/uploads\/2025\/06\/D_785206-MLU72753842770_112023-F.jpg",781,1200,false],"woocommerce_thumbnail":["https:\/\/rms-enlinea.com.ar\/wp-content\/uploads\/2025\/06\/D_785206-MLU72753842770_112023-F-450x450.jpg",450,450,true],"woocommerce_single":["https:\/\/rms-enlinea.com.ar\/wp-content\/uploads\/2025\/06\/D_785206-MLU72753842770_112023-F-600x922.jpg",600,922,true],"woocommerce_gallery_thumbnail":["https:\/\/rms-enlinea.com.ar\/wp-content\/uploads\/2025\/06\/D_785206-MLU72753842770_112023-F-100x100.jpg",100,100,true]},"uagb_author_info":{"display_name":"nelson","author_link":"https:\/\/rms-enlinea.com.ar\/tienda\/author\/"},"uagb_comment_info":0,"uagb_excerpt":"DIMENSIONES Altura: 97.7 mm Ancho: 61.5 mm Profundidad: 35.2 mm Peso (con bater\u00edas): 70,5 g Tecnolog\u00eda de sensor Seguimiento \u00f3ptico uniforme DPI (m\u00edn.\/m\u00e1x.): 1000\u00b1","_links":{"self":[{"href":"https:\/\/rms-enlinea.com.ar\/tienda\/wp-json\/wp\/v2\/product\/52300","targetHints":{"allow":["GET"]}}],"collection":[{"href":"https:\/\/rms-enlinea.com.ar\/tienda\/wp-json\/wp\/v2\/product"}],"about":[{"href":"https:\/\/rms-enlinea.com.ar\/tienda\/wp-json\/wp\/v2\/types\/product"}],"replies":[{"embeddable":true,"href":"https:\/\/rms-enlinea.com.ar\/tienda\/wp-json\/wp\/v2\/comments?post=52300"}],"wp:featuredmedia":[{"embeddable":true,"href":"https:\/\/rms-enlinea.com.ar\/tienda\/wp-json\/wp\/v2\/media\/7191"}],"wp:attachment":[{"href":"https:\/\/rms-enlinea.com.ar\/tienda\/wp-json\/wp\/v2\/media?parent=52300"}],"wp:term":[{"taxonomy":"product_brand","embeddable":true,"href":"https:\/\/rms-enlinea.com.ar\/tienda\/wp-json\/wp\/v2\/product_brand?post=52300"},{"taxonomy":"product_cat","embeddable":true,"href":"https:\/\/rms-enlinea.com.ar\/tienda\/wp-json\/wp\/v2\/product_cat?post=52300"},{"taxonomy":"product_tag","embeddable":true,"href":"https:\/\/rms-enlinea.com.ar\/tienda\/wp-json\/wp\/v2\/product_tag?post=52300"}],"curies":[{"name":"wp","href":"https:\/\/api.w.org\/{rel}","templated":true}]}}