{"id":52302,"date":"2025-07-29T09:40:06","date_gmt":"2025-07-29T12:40:06","guid":{"rendered":"https:\/\/rms-enlinea.com.ar\/tienda\/producto\/mouse-vertical-inalambrico-logitech-lift-ergo-rosa\/"},"modified":"2026-04-06T11:55:19","modified_gmt":"2026-04-06T14:55:19","slug":"mouse-vertical-inalambrico-logitech-lift-ergo-rosa","status":"publish","type":"product","link":"https:\/\/rms-enlinea.com.ar\/tienda\/producto\/mouse-vertical-inalambrico-logitech-lift-ergo-rosa\/","title":{"rendered":"Mouse Vertical Inal\u00e1mbrico Logitech Lift Ergo Rosa"},"content":{"rendered":"<p>Dimensiones<\/p>\n<p>Altura: 71 mm<\/p>\n<p>Ancho: 70 mm<\/p>\n<p>Profundidad: 108 mm<\/p>\n<p>Peso: 125 g<\/p>\n<p>Especificaciones t\u00e9cnicas<\/p>\n<p>Tecnolog\u00eda de sensor<\/p>\n<p>Tipo de sensor: Seguimiento \u00f3ptico avanzado de Logitech<br \/>\nRango de dpi: 400-4000 dpi (totalmente ajustable con incrementos de 100 dpi)<br \/>\nValor nominal: 1000 dpi<br \/>\nBotones<\/p>\n<p>N\u00famero de botones: 6 (click izquierdo\/derecho, retroceso\/avance, bot\u00f3n central, bot\u00f3n rueda con click de bot\u00f3n central)<br \/>\nPilas\/Bater\u00edas<\/p>\n<p>Tipo de bater\u00edas: 1 bater\u00eda AA (incluida)<br \/>\nDuraci\u00f3n de bater\u00edas: hasta 24 meses<br \/>\nCompatibilidad con tipo de conexi\u00f3n<\/p>\n<p>Receptor USB Logi Bolt (incluido)<br \/>\nTecnolog\u00eda Bluetooth\u00ae de bajo consumo<br \/>\nRadio de acci\u00f3n inal\u00e1mbrico<\/p>\n<p>Radio de acci\u00f3n inal\u00e1mbrico de 10 m<br \/>\nCompatibilidad con software Logi Options+<\/p>\n<p>Software opcional: Compatible con Logi Options+ en macOS 10.15 o posteriores y Windows\u00ae 10, 11, Windows 10 o posteriores<br \/>\nSostenibilidad<\/p>\n<p>Pl\u00e1stico en grafito: 70% de pl\u00e1stico reciclado posconsumo<br \/>\nPl\u00e1stico en blanco crudo y rosado: 54% de material reciclado posconsumo<br \/>\nEmpacado de papel: Certificaci\u00f3n para FSC\u2122<br \/>\nCon certificaci\u00f3n Carbon Neutral<br \/>\nREQUISITOS DEL SISTEMA<br \/>\nBluetooth\u00ae de bajo consumo<\/p>\n<p>Windows 10, 11 o posterior<br \/>\nmacOS 10.15 o posterior<br \/>\niPadOS 14 o posterior<br \/>\nChromeOS\u2122<br \/>\nLinux<br \/>\nAndroid 8 o posterior<br \/>\nReceptor USB Logi Bolt<\/p>\n<p>Requiere: Puerto USB disponible<br \/>\nWindows 10, 11 o posterior<br \/>\nmacOS 10.15 o posterior<br \/>\nChromeOS<br \/>\nLinux<br \/>\nLos usuarios de ChromeOS deben conectarse por Bluetooth para obtener la mejor experiencia<\/p>\n","protected":false},"excerpt":{"rendered":"<p>Dimensiones Altura: 71 mm Ancho: 70 mm Profundidad: 108 mm Peso: 125 g Especificaciones t\u00e9cnicas Tecnolog\u00eda de sensor Tipo de sensor: Seguimiento \u00f3ptico avanzado de Logitech Rango de dpi: 400-4000 dpi (totalmente ajustable con incrementos de 100 dpi) Valor nominal: 1000 dpi Botones N\u00famero de botones: 6 (click izquierdo\/derecho, retroceso\/avance, bot\u00f3n central, bot\u00f3n rueda con [&hellip;]<\/p>\n","protected":false},"featured_media":23944,"comment_status":"open","ping_status":"closed","template":"","meta":{"_uag_custom_page_level_css":""},"product_brand":[549],"product_cat":[125],"product_tag":[],"class_list":{"0":"post-52302","1":"product","2":"type-product","3":"status-publish","4":"has-post-thumbnail","6":"product_brand-logitech","7":"product_cat-teclados-y-mouses","9":"first","10":"outofstock","11":"sale","12":"taxable","13":"shipping-taxable","14":"purchasable","15":"product-type-simple"},"uagb_featured_image_src":{"full":["https:\/\/rms-enlinea.com.ar\/wp-content\/uploads\/2025\/06\/D_828287-MLA75011141411_032024-F.jpg",824,1200,false],"thumbnail":["https:\/\/rms-enlinea.com.ar\/wp-content\/uploads\/2025\/06\/D_828287-MLA75011141411_032024-F-150x150.jpg",150,150,true],"medium":["https:\/\/rms-enlinea.com.ar\/wp-content\/uploads\/2025\/06\/D_828287-MLA75011141411_032024-F-206x300.jpg",206,300,true],"medium_large":["https:\/\/rms-enlinea.com.ar\/wp-content\/uploads\/2025\/06\/D_828287-MLA75011141411_032024-F-768x1118.jpg",768,1118,true],"large":["https:\/\/rms-enlinea.com.ar\/wp-content\/uploads\/2025\/06\/D_828287-MLA75011141411_032024-F-703x1024.jpg",703,1024,true],"1536x1536":["https:\/\/rms-enlinea.com.ar\/wp-content\/uploads\/2025\/06\/D_828287-MLA75011141411_032024-F.jpg",824,1200,false],"2048x2048":["https:\/\/rms-enlinea.com.ar\/wp-content\/uploads\/2025\/06\/D_828287-MLA75011141411_032024-F.jpg",824,1200,false],"woocommerce_thumbnail":["https:\/\/rms-enlinea.com.ar\/wp-content\/uploads\/2025\/06\/D_828287-MLA75011141411_032024-F-450x450.jpg",450,450,true],"woocommerce_single":["https:\/\/rms-enlinea.com.ar\/wp-content\/uploads\/2025\/06\/D_828287-MLA75011141411_032024-F-600x874.jpg",600,874,true],"woocommerce_gallery_thumbnail":["https:\/\/rms-enlinea.com.ar\/wp-content\/uploads\/2025\/06\/D_828287-MLA75011141411_032024-F-100x100.jpg",100,100,true]},"uagb_author_info":{"display_name":"nelson","author_link":"https:\/\/rms-enlinea.com.ar\/tienda\/author\/"},"uagb_comment_info":0,"uagb_excerpt":"Dimensiones Altura: 71 mm Ancho: 70 mm Profundidad: 108 mm Peso: 125 g Especificaciones t\u00e9cnicas Tecnolog\u00eda de sensor Tipo de sensor: Seguimiento \u00f3ptico avanzado de Logitech Rango de dpi: 400-4000 dpi (totalmente ajustable con incrementos de 100 dpi) Valor nominal: 1000 dpi Botones N\u00famero de botones: 6 (click izquierdo\/derecho, retroceso\/avance, bot\u00f3n central, bot\u00f3n rueda con&hellip;","_links":{"self":[{"href":"https:\/\/rms-enlinea.com.ar\/tienda\/wp-json\/wp\/v2\/product\/52302","targetHints":{"allow":["GET"]}}],"collection":[{"href":"https:\/\/rms-enlinea.com.ar\/tienda\/wp-json\/wp\/v2\/product"}],"about":[{"href":"https:\/\/rms-enlinea.com.ar\/tienda\/wp-json\/wp\/v2\/types\/product"}],"replies":[{"embeddable":true,"href":"https:\/\/rms-enlinea.com.ar\/tienda\/wp-json\/wp\/v2\/comments?post=52302"}],"wp:featuredmedia":[{"embeddable":true,"href":"https:\/\/rms-enlinea.com.ar\/tienda\/wp-json\/wp\/v2\/media\/23944"}],"wp:attachment":[{"href":"https:\/\/rms-enlinea.com.ar\/tienda\/wp-json\/wp\/v2\/media?parent=52302"}],"wp:term":[{"taxonomy":"product_brand","embeddable":true,"href":"https:\/\/rms-enlinea.com.ar\/tienda\/wp-json\/wp\/v2\/product_brand?post=52302"},{"taxonomy":"product_cat","embeddable":true,"href":"https:\/\/rms-enlinea.com.ar\/tienda\/wp-json\/wp\/v2\/product_cat?post=52302"},{"taxonomy":"product_tag","embeddable":true,"href":"https:\/\/rms-enlinea.com.ar\/tienda\/wp-json\/wp\/v2\/product_tag?post=52302"}],"curies":[{"name":"wp","href":"https:\/\/api.w.org\/{rel}","templated":true}]}}