{"id":52315,"date":"2025-07-29T11:30:25","date_gmt":"2025-07-29T14:30:25","guid":{"rendered":"https:\/\/rms-enlinea.com.ar\/tienda\/producto\/fuente-corsair-rm1200x-shift-1200w-80-plus-gold-full-modular-2\/"},"modified":"2026-02-20T20:32:18","modified_gmt":"2026-02-20T23:32:18","slug":"fuente-corsair-rm1200x-shift-1200w-80-plus-gold-full-modular-2","status":"publish","type":"product","link":"https:\/\/rms-enlinea.com.ar\/tienda\/producto\/fuente-corsair-rm1200x-shift-1200w-80-plus-gold-full-modular-2\/","title":{"rendered":"Fuente Corsair Rm1200x Shift 1200w 80 Plus Gold Full Modular"},"content":{"rendered":"<p>Eficiencia Cybenetics Oro<br \/>\nNivel de ruido Cybenetics A-<br \/>\nConectores PATA 8<br \/>\nConectores EPS 2<br \/>\nConectores SATA 16<br \/>\nTecnolog\u00eda del rodamiento del ventilador FDB (Rodamiento de fluido din\u00e1mico)<br \/>\nModo de espera moderno S\u00ed<br \/>\nTipo de cable Tipo 5<br \/>\nConectores PCIe 6<br \/>\nTama\u00f1o del ventilador 140 mm<br \/>\nPotencia continua 1000 vatios<br \/>\nConector ATX 1<br \/>\nVersi\u00f3n ATX12V 3.1<br \/>\nTiempo medio entre fallos (MTBF) 100,000 horas<br \/>\nCertificaci\u00f3n 80 PLUS Oro<br \/>\nPeso 3.9 kg (aprox.)<\/p>\n","protected":false},"excerpt":{"rendered":"<p>Eficiencia Cybenetics Oro Nivel de ruido Cybenetics A- Conectores PATA 8 Conectores EPS 2 Conectores SATA 16 Tecnolog\u00eda del rodamiento del ventilador FDB (Rodamiento de fluido din\u00e1mico) Modo de espera moderno S\u00ed Tipo de cable Tipo 5 Conectores PCIe 6 Tama\u00f1o del ventilador 140 mm Potencia continua 1000 vatios Conector ATX 1 Versi\u00f3n ATX12V 3.1 [&hellip;]<\/p>\n","protected":false},"featured_media":23462,"comment_status":"open","ping_status":"closed","template":"","meta":{"_uag_custom_page_level_css":""},"product_brand":[555],"product_cat":[108],"product_tag":[],"class_list":{"0":"post-52315","1":"product","2":"type-product","3":"status-publish","4":"has-post-thumbnail","6":"product_brand-corsair","7":"product_cat-fuentes-y-cargadores","9":"first","10":"outofstock","11":"sale","12":"taxable","13":"shipping-taxable","14":"purchasable","15":"product-type-simple"},"uagb_featured_image_src":{"full":["https:\/\/rms-enlinea.com.ar\/wp-content\/uploads\/2025\/06\/D_779614-MLA84818811339_052025-F.jpg",1075,1024,false],"thumbnail":["https:\/\/rms-enlinea.com.ar\/wp-content\/uploads\/2025\/06\/D_779614-MLA84818811339_052025-F-150x150.jpg",150,150,true],"medium":["https:\/\/rms-enlinea.com.ar\/wp-content\/uploads\/2025\/06\/D_779614-MLA84818811339_052025-F-300x286.jpg",300,286,true],"medium_large":["https:\/\/rms-enlinea.com.ar\/wp-content\/uploads\/2025\/06\/D_779614-MLA84818811339_052025-F-768x732.jpg",768,732,true],"large":["https:\/\/rms-enlinea.com.ar\/wp-content\/uploads\/2025\/06\/D_779614-MLA84818811339_052025-F-1024x975.jpg",1024,975,true],"1536x1536":["https:\/\/rms-enlinea.com.ar\/wp-content\/uploads\/2025\/06\/D_779614-MLA84818811339_052025-F.jpg",1075,1024,false],"2048x2048":["https:\/\/rms-enlinea.com.ar\/wp-content\/uploads\/2025\/06\/D_779614-MLA84818811339_052025-F.jpg",1075,1024,false],"woocommerce_thumbnail":["https:\/\/rms-enlinea.com.ar\/wp-content\/uploads\/2025\/06\/D_779614-MLA84818811339_052025-F-450x450.jpg",450,450,true],"woocommerce_single":["https:\/\/rms-enlinea.com.ar\/wp-content\/uploads\/2025\/06\/D_779614-MLA84818811339_052025-F-600x572.jpg",600,572,true],"woocommerce_gallery_thumbnail":["https:\/\/rms-enlinea.com.ar\/wp-content\/uploads\/2025\/06\/D_779614-MLA84818811339_052025-F-100x100.jpg",100,100,true]},"uagb_author_info":{"display_name":"nelson","author_link":"https:\/\/rms-enlinea.com.ar\/tienda\/author\/"},"uagb_comment_info":0,"uagb_excerpt":"Eficiencia Cybenetics Oro Nivel de ruido Cybenetics A- Conectores PATA 8 Conectores EPS 2 Conectores SATA 16 Tecnolog\u00eda del rodamiento del ventilador FDB (Rodamiento de fluido din\u00e1mico) Modo de espera moderno S\u00ed Tipo de cable Tipo 5 Conectores PCIe 6 Tama\u00f1o del ventilador 140 mm Potencia continua 1000 vatios Conector ATX 1 Versi\u00f3n ATX12V 3.1&hellip;","_links":{"self":[{"href":"https:\/\/rms-enlinea.com.ar\/tienda\/wp-json\/wp\/v2\/product\/52315","targetHints":{"allow":["GET"]}}],"collection":[{"href":"https:\/\/rms-enlinea.com.ar\/tienda\/wp-json\/wp\/v2\/product"}],"about":[{"href":"https:\/\/rms-enlinea.com.ar\/tienda\/wp-json\/wp\/v2\/types\/product"}],"replies":[{"embeddable":true,"href":"https:\/\/rms-enlinea.com.ar\/tienda\/wp-json\/wp\/v2\/comments?post=52315"}],"wp:featuredmedia":[{"embeddable":true,"href":"https:\/\/rms-enlinea.com.ar\/tienda\/wp-json\/wp\/v2\/media\/23462"}],"wp:attachment":[{"href":"https:\/\/rms-enlinea.com.ar\/tienda\/wp-json\/wp\/v2\/media?parent=52315"}],"wp:term":[{"taxonomy":"product_brand","embeddable":true,"href":"https:\/\/rms-enlinea.com.ar\/tienda\/wp-json\/wp\/v2\/product_brand?post=52315"},{"taxonomy":"product_cat","embeddable":true,"href":"https:\/\/rms-enlinea.com.ar\/tienda\/wp-json\/wp\/v2\/product_cat?post=52315"},{"taxonomy":"product_tag","embeddable":true,"href":"https:\/\/rms-enlinea.com.ar\/tienda\/wp-json\/wp\/v2\/product_tag?post=52315"}],"curies":[{"name":"wp","href":"https:\/\/api.w.org\/{rel}","templated":true}]}}