{"id":52388,"date":"2025-07-29T13:50:11","date_gmt":"2025-07-29T16:50:11","guid":{"rendered":"https:\/\/rms-enlinea.com.ar\/tienda\/producto\/webcam-razer-kiyo-x-rz19-04170100-r3u1-2-1mpx-full-hd-1080p\/"},"modified":"2026-02-18T04:41:47","modified_gmt":"2026-02-18T07:41:47","slug":"webcam-razer-kiyo-x-rz19-04170100-r3u1-2-1mpx-full-hd-1080p","status":"publish","type":"product","link":"https:\/\/rms-enlinea.com.ar\/tienda\/producto\/webcam-razer-kiyo-x-rz19-04170100-r3u1-2-1mpx-full-hd-1080p\/","title":{"rendered":"Webcam Razer Kiyo X Rz19-04170100-r3u1 2.1mpx Full Hd 1080p"},"content":{"rendered":"<p>Tu mejor transmisi\u00f3n<br \/>\nObt\u00e9n tu mejor transmisi\u00f3n con Razer Kiyo X, una c\u00e1mara web para transmisi\u00f3n Full HD a 1080p y 30 FPS. Con excelente fidelidad visual, ajustes totalmente personalizables, enfoque autom\u00e1tico inteligente y m\u00e1s, todo para ayudarte a tener el mejor equipo para crear tu mejor contenido.<\/p>\n<p>S\u00faper clara y s\u00faper fluida<br \/>\nYa sea que est\u00e9 buscando fidelidad visual o desee que su transmisi\u00f3n sea m\u00e1s fluida, la c\u00e1mara web USB ofrece la oportunidad de lograr ambas cosas.<\/p>\n<p>1080p a 30 FPS<br \/>\nMayor resoluci\u00f3n para detalles m\u00e1s finos<\/p>\n<p>720p a 60 FPS<br \/>\nMayor velocidad de cuadros para video m\u00e1s fluido<\/p>\n<p>Ajustes totalmente personalizables<br \/>\n\u00bfTe gusta una apariencia particular o est\u00e1s de humor para un cambio? Tenga siempre la imagen perfecta en cualquier situaci\u00f3n guardando su configuraci\u00f3n de video y cambiando f\u00e1cilmente entre perfiles personalizados con Razer Synapse.<\/p>\n<p>\u2022 Cambie entre enfoque autom\u00e1tico y manual<\/p>\n<p>\u2022 Elija entre diferentes ajustes preestablecidos de imagen<\/p>\n<p>\u2022 Ajuste el brillo, el contraste, la saturaci\u00f3n y el balance de blancos<\/p>\n<p>\u2022 Seleccione un ajuste preestablecido de c\u00e1mara para comenzar r\u00e1pidamente<\/p>\n<p>Opciones de montaje flexibles<br \/>\nObtenga siempre el \u00e1ngulo perfecto con el soporte estable para c\u00e1mara web, que se ajusta perfectamente contra su monitor, se puede inclinar hacia arriba o hacia abajo y se puede quitar para colocar el Razer Kiyo X en un tr\u00edpode.<\/p>\n<p>Plug and Play<br \/>\n\u00bfEst\u00e1s ansioso por comenzar a transmitir? El Razer Kiyo X funciona desde el primer momento con Razer Synapse 3 y es compatible con los programas de streaming m\u00e1s populares, lo que lo convierte en el complemento perfecto e instant\u00e1neo para tu equipo.<\/p>\n<p>Especificaciones:<\/p>\n<p>Codificaci\u00f3n de v\u00eddeo: YUY2 (no todas las resoluciones de v\u00eddeo) &#8211; MJPEG<\/p>\n<p>C\u00f3dec de audio: 16 bits a 48 KHz<\/p>\n<p>Campo de visi\u00f3n: 82\u00b0<\/p>\n<p>Longitud del cable: cable trenzado de 1,5 metros.<\/p>\n<p>Tipo de montaje: Clip\/soporte<\/p>\n<p>Tipo de micr\u00f3fono: Omnidireccional<\/p>\n","protected":false},"excerpt":{"rendered":"<p>Tu mejor transmisi\u00f3n Obt\u00e9n tu mejor transmisi\u00f3n con Razer Kiyo X, una c\u00e1mara web para transmisi\u00f3n Full HD a 1080p y 30 FPS. Con excelente fidelidad visual, ajustes totalmente personalizables, enfoque autom\u00e1tico inteligente y m\u00e1s, todo para ayudarte a tener el mejor equipo para crear tu mejor contenido. S\u00faper clara y s\u00faper fluida Ya sea [&hellip;]<\/p>\n","protected":false},"featured_media":28414,"comment_status":"open","ping_status":"closed","template":"","meta":{"_uag_custom_page_level_css":""},"product_brand":[559],"product_cat":[102],"product_tag":[],"class_list":{"0":"post-52388","1":"product","2":"type-product","3":"status-publish","4":"has-post-thumbnail","6":"product_brand-razer","7":"product_cat-camaras-webcam","9":"first","10":"outofstock","11":"sale","12":"taxable","13":"shipping-taxable","14":"purchasable","15":"product-type-simple"},"uagb_featured_image_src":{"full":["https:\/\/rms-enlinea.com.ar\/wp-content\/uploads\/2025\/06\/D_639714-MLA77058428808_062024-F.jpg",756,886,false],"thumbnail":["https:\/\/rms-enlinea.com.ar\/wp-content\/uploads\/2025\/06\/D_639714-MLA77058428808_062024-F-150x150.jpg",150,150,true],"medium":["https:\/\/rms-enlinea.com.ar\/wp-content\/uploads\/2025\/06\/D_639714-MLA77058428808_062024-F-256x300.jpg",256,300,true],"medium_large":["https:\/\/rms-enlinea.com.ar\/wp-content\/uploads\/2025\/06\/D_639714-MLA77058428808_062024-F.jpg",756,886,false],"large":["https:\/\/rms-enlinea.com.ar\/wp-content\/uploads\/2025\/06\/D_639714-MLA77058428808_062024-F.jpg",756,886,false],"1536x1536":["https:\/\/rms-enlinea.com.ar\/wp-content\/uploads\/2025\/06\/D_639714-MLA77058428808_062024-F.jpg",756,886,false],"2048x2048":["https:\/\/rms-enlinea.com.ar\/wp-content\/uploads\/2025\/06\/D_639714-MLA77058428808_062024-F.jpg",756,886,false],"woocommerce_thumbnail":["https:\/\/rms-enlinea.com.ar\/wp-content\/uploads\/2025\/06\/D_639714-MLA77058428808_062024-F-450x450.jpg",450,450,true],"woocommerce_single":["https:\/\/rms-enlinea.com.ar\/wp-content\/uploads\/2025\/06\/D_639714-MLA77058428808_062024-F-600x703.jpg",600,703,true],"woocommerce_gallery_thumbnail":["https:\/\/rms-enlinea.com.ar\/wp-content\/uploads\/2025\/06\/D_639714-MLA77058428808_062024-F-100x100.jpg",100,100,true]},"uagb_author_info":{"display_name":"nelson","author_link":"https:\/\/rms-enlinea.com.ar\/tienda\/author\/"},"uagb_comment_info":0,"uagb_excerpt":"Tu mejor transmisi\u00f3n Obt\u00e9n tu mejor transmisi\u00f3n con Razer Kiyo X, una c\u00e1mara web para transmisi\u00f3n Full HD a 1080p y 30 FPS. Con excelente fidelidad visual, ajustes totalmente personalizables, enfoque autom\u00e1tico inteligente y m\u00e1s, todo para ayudarte a tener el mejor equipo para crear tu mejor contenido. S\u00faper clara y s\u00faper fluida Ya sea&hellip;","_links":{"self":[{"href":"https:\/\/rms-enlinea.com.ar\/tienda\/wp-json\/wp\/v2\/product\/52388","targetHints":{"allow":["GET"]}}],"collection":[{"href":"https:\/\/rms-enlinea.com.ar\/tienda\/wp-json\/wp\/v2\/product"}],"about":[{"href":"https:\/\/rms-enlinea.com.ar\/tienda\/wp-json\/wp\/v2\/types\/product"}],"replies":[{"embeddable":true,"href":"https:\/\/rms-enlinea.com.ar\/tienda\/wp-json\/wp\/v2\/comments?post=52388"}],"wp:featuredmedia":[{"embeddable":true,"href":"https:\/\/rms-enlinea.com.ar\/tienda\/wp-json\/wp\/v2\/media\/28414"}],"wp:attachment":[{"href":"https:\/\/rms-enlinea.com.ar\/tienda\/wp-json\/wp\/v2\/media?parent=52388"}],"wp:term":[{"taxonomy":"product_brand","embeddable":true,"href":"https:\/\/rms-enlinea.com.ar\/tienda\/wp-json\/wp\/v2\/product_brand?post=52388"},{"taxonomy":"product_cat","embeddable":true,"href":"https:\/\/rms-enlinea.com.ar\/tienda\/wp-json\/wp\/v2\/product_cat?post=52388"},{"taxonomy":"product_tag","embeddable":true,"href":"https:\/\/rms-enlinea.com.ar\/tienda\/wp-json\/wp\/v2\/product_tag?post=52388"}],"curies":[{"name":"wp","href":"https:\/\/api.w.org\/{rel}","templated":true}]}}