{"id":52403,"date":"2025-07-29T17:01:29","date_gmt":"2025-07-29T20:01:29","guid":{"rendered":"https:\/\/rms-enlinea.com.ar\/tienda\/producto\/gamepad-joystick-razer-kishi-v3-usb-c-smartphone\/"},"modified":"2026-04-21T05:26:03","modified_gmt":"2026-04-21T08:26:03","slug":"gamepad-joystick-razer-kishi-v3-usb-c-smartphone","status":"publish","type":"product","link":"https:\/\/rms-enlinea.com.ar\/tienda\/producto\/gamepad-joystick-razer-kishi-v3-usb-c-smartphone\/","title":{"rendered":"Gamepad Joystick Razer Kishi V3 Usb-c Smartphone"},"content":{"rendered":"<p>Razer Kishi V3<\/p>\n<p>EL MANDO PARA M\u00d3VILES NIVEL SUPREMO<br \/>\nDesbloquea el juego m\u00f3vil total con el Razer Kishi V3, un mando de tama\u00f1o completo que lleva una experiencia de juego de calidad de consola a tu smartphone. Gracias a su dise\u00f1o para iPhone y Android, disfrutar\u00e1s de la ergonom\u00eda y del rendimiento de un mando de consola profesional con palancas de mando TMR de tama\u00f1o completo y botones traseros de clic de rat\u00f3n doble.<\/p>\n<p>DISE\u00d1O DE MANDO DE TAMA\u00d1O COMPLETO<br \/>\nControles y ergonom\u00eda de consola profesionales para iPhone* y Android<br \/>\nEl rendimiento de la consola se une a la comodidad del m\u00f3vil. Juega durante per\u00edodos prolongados con total comodidad y control gracias a los agarres ergon\u00f3micos de mayor tama\u00f1o, con una sujeci\u00f3n m\u00e1s natural que los mandos m\u00f3viles est\u00e1ndar.<\/p>\n<p>*iPhone 15 y superiores.<\/p>\n<p>PALANCA DE MANDO TMR DE TAMA\u00d1O COMPLETO<br \/>\nPrecisi\u00f3n y durabilidad de vanguardia<br \/>\nPerfecciona tu punter\u00eda con un mando para m\u00f3viles de \u00faltima generaci\u00f3n con palancas de mando antideslizamiento de alta precisi\u00f3n, superiores a los dise\u00f1os con efecto Hall.<\/p>\n<p>BOTONES TRASEROS DE CLIC DE RAT\u00d3N DOBLE<br \/>\nEntradas m\u00e1s r\u00e1pidas y eficaces<br \/>\nDisfruta de la misma capacidad de respuesta ultrarr\u00e1pida de nuestros mejores ratones gaming gracias a los 2 botones traseros integrados en los agarres ergon\u00f3micos del mando.<\/p>\n<p>CON RAZER NEXUS GAME LAUNCHER<br \/>\nDescubre miles de juegos para iOS y Android<br \/>\nEjecuta juegos, personaliza los controles, graba y comparte tus partidas y mant\u00e9n actualizado tu mando con una aplicaci\u00f3n gratuita* que puedes activar con solo tocar un bot\u00f3n.<\/p>\n<p>*No es necesario pagar ni tener una suscripci\u00f3n para usar Razer Nexus, pero algunas aplicaciones dentro de Razer Nexus s\u00ed lo requieren.<\/p>\n<p>JUEGA A CUALQUIER T\u00cdTULO DESDE CUALQUIER LUGAR<br \/>\nCompatible con t\u00edtulos para Android y iOS y con el streaming de juegos desde la nube o tu dispositivo<br \/>\nAdem\u00e1s de los juegos para m\u00f3vil m\u00e1s populares, utiliza el mando para jugar a los mayores lanzamientos de PC y consola directamente en tu tel\u00e9fono. Gracias a la compatibilidad con las principales aplicaciones de streaming de juegos, disfruta de la flexibilidad de jugar desde la nube o transmitirlo desde tu PC o consola (es posible que se necesiten hardware y servicios de terceros).<\/p>\n<p>JUEGO EN REMOTO Y CON CABLE PARA PC<br \/>\nCon\u00e9ctate mediante plug-and-play o transmite juegos con Razer Nexus<br \/>\nConvi\u00e9rtelo en un mando para PC mediante una conexi\u00f3n USB C directa de baja latencia (el cable se vende por separado). Juega en remoto a tus juegos de PC desde cualquier programa de inicio con Razer Nexus y disfruta de los juegos AAA en cualquier lugar.<\/p>\n<p>COMPATIBILIDAD CON CARCASAS INCOMPARABLE<br \/>\nSe adapta a las carcasas de tel\u00e9fono m\u00e1s populares<br \/>\nGracias a un innovador dise\u00f1o de \u00abisla\u00bb USB C y a un espacio libre mayor al de otros mandos, disfruta de una compatibilidad l\u00edder en el sector con muchas de las mejores combinaciones de tel\u00e9fonos y carcasas.<\/p>\n<p>CONECTIVIDAD Y COMODIDAD SIN INTERRUPCIONES<br \/>\nUSB C con carga simult\u00e1nea y audio de 3,5 mm<br \/>\nDisfruta de partidas con baja latencia, un audio fluido y comodidad Plug-and-Play. Con la carga simult\u00e1nea, podr\u00e1s cargar tu dispositivo mientras juegas<\/p>\n<p>ESPECIFICACIONES<br \/>\nEspecificaciones T\u00e9cnicas:<br \/>\nDimensiones de tel\u00e9fono compatibles<br \/>\nCompatible con Samsung Galaxy serie S24, Google Pixel series 6, 7 y 8, y muchos otros dispositivos Android<br \/>\nCompatible con iPhone 15, iPhone 16, iPhone 16 Pro y iPhone 16 Pro Max<br \/>\nCompatible con Windows 11 mediante cable USB C<br \/>\nTopes de gatillo: Ninguno<br \/>\nConectividad: USB Tipo C<br \/>\nTama\u00f1o aproximado: 108,1 mm X 227 mm X 55,4 mm<br \/>\nAplicaci\u00f3n m\u00f3vil: S\u00ed<br \/>\nBotones multifunci\u00f3n: 2<br \/>\nRequisito del sistema:<br \/>\nAndroid\u2122 14 o posterior<br \/>\niOS 18<br \/>\nWindows 11<br \/>\nCarga: Carga simult\u00e1nea<br \/>\nPeso aproximado: 175 gramos<br \/>\nDuraci\u00f3n de la bater\u00eda: Ninguno<br \/>\nPalanca de control seleccionable: S\u00ed<br \/>\nBotones de acci\u00f3n t\u00e1ctiles mecanizados: T\u00e1ctiles silenciosos<\/p>\n","protected":false},"excerpt":{"rendered":"<p>Razer Kishi V3 EL MANDO PARA M\u00d3VILES NIVEL SUPREMO Desbloquea el juego m\u00f3vil total con el Razer Kishi V3, un mando de tama\u00f1o completo que lleva una experiencia de juego de calidad de consola a tu smartphone. Gracias a su dise\u00f1o para iPhone y Android, disfrutar\u00e1s de la ergonom\u00eda y del rendimiento de un mando [&hellip;]<\/p>\n","protected":false},"featured_media":52404,"comment_status":"open","ping_status":"closed","template":"","meta":{"_uag_custom_page_level_css":""},"product_brand":[559],"product_cat":[111],"product_tag":[],"class_list":{"0":"post-52403","1":"product","2":"type-product","3":"status-publish","4":"has-post-thumbnail","6":"product_brand-razer","7":"product_cat-joystick","9":"first","10":"outofstock","11":"sale","12":"taxable","13":"shipping-taxable","14":"purchasable","15":"product-type-simple"},"uagb_featured_image_src":{"full":["https:\/\/rms-enlinea.com.ar\/wp-content\/uploads\/2025\/07\/D_622823-MLA88903794087_072025-F.jpg",1200,462,false],"thumbnail":["https:\/\/rms-enlinea.com.ar\/wp-content\/uploads\/2025\/07\/D_622823-MLA88903794087_072025-F-150x150.jpg",150,150,true],"medium":["https:\/\/rms-enlinea.com.ar\/wp-content\/uploads\/2025\/07\/D_622823-MLA88903794087_072025-F-300x116.jpg",300,116,true],"medium_large":["https:\/\/rms-enlinea.com.ar\/wp-content\/uploads\/2025\/07\/D_622823-MLA88903794087_072025-F-768x296.jpg",768,296,true],"large":["https:\/\/rms-enlinea.com.ar\/wp-content\/uploads\/2025\/07\/D_622823-MLA88903794087_072025-F-1024x394.jpg",1024,394,true],"1536x1536":["https:\/\/rms-enlinea.com.ar\/wp-content\/uploads\/2025\/07\/D_622823-MLA88903794087_072025-F.jpg",1200,462,false],"2048x2048":["https:\/\/rms-enlinea.com.ar\/wp-content\/uploads\/2025\/07\/D_622823-MLA88903794087_072025-F.jpg",1200,462,false],"woocommerce_thumbnail":["https:\/\/rms-enlinea.com.ar\/wp-content\/uploads\/2025\/07\/D_622823-MLA88903794087_072025-F-450x450.jpg",450,450,true],"woocommerce_single":["https:\/\/rms-enlinea.com.ar\/wp-content\/uploads\/2025\/07\/D_622823-MLA88903794087_072025-F-600x231.jpg",600,231,true],"woocommerce_gallery_thumbnail":["https:\/\/rms-enlinea.com.ar\/wp-content\/uploads\/2025\/07\/D_622823-MLA88903794087_072025-F-100x100.jpg",100,100,true]},"uagb_author_info":{"display_name":"nelson","author_link":"https:\/\/rms-enlinea.com.ar\/tienda\/author\/"},"uagb_comment_info":0,"uagb_excerpt":"Razer Kishi V3 EL MANDO PARA M\u00d3VILES NIVEL SUPREMO Desbloquea el juego m\u00f3vil total con el Razer Kishi V3, un mando de tama\u00f1o completo que lleva una experiencia de juego de calidad de consola a tu smartphone. Gracias a su dise\u00f1o para iPhone y Android, disfrutar\u00e1s de la ergonom\u00eda y del rendimiento de un mando&hellip;","_links":{"self":[{"href":"https:\/\/rms-enlinea.com.ar\/tienda\/wp-json\/wp\/v2\/product\/52403","targetHints":{"allow":["GET"]}}],"collection":[{"href":"https:\/\/rms-enlinea.com.ar\/tienda\/wp-json\/wp\/v2\/product"}],"about":[{"href":"https:\/\/rms-enlinea.com.ar\/tienda\/wp-json\/wp\/v2\/types\/product"}],"replies":[{"embeddable":true,"href":"https:\/\/rms-enlinea.com.ar\/tienda\/wp-json\/wp\/v2\/comments?post=52403"}],"wp:featuredmedia":[{"embeddable":true,"href":"https:\/\/rms-enlinea.com.ar\/tienda\/wp-json\/wp\/v2\/media\/52404"}],"wp:attachment":[{"href":"https:\/\/rms-enlinea.com.ar\/tienda\/wp-json\/wp\/v2\/media?parent=52403"}],"wp:term":[{"taxonomy":"product_brand","embeddable":true,"href":"https:\/\/rms-enlinea.com.ar\/tienda\/wp-json\/wp\/v2\/product_brand?post=52403"},{"taxonomy":"product_cat","embeddable":true,"href":"https:\/\/rms-enlinea.com.ar\/tienda\/wp-json\/wp\/v2\/product_cat?post=52403"},{"taxonomy":"product_tag","embeddable":true,"href":"https:\/\/rms-enlinea.com.ar\/tienda\/wp-json\/wp\/v2\/product_tag?post=52403"}],"curies":[{"name":"wp","href":"https:\/\/api.w.org\/{rel}","templated":true}]}}