{"id":52435,"date":"2025-07-29T17:30:50","date_gmt":"2025-07-29T20:30:50","guid":{"rendered":"https:\/\/rms-enlinea.com.ar\/tienda\/producto\/audifono-gamer-inalambrico-razer-barracuda-x-mercury\/"},"modified":"2026-02-20T20:39:00","modified_gmt":"2026-02-20T23:39:00","slug":"audifono-gamer-inalambrico-razer-barracuda-x-mercury","status":"publish","type":"product","link":"https:\/\/rms-enlinea.com.ar\/tienda\/producto\/audifono-gamer-inalambrico-razer-barracuda-x-mercury\/","title":{"rendered":"Aud\u00edfono Gamer Inal\u00e1mbrico Razer Barracuda X Mercury"},"content":{"rendered":"<p>Con micr\u00f3fono desmontable<\/p>\n<p>S\u00ed<br \/>\nCon cable desmontable<\/p>\n<p>S\u00ed<br \/>\nIncluye estuche de carga<\/p>\n<p>No<br \/>\nEs gamer<\/p>\n<p>S\u00ed<br \/>\nEs infantil<\/p>\n<p>No<br \/>\nEs inal\u00e1mbrico<\/p>\n<p>S\u00ed<br \/>\nCondici\u00f3n del \u00edtem<\/p>\n<p>Nuevo<br \/>\nL\u00ednea<\/p>\n<p>Barracuda<br \/>\nFabricante<\/p>\n<p>Razer<br \/>\nModelo<\/p>\n<p>Barracuda X<br \/>\nSensibilidad<\/p>\n<p>98 dB<br \/>\nModelo alfanum\u00e9rico<\/p>\n<p>RZ04-04430200<br \/>\nMarca<\/p>\n<p>Razer<br \/>\nLargo del cable<\/p>\n<p>1.5 m<br \/>\nConsolas de juegos compatibles<\/p>\n<p>Nintendo Switch,PlayStation,Xbox<br \/>\nTipos de conectores<\/p>\n<p>Jack 3.5 mm<br \/>\nUnidad de diafragma<\/p>\n<p>40 mm<br \/>\nRespuesta en frecuencia<\/p>\n<p>20 Hz &#8211; 20 kHz<br \/>\nC\u00f3digo universal de producto<\/p>\n<p>8886419379881<br \/>\nDuraci\u00f3n de la bater\u00eda del auricular<\/p>\n<p>20 h<br \/>\nAccesorios incluidos<\/p>\n<p>Adaptador USB-A a USB-C,Cable de carga USB a USB-C,Cable jack 3.5 mm,Dispositivo USB-C<br \/>\nCon modo manos libres<\/p>\n<p>S\u00ed<br \/>\nCon luz LED<\/p>\n<p>No<br \/>\nCon micr\u00f3fono<\/p>\n<p>S\u00ed<br \/>\nCon cancelaci\u00f3n de ruido<\/p>\n<p>S\u00ed<br \/>\nCon tecnolog\u00eda TWS<\/p>\n<p>No<br \/>\nCon carga inal\u00e1mbrica<\/p>\n<p>No<br \/>\nFormato del auricular<\/p>\n<p>Over-ear<br \/>\nCon Bluetooth<\/p>\n<p>No<br \/>\nCon micr\u00f3fono flexible<\/p>\n<p>S\u00ed<br \/>\nEs monoaural<\/p>\n<p>No<\/p>\n","protected":false},"excerpt":{"rendered":"<p>Con micr\u00f3fono desmontable S\u00ed Con cable desmontable S\u00ed Incluye estuche de carga No Es gamer S\u00ed Es infantil No Es inal\u00e1mbrico S\u00ed Condici\u00f3n del \u00edtem Nuevo L\u00ednea Barracuda Fabricante Razer Modelo Barracuda X Sensibilidad 98 dB Modelo alfanum\u00e9rico RZ04-04430200 Marca Razer Largo del cable 1.5 m Consolas de juegos compatibles Nintendo Switch,PlayStation,Xbox Tipos de conectores [&hellip;]<\/p>\n","protected":false},"featured_media":4589,"comment_status":"open","ping_status":"closed","template":"","meta":{"_uag_custom_page_level_css":""},"product_brand":[559],"product_cat":[99],"product_tag":[],"class_list":{"0":"post-52435","1":"product","2":"type-product","3":"status-publish","4":"has-post-thumbnail","6":"product_brand-razer","7":"product_cat-auriculares-computacion","9":"first","10":"instock","11":"sale","12":"taxable","13":"shipping-taxable","14":"purchasable","15":"product-type-simple"},"uagb_featured_image_src":{"full":["https:\/\/rms-enlinea.com.ar\/wp-content\/uploads\/2025\/06\/D_624462-MLU71046435546_082023-F.jpg",492,500,false],"thumbnail":["https:\/\/rms-enlinea.com.ar\/wp-content\/uploads\/2025\/06\/D_624462-MLU71046435546_082023-F-150x150.jpg",150,150,true],"medium":["https:\/\/rms-enlinea.com.ar\/wp-content\/uploads\/2025\/06\/D_624462-MLU71046435546_082023-F-295x300.jpg",295,300,true],"medium_large":["https:\/\/rms-enlinea.com.ar\/wp-content\/uploads\/2025\/06\/D_624462-MLU71046435546_082023-F.jpg",492,500,false],"large":["https:\/\/rms-enlinea.com.ar\/wp-content\/uploads\/2025\/06\/D_624462-MLU71046435546_082023-F.jpg",492,500,false],"1536x1536":["https:\/\/rms-enlinea.com.ar\/wp-content\/uploads\/2025\/06\/D_624462-MLU71046435546_082023-F.jpg",492,500,false],"2048x2048":["https:\/\/rms-enlinea.com.ar\/wp-content\/uploads\/2025\/06\/D_624462-MLU71046435546_082023-F.jpg",492,500,false],"woocommerce_thumbnail":["https:\/\/rms-enlinea.com.ar\/wp-content\/uploads\/2025\/06\/D_624462-MLU71046435546_082023-F-450x450.jpg",450,450,true],"woocommerce_single":["https:\/\/rms-enlinea.com.ar\/wp-content\/uploads\/2025\/06\/D_624462-MLU71046435546_082023-F.jpg",492,500,false],"woocommerce_gallery_thumbnail":["https:\/\/rms-enlinea.com.ar\/wp-content\/uploads\/2025\/06\/D_624462-MLU71046435546_082023-F-100x100.jpg",100,100,true]},"uagb_author_info":{"display_name":"nelson","author_link":"https:\/\/rms-enlinea.com.ar\/tienda\/author\/"},"uagb_comment_info":0,"uagb_excerpt":"Con micr\u00f3fono desmontable S\u00ed Con cable desmontable S\u00ed Incluye estuche de carga No Es gamer S\u00ed Es infantil No Es inal\u00e1mbrico S\u00ed Condici\u00f3n del \u00edtem Nuevo L\u00ednea Barracuda Fabricante Razer Modelo Barracuda X Sensibilidad 98 dB Modelo alfanum\u00e9rico RZ04-04430200 Marca Razer Largo del cable 1.5 m Consolas de juegos compatibles Nintendo Switch,PlayStation,Xbox Tipos de conectores&hellip;","_links":{"self":[{"href":"https:\/\/rms-enlinea.com.ar\/tienda\/wp-json\/wp\/v2\/product\/52435","targetHints":{"allow":["GET"]}}],"collection":[{"href":"https:\/\/rms-enlinea.com.ar\/tienda\/wp-json\/wp\/v2\/product"}],"about":[{"href":"https:\/\/rms-enlinea.com.ar\/tienda\/wp-json\/wp\/v2\/types\/product"}],"replies":[{"embeddable":true,"href":"https:\/\/rms-enlinea.com.ar\/tienda\/wp-json\/wp\/v2\/comments?post=52435"}],"wp:featuredmedia":[{"embeddable":true,"href":"https:\/\/rms-enlinea.com.ar\/tienda\/wp-json\/wp\/v2\/media\/4589"}],"wp:attachment":[{"href":"https:\/\/rms-enlinea.com.ar\/tienda\/wp-json\/wp\/v2\/media?parent=52435"}],"wp:term":[{"taxonomy":"product_brand","embeddable":true,"href":"https:\/\/rms-enlinea.com.ar\/tienda\/wp-json\/wp\/v2\/product_brand?post=52435"},{"taxonomy":"product_cat","embeddable":true,"href":"https:\/\/rms-enlinea.com.ar\/tienda\/wp-json\/wp\/v2\/product_cat?post=52435"},{"taxonomy":"product_tag","embeddable":true,"href":"https:\/\/rms-enlinea.com.ar\/tienda\/wp-json\/wp\/v2\/product_tag?post=52435"}],"curies":[{"name":"wp","href":"https:\/\/api.w.org\/{rel}","templated":true}]}}