{"id":52437,"date":"2025-07-29T17:30:58","date_gmt":"2025-07-29T20:30:58","guid":{"rendered":"https:\/\/rms-enlinea.com.ar\/tienda\/producto\/barra-de-sonido-gamer-razer-leviathan-v2-x-bluetooth-pc\/"},"modified":"2026-04-21T03:51:01","modified_gmt":"2026-04-21T06:51:01","slug":"barra-de-sonido-gamer-razer-leviathan-v2-x-bluetooth-pc","status":"publish","type":"product","link":"https:\/\/rms-enlinea.com.ar\/tienda\/producto\/barra-de-sonido-gamer-razer-leviathan-v2-x-bluetooth-pc\/","title":{"rendered":"Barra De Sonido Gamer Razer Leviathan V2 X Bluetooth Pc"},"content":{"rendered":"<p>RAZER LEVIATHAN V2 X<\/p>\n<p>ILUMINA TU SONIDO<br \/>\nIlumina tu equipo con una experiencia de audio nunca antes vista. Te presentamos la Razer Leviathan V2 X, una barra de sonido gaming de PC compacta y alimentada por USB tipo C que se convierte en una valiosa incorporaci\u00f3n a tu estaci\u00f3n de combate para todos tus juegos, pel\u00edculas y m\u00fasica.<\/p>\n<p>BARRA DE SONIDO PARA PC CON DIAFRAGMAS DE GAMA COMPLETA<br \/>\nAudio Din\u00e1mico Y De Alta Fidelidad<br \/>\nEquipada con dos diafragmas de gama completa y dos radiadores pasivos para una claridad audaz y una gran profundidad de resonancia, la Razer Leviathan V2 X ofrece una experiencia de audio fascinante para tipo de entretenimiento.<\/p>\n<p>DISE\u00d1O COMPACTO DE SOBREMESA<br \/>\nSonido Que Llena La Habitaci\u00f3n En Un Espacio M\u00ednimo<br \/>\nCon solo 400 mm de longitud, la barra de sonido m\u00e1s compacta de nuestra gama Leviathan V2 encaja perfectamente debajo de tu monitor para disfrutar de un escritorio despejado, proporcionando un escenario de sonido vibrante y amplio.<\/p>\n<p>DISE\u00d1O COMPACTO DE SOBREMESA<br \/>\nALIMENTACI\u00d3N Y TRANSMISI\u00d3N DE AUDIO MEDIANTE USB TIPO C<br \/>\nPotencia \u00d3ptima Con Una Conectividad Sin Complicaciones<br \/>\nAlimentada por un \u00fanico cable USB tipo C, la Razer Leviathan V2 X obtiene la energ\u00eda de forma m\u00e1s eficiente* para ofrecer un audio din\u00e1mico con una salida de volumen de 90dB a 1 m y permite una conectividad sin complicaciones de f\u00e1cil configuraci\u00f3n.<\/p>\n<p>*Depende de la potencia suministrada por la fuente de salida<\/p>\n<p>BLUETOOTH 5.0<br \/>\nConexi\u00f3n Perfecta A PC Y Dispositivos M\u00f3viles<br \/>\nDisfruta de un sonido fluido y sin cortes con una conexi\u00f3n Bluetooth de baja latencia y cambia c\u00f3modamente entre tu PC y tu dispositivo m\u00f3vil de preferencia sincronizado con la aplicaci\u00f3n Razer Audio.<\/p>\n<p>Bluetooth<br \/>\nUltra Low Latency<br \/>\nBLUETOOTH 5.0<br \/>\nCON TECNOLOG\u00cdA RAZER CHROMA\u2122 RGB<br \/>\nMayor Personalizaci\u00f3n E Inmersi\u00f3n<br \/>\nExperimenta una personalizaci\u00f3n RGB total y una mayor inmersi\u00f3n con el mayor ecosistema de iluminaci\u00f3n del mundo para dispositivos gaming, que ofrece 14 zonas de iluminaci\u00f3n, innumerables patrones y efectos de iluminaci\u00f3n din\u00e1micos en los juegos.<\/p>\n<p>APLICACI\u00d3N RAZER AUDIO Y RAZER SYNAPSE<br \/>\nUna Experiencia Totalmente Personalizada<br \/>\nDesde personalizar la iluminaci\u00f3n RGB hasta alternar dispositivos de audio, configurar la barra de sonido te permite adaptarte a tus necesidades de entretenimiento con un software dise\u00f1ado para maximizar el control y la comodidad.<\/p>\n","protected":false},"excerpt":{"rendered":"<p>RAZER LEVIATHAN V2 X ILUMINA TU SONIDO Ilumina tu equipo con una experiencia de audio nunca antes vista. Te presentamos la Razer Leviathan V2 X, una barra de sonido gaming de PC compacta y alimentada por USB tipo C que se convierte en una valiosa incorporaci\u00f3n a tu estaci\u00f3n de combate para todos tus juegos, [&hellip;]<\/p>\n","protected":false},"featured_media":33035,"comment_status":"open","ping_status":"closed","template":"","meta":{"_uag_custom_page_level_css":""},"product_brand":[559],"product_cat":[124],"product_tag":[],"class_list":{"0":"post-52437","1":"product","2":"type-product","3":"status-publish","4":"has-post-thumbnail","6":"product_brand-razer","7":"product_cat-sistemas-de-sonido-parlantes","9":"first","10":"outofstock","11":"sale","12":"taxable","13":"shipping-taxable","14":"purchasable","15":"product-type-simple"},"uagb_featured_image_src":{"full":["https:\/\/rms-enlinea.com.ar\/wp-content\/uploads\/2025\/06\/D_939295-MLU75005121669_032024-F.jpg",1200,250,false],"thumbnail":["https:\/\/rms-enlinea.com.ar\/wp-content\/uploads\/2025\/06\/D_939295-MLU75005121669_032024-F-150x150.jpg",150,150,true],"medium":["https:\/\/rms-enlinea.com.ar\/wp-content\/uploads\/2025\/06\/D_939295-MLU75005121669_032024-F-300x63.jpg",300,63,true],"medium_large":["https:\/\/rms-enlinea.com.ar\/wp-content\/uploads\/2025\/06\/D_939295-MLU75005121669_032024-F-768x160.jpg",768,160,true],"large":["https:\/\/rms-enlinea.com.ar\/wp-content\/uploads\/2025\/06\/D_939295-MLU75005121669_032024-F-1024x213.jpg",1024,213,true],"1536x1536":["https:\/\/rms-enlinea.com.ar\/wp-content\/uploads\/2025\/06\/D_939295-MLU75005121669_032024-F.jpg",1200,250,false],"2048x2048":["https:\/\/rms-enlinea.com.ar\/wp-content\/uploads\/2025\/06\/D_939295-MLU75005121669_032024-F.jpg",1200,250,false],"woocommerce_thumbnail":["https:\/\/rms-enlinea.com.ar\/wp-content\/uploads\/2025\/06\/D_939295-MLU75005121669_032024-F-450x250.jpg",450,250,true],"woocommerce_single":["https:\/\/rms-enlinea.com.ar\/wp-content\/uploads\/2025\/06\/D_939295-MLU75005121669_032024-F-600x125.jpg",600,125,true],"woocommerce_gallery_thumbnail":["https:\/\/rms-enlinea.com.ar\/wp-content\/uploads\/2025\/06\/D_939295-MLU75005121669_032024-F-100x100.jpg",100,100,true]},"uagb_author_info":{"display_name":"nelson","author_link":"https:\/\/rms-enlinea.com.ar\/tienda\/author\/"},"uagb_comment_info":0,"uagb_excerpt":"RAZER LEVIATHAN V2 X ILUMINA TU SONIDO Ilumina tu equipo con una experiencia de audio nunca antes vista. Te presentamos la Razer Leviathan V2 X, una barra de sonido gaming de PC compacta y alimentada por USB tipo C que se convierte en una valiosa incorporaci\u00f3n a tu estaci\u00f3n de combate para todos tus juegos,&hellip;","_links":{"self":[{"href":"https:\/\/rms-enlinea.com.ar\/tienda\/wp-json\/wp\/v2\/product\/52437","targetHints":{"allow":["GET"]}}],"collection":[{"href":"https:\/\/rms-enlinea.com.ar\/tienda\/wp-json\/wp\/v2\/product"}],"about":[{"href":"https:\/\/rms-enlinea.com.ar\/tienda\/wp-json\/wp\/v2\/types\/product"}],"replies":[{"embeddable":true,"href":"https:\/\/rms-enlinea.com.ar\/tienda\/wp-json\/wp\/v2\/comments?post=52437"}],"wp:featuredmedia":[{"embeddable":true,"href":"https:\/\/rms-enlinea.com.ar\/tienda\/wp-json\/wp\/v2\/media\/33035"}],"wp:attachment":[{"href":"https:\/\/rms-enlinea.com.ar\/tienda\/wp-json\/wp\/v2\/media?parent=52437"}],"wp:term":[{"taxonomy":"product_brand","embeddable":true,"href":"https:\/\/rms-enlinea.com.ar\/tienda\/wp-json\/wp\/v2\/product_brand?post=52437"},{"taxonomy":"product_cat","embeddable":true,"href":"https:\/\/rms-enlinea.com.ar\/tienda\/wp-json\/wp\/v2\/product_cat?post=52437"},{"taxonomy":"product_tag","embeddable":true,"href":"https:\/\/rms-enlinea.com.ar\/tienda\/wp-json\/wp\/v2\/product_tag?post=52437"}],"curies":[{"name":"wp","href":"https:\/\/api.w.org\/{rel}","templated":true}]}}