{"id":52443,"date":"2025-07-29T19:20:08","date_gmt":"2025-07-29T22:20:08","guid":{"rendered":"https:\/\/rms-enlinea.com.ar\/tienda\/producto\/auricular-gamer-razer-kraken-kitty-v2-white-usb-rgb\/"},"modified":"2026-04-20T22:21:30","modified_gmt":"2026-04-21T01:21:30","slug":"auricular-gamer-razer-kraken-kitty-v2-white-usb-rgb","status":"publish","type":"product","link":"https:\/\/rms-enlinea.com.ar\/tienda\/producto\/auricular-gamer-razer-kraken-kitty-v2-white-usb-rgb\/","title":{"rendered":"Auricular Gamer Razer Kraken Kitty V2 White Usb Rgb"},"content":{"rendered":"<p>Sum\u00e9rgete en el mundo del gaming con los Auriculares Gamer Razer Kraken Kitty V2 en color blanco. Este modelo est\u00e1 dise\u00f1ado para ofrecerte una experiencia inmersiva, gracias a su formato sobre la oreja que proporciona comodidad y aislamiento del ruido exterior. Su micr\u00f3fono integrado te permite mantener una comunicaci\u00f3n clara y precisa con tus compa\u00f1eros de juego, lo que es esencial para mejorar tu rendimiento en las partidas.<\/p>\n<p>Con Razer, un l\u00edder en la industria de los videojuegos, puedes confiar en la calidad y el rendimiento que ofrecen sus productos. No te conformes con menos, mejora tu experiencia de gaming con los Auriculares Gamer Razer Kraken Kitty V2, donde el confort y la funcionalidad se unen para llevar tu juego al siguiente nivel.<\/p>\n","protected":false},"excerpt":{"rendered":"<p>Sum\u00e9rgete en el mundo del gaming con los Auriculares Gamer Razer Kraken Kitty V2 en color blanco. Este modelo est\u00e1 dise\u00f1ado para ofrecerte una experiencia inmersiva, gracias a su formato sobre la oreja que proporciona comodidad y aislamiento del ruido exterior. Su micr\u00f3fono integrado te permite mantener una comunicaci\u00f3n clara y precisa con tus compa\u00f1eros [&hellip;]<\/p>\n","protected":false},"featured_media":52444,"comment_status":"open","ping_status":"closed","template":"","meta":{"_uag_custom_page_level_css":""},"product_brand":[559],"product_cat":[99],"product_tag":[],"class_list":{"0":"post-52443","1":"product","2":"type-product","3":"status-publish","4":"has-post-thumbnail","6":"product_brand-razer","7":"product_cat-auriculares-computacion","9":"first","10":"instock","11":"sale","12":"taxable","13":"shipping-taxable","14":"purchasable","15":"product-type-simple"},"uagb_featured_image_src":{"full":["https:\/\/rms-enlinea.com.ar\/wp-content\/uploads\/2025\/07\/D_883877-MLA88905789849_072025-F.jpg",731,1024,false],"thumbnail":["https:\/\/rms-enlinea.com.ar\/wp-content\/uploads\/2025\/07\/D_883877-MLA88905789849_072025-F-150x150.jpg",150,150,true],"medium":["https:\/\/rms-enlinea.com.ar\/wp-content\/uploads\/2025\/07\/D_883877-MLA88905789849_072025-F-214x300.jpg",214,300,true],"medium_large":["https:\/\/rms-enlinea.com.ar\/wp-content\/uploads\/2025\/07\/D_883877-MLA88905789849_072025-F.jpg",731,1024,false],"large":["https:\/\/rms-enlinea.com.ar\/wp-content\/uploads\/2025\/07\/D_883877-MLA88905789849_072025-F.jpg",731,1024,false],"1536x1536":["https:\/\/rms-enlinea.com.ar\/wp-content\/uploads\/2025\/07\/D_883877-MLA88905789849_072025-F.jpg",731,1024,false],"2048x2048":["https:\/\/rms-enlinea.com.ar\/wp-content\/uploads\/2025\/07\/D_883877-MLA88905789849_072025-F.jpg",731,1024,false],"woocommerce_thumbnail":["https:\/\/rms-enlinea.com.ar\/wp-content\/uploads\/2025\/07\/D_883877-MLA88905789849_072025-F-450x450.jpg",450,450,true],"woocommerce_single":["https:\/\/rms-enlinea.com.ar\/wp-content\/uploads\/2025\/07\/D_883877-MLA88905789849_072025-F-600x840.jpg",600,840,true],"woocommerce_gallery_thumbnail":["https:\/\/rms-enlinea.com.ar\/wp-content\/uploads\/2025\/07\/D_883877-MLA88905789849_072025-F-100x100.jpg",100,100,true]},"uagb_author_info":{"display_name":"nelson","author_link":"https:\/\/rms-enlinea.com.ar\/tienda\/author\/"},"uagb_comment_info":0,"uagb_excerpt":"Sum\u00e9rgete en el mundo del gaming con los Auriculares Gamer Razer Kraken Kitty V2 en color blanco. Este modelo est\u00e1 dise\u00f1ado para ofrecerte una experiencia inmersiva, gracias a su formato sobre la oreja que proporciona comodidad y aislamiento del ruido exterior. Su micr\u00f3fono integrado te permite mantener una comunicaci\u00f3n clara y precisa con tus compa\u00f1eros&hellip;","_links":{"self":[{"href":"https:\/\/rms-enlinea.com.ar\/tienda\/wp-json\/wp\/v2\/product\/52443","targetHints":{"allow":["GET"]}}],"collection":[{"href":"https:\/\/rms-enlinea.com.ar\/tienda\/wp-json\/wp\/v2\/product"}],"about":[{"href":"https:\/\/rms-enlinea.com.ar\/tienda\/wp-json\/wp\/v2\/types\/product"}],"replies":[{"embeddable":true,"href":"https:\/\/rms-enlinea.com.ar\/tienda\/wp-json\/wp\/v2\/comments?post=52443"}],"wp:featuredmedia":[{"embeddable":true,"href":"https:\/\/rms-enlinea.com.ar\/tienda\/wp-json\/wp\/v2\/media\/52444"}],"wp:attachment":[{"href":"https:\/\/rms-enlinea.com.ar\/tienda\/wp-json\/wp\/v2\/media?parent=52443"}],"wp:term":[{"taxonomy":"product_brand","embeddable":true,"href":"https:\/\/rms-enlinea.com.ar\/tienda\/wp-json\/wp\/v2\/product_brand?post=52443"},{"taxonomy":"product_cat","embeddable":true,"href":"https:\/\/rms-enlinea.com.ar\/tienda\/wp-json\/wp\/v2\/product_cat?post=52443"},{"taxonomy":"product_tag","embeddable":true,"href":"https:\/\/rms-enlinea.com.ar\/tienda\/wp-json\/wp\/v2\/product_tag?post=52443"}],"curies":[{"name":"wp","href":"https:\/\/api.w.org\/{rel}","templated":true}]}}