{"id":52450,"date":"2025-07-29T19:40:20","date_gmt":"2025-07-29T22:40:20","guid":{"rendered":"https:\/\/rms-enlinea.com.ar\/tienda\/producto\/mouse-gamer-razer-deathadder-essential-rz01-03850100-r3m1\/"},"modified":"2026-04-21T03:40:42","modified_gmt":"2026-04-21T06:40:42","slug":"mouse-gamer-razer-deathadder-essential-rz01-03850100-r3m1","status":"publish","type":"product","link":"https:\/\/rms-enlinea.com.ar\/tienda\/producto\/mouse-gamer-razer-deathadder-essential-rz01-03850100-r3m1\/","title":{"rendered":"Mouse Gamer Razer Deathadder Essential Rz01-03850100-r3m1"},"content":{"rendered":"<p>Condici\u00f3n del \u00edtem<\/p>\n<p>Nuevo<br \/>Es gamer<\/p>\n<p>S\u00ed<br \/>Resoluci\u00f3n del sensor<\/p>\n<p>6400 dpi<br \/>L\u00ednea<\/p>\n<p>DeathAdder<br \/>Marca<\/p>\n<p>Razer<br \/>Modelo<\/p>\n<p>RZ01-03850100-R3M1<br \/>Marca<\/p>\n<p>Razer<\/p>\n","protected":false},"excerpt":{"rendered":"<p>Condici\u00f3n del \u00edtem NuevoEs gamer S\u00edResoluci\u00f3n del sensor 6400 dpiL\u00ednea DeathAdderMarca RazerModelo RZ01-03850100-R3M1Marca Razer<\/p>\n","protected":false},"featured_media":7138,"comment_status":"open","ping_status":"closed","template":"","meta":{"_uag_custom_page_level_css":""},"product_brand":[559],"product_cat":[125],"product_tag":[],"class_list":{"0":"post-52450","1":"product","2":"type-product","3":"status-publish","4":"has-post-thumbnail","6":"product_brand-razer","7":"product_cat-teclados-y-mouses","9":"first","10":"outofstock","11":"sale","12":"taxable","13":"shipping-taxable","14":"purchasable","15":"product-type-simple"},"uagb_featured_image_src":{"full":["https:\/\/rms-enlinea.com.ar\/wp-content\/uploads\/2025\/06\/D_879762-MLA76371638311_052024-F.jpg",584,1200,false],"thumbnail":["https:\/\/rms-enlinea.com.ar\/wp-content\/uploads\/2025\/06\/D_879762-MLA76371638311_052024-F-150x150.jpg",150,150,true],"medium":["https:\/\/rms-enlinea.com.ar\/wp-content\/uploads\/2025\/06\/D_879762-MLA76371638311_052024-F-146x300.jpg",146,300,true],"medium_large":["https:\/\/rms-enlinea.com.ar\/wp-content\/uploads\/2025\/06\/D_879762-MLA76371638311_052024-F.jpg",584,1200,false],"large":["https:\/\/rms-enlinea.com.ar\/wp-content\/uploads\/2025\/06\/D_879762-MLA76371638311_052024-F-498x1024.jpg",498,1024,true],"1536x1536":["https:\/\/rms-enlinea.com.ar\/wp-content\/uploads\/2025\/06\/D_879762-MLA76371638311_052024-F.jpg",584,1200,false],"2048x2048":["https:\/\/rms-enlinea.com.ar\/wp-content\/uploads\/2025\/06\/D_879762-MLA76371638311_052024-F.jpg",584,1200,false],"woocommerce_thumbnail":["https:\/\/rms-enlinea.com.ar\/wp-content\/uploads\/2025\/06\/D_879762-MLA76371638311_052024-F-450x450.jpg",450,450,true],"woocommerce_single":["https:\/\/rms-enlinea.com.ar\/wp-content\/uploads\/2025\/06\/D_879762-MLA76371638311_052024-F.jpg",584,1200,false],"woocommerce_gallery_thumbnail":["https:\/\/rms-enlinea.com.ar\/wp-content\/uploads\/2025\/06\/D_879762-MLA76371638311_052024-F-100x100.jpg",100,100,true]},"uagb_author_info":{"display_name":"nelson","author_link":"https:\/\/rms-enlinea.com.ar\/tienda\/author\/"},"uagb_comment_info":0,"uagb_excerpt":"Condici\u00f3n del \u00edtem NuevoEs gamer S\u00edResoluci\u00f3n del sensor 6400 dpiL\u00ednea DeathAdderMarca RazerModelo RZ01-03850100-R3M1Marca Razer","_links":{"self":[{"href":"https:\/\/rms-enlinea.com.ar\/tienda\/wp-json\/wp\/v2\/product\/52450","targetHints":{"allow":["GET"]}}],"collection":[{"href":"https:\/\/rms-enlinea.com.ar\/tienda\/wp-json\/wp\/v2\/product"}],"about":[{"href":"https:\/\/rms-enlinea.com.ar\/tienda\/wp-json\/wp\/v2\/types\/product"}],"replies":[{"embeddable":true,"href":"https:\/\/rms-enlinea.com.ar\/tienda\/wp-json\/wp\/v2\/comments?post=52450"}],"wp:featuredmedia":[{"embeddable":true,"href":"https:\/\/rms-enlinea.com.ar\/tienda\/wp-json\/wp\/v2\/media\/7138"}],"wp:attachment":[{"href":"https:\/\/rms-enlinea.com.ar\/tienda\/wp-json\/wp\/v2\/media?parent=52450"}],"wp:term":[{"taxonomy":"product_brand","embeddable":true,"href":"https:\/\/rms-enlinea.com.ar\/tienda\/wp-json\/wp\/v2\/product_brand?post=52450"},{"taxonomy":"product_cat","embeddable":true,"href":"https:\/\/rms-enlinea.com.ar\/tienda\/wp-json\/wp\/v2\/product_cat?post=52450"},{"taxonomy":"product_tag","embeddable":true,"href":"https:\/\/rms-enlinea.com.ar\/tienda\/wp-json\/wp\/v2\/product_tag?post=52450"}],"curies":[{"name":"wp","href":"https:\/\/api.w.org\/{rel}","templated":true}]}}