{"id":52463,"date":"2025-07-29T19:50:26","date_gmt":"2025-07-29T22:50:26","guid":{"rendered":"https:\/\/rms-enlinea.com.ar\/tienda\/producto\/teclado-gamer-razer-ornata-v3-x-espanol-rgb-semi-mecanico\/"},"modified":"2026-04-06T13:39:19","modified_gmt":"2026-04-06T16:39:19","slug":"teclado-gamer-razer-ornata-v3-x-espanol-rgb-semi-mecanico","status":"publish","type":"product","link":"https:\/\/rms-enlinea.com.ar\/tienda\/producto\/teclado-gamer-razer-ornata-v3-x-espanol-rgb-semi-mecanico\/","title":{"rendered":"Teclado Gamer Razer Ornata V3 X Espa\u00f1ol Rgb Semi Mecanico"},"content":{"rendered":"<p>Marca<\/p>\n<p>Razer<br \/>Tipo de conector<\/p>\n<p>USB<br \/>Condici\u00f3n del \u00edtem<\/p>\n<p>Nuevo<br \/>Color de la retroiluminaci\u00f3n<\/p>\n<p>10 zonas de iluminaci\u00f3n Razer Chroma\u2122 RGB<br \/>Modelo detallado<\/p>\n<p>RZ03-04471100-R311<br \/>Idioma<\/p>\n<p>Espa\u00f1ol<br \/>Modelo<\/p>\n<p>Ornata V3<br \/>APOYO PARA LA MU\u00d1ECA<\/p>\n<p>SI<br \/>Arquitectura<\/p>\n<p>Semi-Mec\u00e1nico<br \/>Es gamer<\/p>\n<p>S\u00ed<br \/>Layout<\/p>\n<p>QWERTY<br \/>TIPO DE SWITCH<\/p>\n<p>Membrana mec\u00e1nica de Razer<\/p>\n","protected":false},"excerpt":{"rendered":"<p>Marca RazerTipo de conector USBCondici\u00f3n del \u00edtem NuevoColor de la retroiluminaci\u00f3n 10 zonas de iluminaci\u00f3n Razer Chroma\u2122 RGBModelo detallado RZ03-04471100-R311Idioma Espa\u00f1olModelo Ornata V3APOYO PARA LA MU\u00d1ECA SIArquitectura Semi-Mec\u00e1nicoEs gamer S\u00edLayout QWERTYTIPO DE SWITCH Membrana mec\u00e1nica de Razer<\/p>\n","protected":false},"featured_media":25009,"comment_status":"open","ping_status":"closed","template":"","meta":{"_uag_custom_page_level_css":""},"product_brand":[559],"product_cat":[125],"product_tag":[],"class_list":{"0":"post-52463","1":"product","2":"type-product","3":"status-publish","4":"has-post-thumbnail","6":"product_brand-razer","7":"product_cat-teclados-y-mouses","9":"first","10":"instock","11":"sale","12":"taxable","13":"shipping-taxable","14":"purchasable","15":"product-type-simple"},"uagb_featured_image_src":{"full":["https:\/\/rms-enlinea.com.ar\/wp-content\/uploads\/2025\/06\/D_752150-MLU73610765982_122023-F.jpg",1200,432,false],"thumbnail":["https:\/\/rms-enlinea.com.ar\/wp-content\/uploads\/2025\/06\/D_752150-MLU73610765982_122023-F-150x150.jpg",150,150,true],"medium":["https:\/\/rms-enlinea.com.ar\/wp-content\/uploads\/2025\/06\/D_752150-MLU73610765982_122023-F-300x108.jpg",300,108,true],"medium_large":["https:\/\/rms-enlinea.com.ar\/wp-content\/uploads\/2025\/06\/D_752150-MLU73610765982_122023-F-768x276.jpg",768,276,true],"large":["https:\/\/rms-enlinea.com.ar\/wp-content\/uploads\/2025\/06\/D_752150-MLU73610765982_122023-F-1024x369.jpg",1024,369,true],"1536x1536":["https:\/\/rms-enlinea.com.ar\/wp-content\/uploads\/2025\/06\/D_752150-MLU73610765982_122023-F.jpg",1200,432,false],"2048x2048":["https:\/\/rms-enlinea.com.ar\/wp-content\/uploads\/2025\/06\/D_752150-MLU73610765982_122023-F.jpg",1200,432,false],"woocommerce_thumbnail":["https:\/\/rms-enlinea.com.ar\/wp-content\/uploads\/2025\/06\/D_752150-MLU73610765982_122023-F-450x432.jpg",450,432,true],"woocommerce_single":["https:\/\/rms-enlinea.com.ar\/wp-content\/uploads\/2025\/06\/D_752150-MLU73610765982_122023-F-600x216.jpg",600,216,true],"woocommerce_gallery_thumbnail":["https:\/\/rms-enlinea.com.ar\/wp-content\/uploads\/2025\/06\/D_752150-MLU73610765982_122023-F-100x100.jpg",100,100,true]},"uagb_author_info":{"display_name":"nelson","author_link":"https:\/\/rms-enlinea.com.ar\/tienda\/author\/"},"uagb_comment_info":0,"uagb_excerpt":"Marca RazerTipo de conector USBCondici\u00f3n del \u00edtem NuevoColor de la retroiluminaci\u00f3n 10 zonas de iluminaci\u00f3n Razer Chroma\u2122 RGBModelo detallado RZ03-04471100-R311Idioma Espa\u00f1olModelo Ornata V3APOYO PARA LA MU\u00d1ECA SIArquitectura Semi-Mec\u00e1nicoEs gamer S\u00edLayout QWERTYTIPO DE SWITCH Membrana mec\u00e1nica de Razer","_links":{"self":[{"href":"https:\/\/rms-enlinea.com.ar\/tienda\/wp-json\/wp\/v2\/product\/52463","targetHints":{"allow":["GET"]}}],"collection":[{"href":"https:\/\/rms-enlinea.com.ar\/tienda\/wp-json\/wp\/v2\/product"}],"about":[{"href":"https:\/\/rms-enlinea.com.ar\/tienda\/wp-json\/wp\/v2\/types\/product"}],"replies":[{"embeddable":true,"href":"https:\/\/rms-enlinea.com.ar\/tienda\/wp-json\/wp\/v2\/comments?post=52463"}],"wp:featuredmedia":[{"embeddable":true,"href":"https:\/\/rms-enlinea.com.ar\/tienda\/wp-json\/wp\/v2\/media\/25009"}],"wp:attachment":[{"href":"https:\/\/rms-enlinea.com.ar\/tienda\/wp-json\/wp\/v2\/media?parent=52463"}],"wp:term":[{"taxonomy":"product_brand","embeddable":true,"href":"https:\/\/rms-enlinea.com.ar\/tienda\/wp-json\/wp\/v2\/product_brand?post=52463"},{"taxonomy":"product_cat","embeddable":true,"href":"https:\/\/rms-enlinea.com.ar\/tienda\/wp-json\/wp\/v2\/product_cat?post=52463"},{"taxonomy":"product_tag","embeddable":true,"href":"https:\/\/rms-enlinea.com.ar\/tienda\/wp-json\/wp\/v2\/product_tag?post=52463"}],"curies":[{"name":"wp","href":"https:\/\/api.w.org\/{rel}","templated":true}]}}