{"id":52477,"date":"2025-07-29T23:41:17","date_gmt":"2025-07-30T02:41:17","guid":{"rendered":"https:\/\/rms-enlinea.com.ar\/tienda\/producto\/teclado-gamer-razer-ornata-v3-espanol-rgb-rz03-04461100-r311\/"},"modified":"2026-04-21T06:11:34","modified_gmt":"2026-04-21T09:11:34","slug":"teclado-gamer-razer-ornata-v3-espanol-rgb-rz03-04461100-r311","status":"publish","type":"product","link":"https:\/\/rms-enlinea.com.ar\/tienda\/producto\/teclado-gamer-razer-ornata-v3-espanol-rgb-rz03-04461100-r311\/","title":{"rendered":"Teclado Gamer Razer Ornata V3 Espa\u00f1ol Rgb Rz03-04461100-r311"},"content":{"rendered":"<p>El teclado gamer Razer Ornata V3 es la herramienta ideal para llevar tu experiencia de juego al siguiente nivel. Con un dise\u00f1o elegante en color negro y retroiluminaci\u00f3n RGB, este teclado no solo destaca por su est\u00e9tica, sino tambi\u00e9n por su funcionalidad. Su estructura de membrana y sus teclas cil\u00edndricas brindan una sensaci\u00f3n de comodidad y respuesta, lo que permite que tus sesiones de juego sean m\u00e1s intensas y prolongadas.<\/p>\n<p>Este teclado cuenta con un layout QWERTY en espa\u00f1ol, lo que lo convierte en una opci\u00f3n perfecta para los usuarios hispanohablantes. Adem\u00e1s, su teclado num\u00e9rico y sus teclas de acceso r\u00e1pido proporcionan una eficiente y r\u00e1pida interacci\u00f3n en todos tus juegos y tareas diarias. Las teclas silenciosas evitan distracciones, mientras que las teclas anti-ghost aseguran que cada pulsaci\u00f3n se registre correctamente.<\/p>\n<p>La ergonom\u00eda del Razer Ornata V3 se complementa con un reposa mu\u00f1eca que ayuda a reducir la fatiga en sesiones de juego prolongadas. Con unas dimensiones de 19.5 cm de ancho, 49 cm de profundidad y 6.45 cm de altura, es un teclado que se adapta perfectamente a cualquier espacio de trabajo o de juego. Adem\u00e1s, su conexi\u00f3n USB 3.0 garantiza una transferencia de datos r\u00e1pida y eficiente.<\/p>\n<p>Ideal para gamers de todos los niveles, este teclado combina estilo y rendimiento en un solo dispositivo. Experimenta el poder de la retroiluminaci\u00f3n personalizable y optimiza tus habilidades de juego con el teclado Razer Ornata V3, un producto pensado para potenciar todas tus habilidades. Cada detalle ha sido dise\u00f1ado para ofrecerte una experiencia \u00fanica y envolvente.<\/p>\n","protected":false},"excerpt":{"rendered":"<p>El teclado gamer Razer Ornata V3 es la herramienta ideal para llevar tu experiencia de juego al siguiente nivel. Con un dise\u00f1o elegante en color negro y retroiluminaci\u00f3n RGB, este teclado no solo destaca por su est\u00e9tica, sino tambi\u00e9n por su funcionalidad. Su estructura de membrana y sus teclas cil\u00edndricas brindan una sensaci\u00f3n de comodidad [&hellip;]<\/p>\n","protected":false},"featured_media":25010,"comment_status":"open","ping_status":"closed","template":"","meta":{"_uag_custom_page_level_css":""},"product_brand":[559],"product_cat":[125],"product_tag":[],"class_list":{"0":"post-52477","1":"product","2":"type-product","3":"status-publish","4":"has-post-thumbnail","6":"product_brand-razer","7":"product_cat-teclados-y-mouses","9":"first","10":"outofstock","11":"sale","12":"taxable","13":"shipping-taxable","14":"purchasable","15":"product-type-simple"},"uagb_featured_image_src":{"full":["https:\/\/rms-enlinea.com.ar\/wp-content\/uploads\/2025\/06\/D_870017-MLU69760340523_062023-F.jpg",500,334,false],"thumbnail":["https:\/\/rms-enlinea.com.ar\/wp-content\/uploads\/2025\/06\/D_870017-MLU69760340523_062023-F-150x150.jpg",150,150,true],"medium":["https:\/\/rms-enlinea.com.ar\/wp-content\/uploads\/2025\/06\/D_870017-MLU69760340523_062023-F-300x200.jpg",300,200,true],"medium_large":["https:\/\/rms-enlinea.com.ar\/wp-content\/uploads\/2025\/06\/D_870017-MLU69760340523_062023-F.jpg",500,334,false],"large":["https:\/\/rms-enlinea.com.ar\/wp-content\/uploads\/2025\/06\/D_870017-MLU69760340523_062023-F.jpg",500,334,false],"1536x1536":["https:\/\/rms-enlinea.com.ar\/wp-content\/uploads\/2025\/06\/D_870017-MLU69760340523_062023-F.jpg",500,334,false],"2048x2048":["https:\/\/rms-enlinea.com.ar\/wp-content\/uploads\/2025\/06\/D_870017-MLU69760340523_062023-F.jpg",500,334,false],"woocommerce_thumbnail":["https:\/\/rms-enlinea.com.ar\/wp-content\/uploads\/2025\/06\/D_870017-MLU69760340523_062023-F-450x334.jpg",450,334,true],"woocommerce_single":["https:\/\/rms-enlinea.com.ar\/wp-content\/uploads\/2025\/06\/D_870017-MLU69760340523_062023-F.jpg",500,334,false],"woocommerce_gallery_thumbnail":["https:\/\/rms-enlinea.com.ar\/wp-content\/uploads\/2025\/06\/D_870017-MLU69760340523_062023-F-100x100.jpg",100,100,true]},"uagb_author_info":{"display_name":"nelson","author_link":"https:\/\/rms-enlinea.com.ar\/tienda\/author\/"},"uagb_comment_info":0,"uagb_excerpt":"El teclado gamer Razer Ornata V3 es la herramienta ideal para llevar tu experiencia de juego al siguiente nivel. Con un dise\u00f1o elegante en color negro y retroiluminaci\u00f3n RGB, este teclado no solo destaca por su est\u00e9tica, sino tambi\u00e9n por su funcionalidad. Su estructura de membrana y sus teclas cil\u00edndricas brindan una sensaci\u00f3n de comodidad&hellip;","_links":{"self":[{"href":"https:\/\/rms-enlinea.com.ar\/tienda\/wp-json\/wp\/v2\/product\/52477","targetHints":{"allow":["GET"]}}],"collection":[{"href":"https:\/\/rms-enlinea.com.ar\/tienda\/wp-json\/wp\/v2\/product"}],"about":[{"href":"https:\/\/rms-enlinea.com.ar\/tienda\/wp-json\/wp\/v2\/types\/product"}],"replies":[{"embeddable":true,"href":"https:\/\/rms-enlinea.com.ar\/tienda\/wp-json\/wp\/v2\/comments?post=52477"}],"wp:featuredmedia":[{"embeddable":true,"href":"https:\/\/rms-enlinea.com.ar\/tienda\/wp-json\/wp\/v2\/media\/25010"}],"wp:attachment":[{"href":"https:\/\/rms-enlinea.com.ar\/tienda\/wp-json\/wp\/v2\/media?parent=52477"}],"wp:term":[{"taxonomy":"product_brand","embeddable":true,"href":"https:\/\/rms-enlinea.com.ar\/tienda\/wp-json\/wp\/v2\/product_brand?post=52477"},{"taxonomy":"product_cat","embeddable":true,"href":"https:\/\/rms-enlinea.com.ar\/tienda\/wp-json\/wp\/v2\/product_cat?post=52477"},{"taxonomy":"product_tag","embeddable":true,"href":"https:\/\/rms-enlinea.com.ar\/tienda\/wp-json\/wp\/v2\/product_tag?post=52477"}],"curies":[{"name":"wp","href":"https:\/\/api.w.org\/{rel}","templated":true}]}}