{"id":52485,"date":"2025-07-29T23:51:36","date_gmt":"2025-07-30T02:51:36","guid":{"rendered":"https:\/\/rms-enlinea.com.ar\/tienda\/producto\/teclado-gamer-razer-blackwidow-v4-x-switch-yellow-espanol\/"},"modified":"2026-04-06T11:57:59","modified_gmt":"2026-04-06T14:57:59","slug":"teclado-gamer-razer-blackwidow-v4-x-switch-yellow-espanol","status":"publish","type":"product","link":"https:\/\/rms-enlinea.com.ar\/tienda\/producto\/teclado-gamer-razer-blackwidow-v4-x-switch-yellow-espanol\/","title":{"rendered":"Teclado Gamer Razer Blackwidow V4 X Switch Yellow Espa\u00f1ol"},"content":{"rendered":"<p>Arquitectura<\/p>\n<p>Mec\u00e1nico<br \/>Condici\u00f3n del \u00edtem<\/p>\n<p>Nuevo<br \/>Con pad num\u00e9rico<\/p>\n<p>S\u00ed<br \/>Modelo<\/p>\n<p>BlackWidow v4 X<br \/>Idioma<\/p>\n<p>Espa\u00f1ol<br \/>Con teclas anti-ghost<\/p>\n<p>S\u00ed<br \/>Tipo de conector<\/p>\n<p>USB 2.0<br \/>Con teclas de acceso r\u00e1pido<\/p>\n<p>S\u00ed<br \/>CONECTIVIDAD<\/p>\n<p>Por Cable &#8211; adjunto<br \/>Es gamer<\/p>\n<p>S\u00ed<br \/>Marca<\/p>\n<p>Razer<br \/>Tipo de switch<\/p>\n<p>Razer Yellow<br \/>Color de la retroiluminaci\u00f3n<\/p>\n<p>RGB<\/p>\n","protected":false},"excerpt":{"rendered":"<p>Arquitectura Mec\u00e1nicoCondici\u00f3n del \u00edtem NuevoCon pad num\u00e9rico S\u00edModelo BlackWidow v4 XIdioma Espa\u00f1olCon teclas anti-ghost S\u00edTipo de conector USB 2.0Con teclas de acceso r\u00e1pido S\u00edCONECTIVIDAD Por Cable &#8211; adjuntoEs gamer S\u00edMarca RazerTipo de switch Razer YellowColor de la retroiluminaci\u00f3n RGB<\/p>\n","protected":false},"featured_media":4991,"comment_status":"open","ping_status":"closed","template":"","meta":{"_uag_custom_page_level_css":""},"product_brand":[559],"product_cat":[125],"product_tag":[],"class_list":{"0":"post-52485","1":"product","2":"type-product","3":"status-publish","4":"has-post-thumbnail","6":"product_brand-razer","7":"product_cat-teclados-y-mouses","9":"first","10":"outofstock","11":"sale","12":"taxable","13":"shipping-taxable","14":"purchasable","15":"product-type-simple"},"uagb_featured_image_src":{"full":["https:\/\/rms-enlinea.com.ar\/wp-content\/uploads\/2025\/06\/D_973159-MLA75997103140_052024-F.jpg",1200,556,false],"thumbnail":["https:\/\/rms-enlinea.com.ar\/wp-content\/uploads\/2025\/06\/D_973159-MLA75997103140_052024-F-150x150.jpg",150,150,true],"medium":["https:\/\/rms-enlinea.com.ar\/wp-content\/uploads\/2025\/06\/D_973159-MLA75997103140_052024-F-300x139.jpg",300,139,true],"medium_large":["https:\/\/rms-enlinea.com.ar\/wp-content\/uploads\/2025\/06\/D_973159-MLA75997103140_052024-F-768x356.jpg",768,356,true],"large":["https:\/\/rms-enlinea.com.ar\/wp-content\/uploads\/2025\/06\/D_973159-MLA75997103140_052024-F-1024x474.jpg",1024,474,true],"1536x1536":["https:\/\/rms-enlinea.com.ar\/wp-content\/uploads\/2025\/06\/D_973159-MLA75997103140_052024-F.jpg",1200,556,false],"2048x2048":["https:\/\/rms-enlinea.com.ar\/wp-content\/uploads\/2025\/06\/D_973159-MLA75997103140_052024-F.jpg",1200,556,false],"woocommerce_thumbnail":["https:\/\/rms-enlinea.com.ar\/wp-content\/uploads\/2025\/06\/D_973159-MLA75997103140_052024-F-450x450.jpg",450,450,true],"woocommerce_single":["https:\/\/rms-enlinea.com.ar\/wp-content\/uploads\/2025\/06\/D_973159-MLA75997103140_052024-F-600x278.jpg",600,278,true],"woocommerce_gallery_thumbnail":["https:\/\/rms-enlinea.com.ar\/wp-content\/uploads\/2025\/06\/D_973159-MLA75997103140_052024-F-100x100.jpg",100,100,true]},"uagb_author_info":{"display_name":"nelson","author_link":"https:\/\/rms-enlinea.com.ar\/tienda\/author\/"},"uagb_comment_info":0,"uagb_excerpt":"Arquitectura Mec\u00e1nicoCondici\u00f3n del \u00edtem NuevoCon pad num\u00e9rico S\u00edModelo BlackWidow v4 XIdioma Espa\u00f1olCon teclas anti-ghost S\u00edTipo de conector USB 2.0Con teclas de acceso r\u00e1pido S\u00edCONECTIVIDAD Por Cable &#8211; adjuntoEs gamer S\u00edMarca RazerTipo de switch Razer YellowColor de la retroiluminaci\u00f3n RGB","_links":{"self":[{"href":"https:\/\/rms-enlinea.com.ar\/tienda\/wp-json\/wp\/v2\/product\/52485","targetHints":{"allow":["GET"]}}],"collection":[{"href":"https:\/\/rms-enlinea.com.ar\/tienda\/wp-json\/wp\/v2\/product"}],"about":[{"href":"https:\/\/rms-enlinea.com.ar\/tienda\/wp-json\/wp\/v2\/types\/product"}],"replies":[{"embeddable":true,"href":"https:\/\/rms-enlinea.com.ar\/tienda\/wp-json\/wp\/v2\/comments?post=52485"}],"wp:featuredmedia":[{"embeddable":true,"href":"https:\/\/rms-enlinea.com.ar\/tienda\/wp-json\/wp\/v2\/media\/4991"}],"wp:attachment":[{"href":"https:\/\/rms-enlinea.com.ar\/tienda\/wp-json\/wp\/v2\/media?parent=52485"}],"wp:term":[{"taxonomy":"product_brand","embeddable":true,"href":"https:\/\/rms-enlinea.com.ar\/tienda\/wp-json\/wp\/v2\/product_brand?post=52485"},{"taxonomy":"product_cat","embeddable":true,"href":"https:\/\/rms-enlinea.com.ar\/tienda\/wp-json\/wp\/v2\/product_cat?post=52485"},{"taxonomy":"product_tag","embeddable":true,"href":"https:\/\/rms-enlinea.com.ar\/tienda\/wp-json\/wp\/v2\/product_tag?post=52485"}],"curies":[{"name":"wp","href":"https:\/\/api.w.org\/{rel}","templated":true}]}}