{"id":52493,"date":"2025-07-30T00:01:37","date_gmt":"2025-07-30T03:01:37","guid":{"rendered":"https:\/\/rms-enlinea.com.ar\/tienda\/producto\/mouse-inalambrico-razer-basilik-v3-pro-35k-dpi-rz01-05240100\/"},"modified":"2026-04-21T04:52:23","modified_gmt":"2026-04-21T07:52:23","slug":"mouse-inalambrico-razer-basilik-v3-pro-35k-dpi-rz01-05240100","status":"publish","type":"product","link":"https:\/\/rms-enlinea.com.ar\/tienda\/producto\/mouse-inalambrico-razer-basilik-v3-pro-35k-dpi-rz01-05240100\/","title":{"rendered":"Mouse Inalambrico Razer Basilik V3 Pro 35k Dpi Rz01-05240100"},"content":{"rendered":"<p>Modelo Basilisk V3 Pro 35K<br \/>Con Bluetooth S\u00ed<br \/>Sistemas operativos compatibles Windows<br \/>Tipo de mouse GAMER<br \/>Orientaci\u00f3n de la mano Diestro<br \/>Es gamer S\u00ed<br \/>Marca Razer<br \/>Velocidad m\u00e1xima 750 ips<br \/>Tipo de sensor \u00d3ptico<br \/>Con conexi\u00f3n USB S\u00ed<br \/>Cantidad de botones 13<br \/>Resoluci\u00f3n del sensor 35000 dpi<br \/>Con cable S\u00ed<\/p>\n","protected":false},"excerpt":{"rendered":"<p>Modelo Basilisk V3 Pro 35KCon Bluetooth S\u00edSistemas operativos compatibles WindowsTipo de mouse GAMEROrientaci\u00f3n de la mano DiestroEs gamer S\u00edMarca RazerVelocidad m\u00e1xima 750 ipsTipo de sensor \u00d3pticoCon conexi\u00f3n USB S\u00edCantidad de botones 13Resoluci\u00f3n del sensor 35000 dpiCon cable S\u00ed<\/p>\n","protected":false},"featured_media":23417,"comment_status":"open","ping_status":"closed","template":"","meta":{"_uag_custom_page_level_css":""},"product_brand":[559],"product_cat":[125],"product_tag":[],"class_list":{"0":"post-52493","1":"product","2":"type-product","3":"status-publish","4":"has-post-thumbnail","6":"product_brand-razer","7":"product_cat-teclados-y-mouses","9":"first","10":"outofstock","11":"sale","12":"taxable","13":"shipping-taxable","14":"purchasable","15":"product-type-simple"},"uagb_featured_image_src":{"full":["https:\/\/rms-enlinea.com.ar\/wp-content\/uploads\/2025\/06\/D_834019-MLA82271668293_022025-F.jpg",961,1200,false],"thumbnail":["https:\/\/rms-enlinea.com.ar\/wp-content\/uploads\/2025\/06\/D_834019-MLA82271668293_022025-F-150x150.jpg",150,150,true],"medium":["https:\/\/rms-enlinea.com.ar\/wp-content\/uploads\/2025\/06\/D_834019-MLA82271668293_022025-F-240x300.jpg",240,300,true],"medium_large":["https:\/\/rms-enlinea.com.ar\/wp-content\/uploads\/2025\/06\/D_834019-MLA82271668293_022025-F-768x959.jpg",768,959,true],"large":["https:\/\/rms-enlinea.com.ar\/wp-content\/uploads\/2025\/06\/D_834019-MLA82271668293_022025-F-820x1024.jpg",820,1024,true],"1536x1536":["https:\/\/rms-enlinea.com.ar\/wp-content\/uploads\/2025\/06\/D_834019-MLA82271668293_022025-F.jpg",961,1200,false],"2048x2048":["https:\/\/rms-enlinea.com.ar\/wp-content\/uploads\/2025\/06\/D_834019-MLA82271668293_022025-F.jpg",961,1200,false],"woocommerce_thumbnail":["https:\/\/rms-enlinea.com.ar\/wp-content\/uploads\/2025\/06\/D_834019-MLA82271668293_022025-F-450x450.jpg",450,450,true],"woocommerce_single":["https:\/\/rms-enlinea.com.ar\/wp-content\/uploads\/2025\/06\/D_834019-MLA82271668293_022025-F-600x749.jpg",600,749,true],"woocommerce_gallery_thumbnail":["https:\/\/rms-enlinea.com.ar\/wp-content\/uploads\/2025\/06\/D_834019-MLA82271668293_022025-F-100x100.jpg",100,100,true]},"uagb_author_info":{"display_name":"nelson","author_link":"https:\/\/rms-enlinea.com.ar\/tienda\/author\/"},"uagb_comment_info":0,"uagb_excerpt":"Modelo Basilisk V3 Pro 35KCon Bluetooth S\u00edSistemas operativos compatibles WindowsTipo de mouse GAMEROrientaci\u00f3n de la mano DiestroEs gamer S\u00edMarca RazerVelocidad m\u00e1xima 750 ipsTipo de sensor \u00d3pticoCon conexi\u00f3n USB S\u00edCantidad de botones 13Resoluci\u00f3n del sensor 35000 dpiCon cable S\u00ed","_links":{"self":[{"href":"https:\/\/rms-enlinea.com.ar\/tienda\/wp-json\/wp\/v2\/product\/52493","targetHints":{"allow":["GET"]}}],"collection":[{"href":"https:\/\/rms-enlinea.com.ar\/tienda\/wp-json\/wp\/v2\/product"}],"about":[{"href":"https:\/\/rms-enlinea.com.ar\/tienda\/wp-json\/wp\/v2\/types\/product"}],"replies":[{"embeddable":true,"href":"https:\/\/rms-enlinea.com.ar\/tienda\/wp-json\/wp\/v2\/comments?post=52493"}],"wp:featuredmedia":[{"embeddable":true,"href":"https:\/\/rms-enlinea.com.ar\/tienda\/wp-json\/wp\/v2\/media\/23417"}],"wp:attachment":[{"href":"https:\/\/rms-enlinea.com.ar\/tienda\/wp-json\/wp\/v2\/media?parent=52493"}],"wp:term":[{"taxonomy":"product_brand","embeddable":true,"href":"https:\/\/rms-enlinea.com.ar\/tienda\/wp-json\/wp\/v2\/product_brand?post=52493"},{"taxonomy":"product_cat","embeddable":true,"href":"https:\/\/rms-enlinea.com.ar\/tienda\/wp-json\/wp\/v2\/product_cat?post=52493"},{"taxonomy":"product_tag","embeddable":true,"href":"https:\/\/rms-enlinea.com.ar\/tienda\/wp-json\/wp\/v2\/product_tag?post=52493"}],"curies":[{"name":"wp","href":"https:\/\/api.w.org\/{rel}","templated":true}]}}