{"id":52522,"date":"2025-07-30T10:53:20","date_gmt":"2025-07-30T13:53:20","guid":{"rendered":"https:\/\/rms-enlinea.com.ar\/tienda\/producto\/memoria-sodimm-ddr4-8gb-adata-3200mhz-ad4s32008g22-sgn\/"},"modified":"2026-05-04T12:36:21","modified_gmt":"2026-05-04T15:36:21","slug":"memoria-sodimm-ddr4-8gb-adata-3200mhz-ad4s32008g22-sgn","status":"publish","type":"product","link":"https:\/\/rms-enlinea.com.ar\/tienda\/producto\/memoria-sodimm-ddr4-8gb-adata-3200mhz-ad4s32008g22-sgn\/","title":{"rendered":"Memoria Sodimm Ddr4 8gb Adata 3200mhz Ad4s32008g22-sgn"},"content":{"rendered":"<p>Capacidad individual<\/p>\n<p>8 GB<br \/>Formato de la memoria RAM<\/p>\n<p>SODIMM<br \/>Cantidad de pines<\/p>\n<p>260<br \/>Modelo<\/p>\n<p>AD4S32008G22-SGN<br \/>Condici\u00f3n del \u00edtem<\/p>\n<p>Nuevo<br \/>Tasa de transferencia<\/p>\n<p>25600 MB\/s<br \/>Con ECC<\/p>\n<p>No<br \/>Aplicaci\u00f3n<\/p>\n<p>Notebooks<br \/>Marca<\/p>\n<p>Adata<br \/>Latencia CAS<\/p>\n<p>22<br \/>Color<\/p>\n<p>Verde<br \/>M\u00f3dulos de memoria RAM<\/p>\n<p>1<br \/>Velocidad de la memoria RAM<\/p>\n<p>3200 MHz<br \/>Voltaje de alimentaci\u00f3n<\/p>\n<p>1.2V<br \/>Capacidad total<\/p>\n<p>8 GB<br \/>Tecnolog\u00eda de la memoria RAM<\/p>\n<p>DDR4<br \/>C\u00f3digo universal de producto<\/p>\n<p>4711085930774<br \/>Es gamer<\/p>\n<p>No<br \/>SKU<\/p>\n<p>AD4S32008G22-SGN<\/p>\n","protected":false},"excerpt":{"rendered":"<p>Capacidad individual 8 GBFormato de la memoria RAM SODIMMCantidad de pines 260Modelo AD4S32008G22-SGNCondici\u00f3n del \u00edtem NuevoTasa de transferencia 25600 MB\/sCon ECC NoAplicaci\u00f3n NotebooksMarca AdataLatencia CAS 22Color VerdeM\u00f3dulos de memoria RAM 1Velocidad de la memoria RAM 3200 MHzVoltaje de alimentaci\u00f3n 1.2VCapacidad total 8 GBTecnolog\u00eda de la memoria RAM DDR4C\u00f3digo universal de producto 4711085930774Es gamer NoSKU AD4S32008G22-SGN<\/p>\n","protected":false},"featured_media":26265,"comment_status":"open","ping_status":"closed","template":"","meta":{"_uag_custom_page_level_css":""},"product_brand":[567],"product_cat":[112],"product_tag":[],"class_list":{"0":"post-52522","1":"product","2":"type-product","3":"status-publish","4":"has-post-thumbnail","6":"product_brand-adata","7":"product_cat-mamorias","9":"first","10":"outofstock","11":"sale","12":"taxable","13":"shipping-taxable","14":"purchasable","15":"product-type-simple"},"uagb_featured_image_src":{"full":["https:\/\/rms-enlinea.com.ar\/wp-content\/uploads\/2025\/06\/D_835893-MLM51295743924_082022-F.jpg",700,700,false],"thumbnail":["https:\/\/rms-enlinea.com.ar\/wp-content\/uploads\/2025\/06\/D_835893-MLM51295743924_082022-F-150x150.jpg",150,150,true],"medium":["https:\/\/rms-enlinea.com.ar\/wp-content\/uploads\/2025\/06\/D_835893-MLM51295743924_082022-F-300x300.jpg",300,300,true],"medium_large":["https:\/\/rms-enlinea.com.ar\/wp-content\/uploads\/2025\/06\/D_835893-MLM51295743924_082022-F.jpg",700,700,false],"large":["https:\/\/rms-enlinea.com.ar\/wp-content\/uploads\/2025\/06\/D_835893-MLM51295743924_082022-F.jpg",700,700,false],"1536x1536":["https:\/\/rms-enlinea.com.ar\/wp-content\/uploads\/2025\/06\/D_835893-MLM51295743924_082022-F.jpg",700,700,false],"2048x2048":["https:\/\/rms-enlinea.com.ar\/wp-content\/uploads\/2025\/06\/D_835893-MLM51295743924_082022-F.jpg",700,700,false],"woocommerce_thumbnail":["https:\/\/rms-enlinea.com.ar\/wp-content\/uploads\/2025\/06\/D_835893-MLM51295743924_082022-F-450x450.jpg",450,450,true],"woocommerce_single":["https:\/\/rms-enlinea.com.ar\/wp-content\/uploads\/2025\/06\/D_835893-MLM51295743924_082022-F-600x600.jpg",600,600,true],"woocommerce_gallery_thumbnail":["https:\/\/rms-enlinea.com.ar\/wp-content\/uploads\/2025\/06\/D_835893-MLM51295743924_082022-F-100x100.jpg",100,100,true]},"uagb_author_info":{"display_name":"nelson","author_link":"https:\/\/rms-enlinea.com.ar\/tienda\/author\/"},"uagb_comment_info":0,"uagb_excerpt":"Capacidad individual 8 GBFormato de la memoria RAM SODIMMCantidad de pines 260Modelo AD4S32008G22-SGNCondici\u00f3n del \u00edtem NuevoTasa de transferencia 25600 MB\/sCon ECC NoAplicaci\u00f3n NotebooksMarca AdataLatencia CAS 22Color VerdeM\u00f3dulos de memoria RAM 1Velocidad de la memoria RAM 3200 MHzVoltaje de alimentaci\u00f3n 1.2VCapacidad total 8 GBTecnolog\u00eda de la memoria RAM DDR4C\u00f3digo universal de producto 4711085930774Es gamer NoSKU AD4S32008G22-SGN","_links":{"self":[{"href":"https:\/\/rms-enlinea.com.ar\/tienda\/wp-json\/wp\/v2\/product\/52522","targetHints":{"allow":["GET"]}}],"collection":[{"href":"https:\/\/rms-enlinea.com.ar\/tienda\/wp-json\/wp\/v2\/product"}],"about":[{"href":"https:\/\/rms-enlinea.com.ar\/tienda\/wp-json\/wp\/v2\/types\/product"}],"replies":[{"embeddable":true,"href":"https:\/\/rms-enlinea.com.ar\/tienda\/wp-json\/wp\/v2\/comments?post=52522"}],"wp:featuredmedia":[{"embeddable":true,"href":"https:\/\/rms-enlinea.com.ar\/tienda\/wp-json\/wp\/v2\/media\/26265"}],"wp:attachment":[{"href":"https:\/\/rms-enlinea.com.ar\/tienda\/wp-json\/wp\/v2\/media?parent=52522"}],"wp:term":[{"taxonomy":"product_brand","embeddable":true,"href":"https:\/\/rms-enlinea.com.ar\/tienda\/wp-json\/wp\/v2\/product_brand?post=52522"},{"taxonomy":"product_cat","embeddable":true,"href":"https:\/\/rms-enlinea.com.ar\/tienda\/wp-json\/wp\/v2\/product_cat?post=52522"},{"taxonomy":"product_tag","embeddable":true,"href":"https:\/\/rms-enlinea.com.ar\/tienda\/wp-json\/wp\/v2\/product_tag?post=52522"}],"curies":[{"name":"wp","href":"https:\/\/api.w.org\/{rel}","templated":true}]}}