{"id":52526,"date":"2025-07-30T11:02:43","date_gmt":"2025-07-30T14:02:43","guid":{"rendered":"https:\/\/rms-enlinea.com.ar\/tienda\/producto\/memoria-adata-xpg-16gb-ddr4-3200mhz-d35g-spectrix\/"},"modified":"2026-04-21T04:14:54","modified_gmt":"2026-04-21T07:14:54","slug":"memoria-adata-xpg-16gb-ddr4-3200mhz-d35g-spectrix","status":"publish","type":"product","link":"https:\/\/rms-enlinea.com.ar\/tienda\/producto\/memoria-adata-xpg-16gb-ddr4-3200mhz-d35g-spectrix\/","title":{"rendered":"Memoria Adata Xpg 16gb Ddr4 3200mhz D35g Spectrix"},"content":{"rendered":"<p>Velocidad de la memoria RAM<\/p>\n<p>3200 MHz<br \/>Fabricante<\/p>\n<p>Adata<br \/>Modelo<\/p>\n<p>AX4U320016G16A-SWHD35G<br \/>Formato de la memoria RAM<\/p>\n<p>UDIMM<br \/>M\u00f3dulos de memoria RAM<\/p>\n<p>1<br \/>Aplicaci\u00f3n<\/p>\n<p>Computadoras de escritorio<br \/>Marca<\/p>\n<p>XPG<br \/>L\u00ednea<\/p>\n<p>SPECTRIX D35G RGB<br \/>Capacidad total<\/p>\n<p>16 GB<br \/>Tecnolog\u00eda de la memoria RAM<\/p>\n<p>DDR4<br \/>SKU<\/p>\n<p>AX4U320016G16A-SWHD35G<br \/>C\u00f3digo universal de producto<\/p>\n<p>4711085943330<br \/>Capacidad individual<\/p>\n<p>16 GB<br \/>Es gamer<\/p>\n<p>S\u00ed<br \/>Condici\u00f3n del \u00edtem<\/p>\n<p>Nuevo<br \/>Color de la luz<\/p>\n<p>RGB<br \/>Color<\/p>\n<p>Blanco<\/p>\n","protected":false},"excerpt":{"rendered":"<p>Velocidad de la memoria RAM 3200 MHzFabricante AdataModelo AX4U320016G16A-SWHD35GFormato de la memoria RAM UDIMMM\u00f3dulos de memoria RAM 1Aplicaci\u00f3n Computadoras de escritorioMarca XPGL\u00ednea SPECTRIX D35G RGBCapacidad total 16 GBTecnolog\u00eda de la memoria RAM DDR4SKU AX4U320016G16A-SWHD35GC\u00f3digo universal de producto 4711085943330Capacidad individual 16 GBEs gamer S\u00edCondici\u00f3n del \u00edtem NuevoColor de la luz RGBColor Blanco<\/p>\n","protected":false},"featured_media":25789,"comment_status":"open","ping_status":"closed","template":"","meta":{"_uag_custom_page_level_css":""},"product_brand":[567],"product_cat":[112],"product_tag":[],"class_list":{"0":"post-52526","1":"product","2":"type-product","3":"status-publish","4":"has-post-thumbnail","6":"product_brand-adata","7":"product_cat-mamorias","9":"first","10":"outofstock","11":"sale","12":"taxable","13":"shipping-taxable","14":"purchasable","15":"product-type-simple"},"uagb_featured_image_src":{"full":["https:\/\/rms-enlinea.com.ar\/wp-content\/uploads\/2025\/06\/D_730683-MLU72718713587_112023-F.jpg",1200,365,false],"thumbnail":["https:\/\/rms-enlinea.com.ar\/wp-content\/uploads\/2025\/06\/D_730683-MLU72718713587_112023-F-150x150.jpg",150,150,true],"medium":["https:\/\/rms-enlinea.com.ar\/wp-content\/uploads\/2025\/06\/D_730683-MLU72718713587_112023-F-300x91.jpg",300,91,true],"medium_large":["https:\/\/rms-enlinea.com.ar\/wp-content\/uploads\/2025\/06\/D_730683-MLU72718713587_112023-F-768x234.jpg",768,234,true],"large":["https:\/\/rms-enlinea.com.ar\/wp-content\/uploads\/2025\/06\/D_730683-MLU72718713587_112023-F-1024x311.jpg",1024,311,true],"1536x1536":["https:\/\/rms-enlinea.com.ar\/wp-content\/uploads\/2025\/06\/D_730683-MLU72718713587_112023-F.jpg",1200,365,false],"2048x2048":["https:\/\/rms-enlinea.com.ar\/wp-content\/uploads\/2025\/06\/D_730683-MLU72718713587_112023-F.jpg",1200,365,false],"woocommerce_thumbnail":["https:\/\/rms-enlinea.com.ar\/wp-content\/uploads\/2025\/06\/D_730683-MLU72718713587_112023-F-450x365.jpg",450,365,true],"woocommerce_single":["https:\/\/rms-enlinea.com.ar\/wp-content\/uploads\/2025\/06\/D_730683-MLU72718713587_112023-F-600x183.jpg",600,183,true],"woocommerce_gallery_thumbnail":["https:\/\/rms-enlinea.com.ar\/wp-content\/uploads\/2025\/06\/D_730683-MLU72718713587_112023-F-100x100.jpg",100,100,true]},"uagb_author_info":{"display_name":"nelson","author_link":"https:\/\/rms-enlinea.com.ar\/tienda\/author\/"},"uagb_comment_info":0,"uagb_excerpt":"Velocidad de la memoria RAM 3200 MHzFabricante AdataModelo AX4U320016G16A-SWHD35GFormato de la memoria RAM UDIMMM\u00f3dulos de memoria RAM 1Aplicaci\u00f3n Computadoras de escritorioMarca XPGL\u00ednea SPECTRIX D35G RGBCapacidad total 16 GBTecnolog\u00eda de la memoria RAM DDR4SKU AX4U320016G16A-SWHD35GC\u00f3digo universal de producto 4711085943330Capacidad individual 16 GBEs gamer S\u00edCondici\u00f3n del \u00edtem NuevoColor de la luz RGBColor Blanco","_links":{"self":[{"href":"https:\/\/rms-enlinea.com.ar\/tienda\/wp-json\/wp\/v2\/product\/52526","targetHints":{"allow":["GET"]}}],"collection":[{"href":"https:\/\/rms-enlinea.com.ar\/tienda\/wp-json\/wp\/v2\/product"}],"about":[{"href":"https:\/\/rms-enlinea.com.ar\/tienda\/wp-json\/wp\/v2\/types\/product"}],"replies":[{"embeddable":true,"href":"https:\/\/rms-enlinea.com.ar\/tienda\/wp-json\/wp\/v2\/comments?post=52526"}],"wp:featuredmedia":[{"embeddable":true,"href":"https:\/\/rms-enlinea.com.ar\/tienda\/wp-json\/wp\/v2\/media\/25789"}],"wp:attachment":[{"href":"https:\/\/rms-enlinea.com.ar\/tienda\/wp-json\/wp\/v2\/media?parent=52526"}],"wp:term":[{"taxonomy":"product_brand","embeddable":true,"href":"https:\/\/rms-enlinea.com.ar\/tienda\/wp-json\/wp\/v2\/product_brand?post=52526"},{"taxonomy":"product_cat","embeddable":true,"href":"https:\/\/rms-enlinea.com.ar\/tienda\/wp-json\/wp\/v2\/product_cat?post=52526"},{"taxonomy":"product_tag","embeddable":true,"href":"https:\/\/rms-enlinea.com.ar\/tienda\/wp-json\/wp\/v2\/product_tag?post=52526"}],"curies":[{"name":"wp","href":"https:\/\/api.w.org\/{rel}","templated":true}]}}