{"id":52527,"date":"2025-07-30T11:03:32","date_gmt":"2025-07-30T14:03:32","guid":{"rendered":"https:\/\/rms-enlinea.com.ar\/tienda\/producto\/memoria-ddr4-adata-xpg-16gb-3200mhz-ax4u320016g16a-sbkd35\/"},"modified":"2026-05-04T12:20:36","modified_gmt":"2026-05-04T15:20:36","slug":"memoria-ddr4-adata-xpg-16gb-3200mhz-ax4u320016g16a-sbkd35","status":"publish","type":"product","link":"https:\/\/rms-enlinea.com.ar\/tienda\/producto\/memoria-ddr4-adata-xpg-16gb-3200mhz-ax4u320016g16a-sbkd35\/","title":{"rendered":"Memoria Ddr4 Adata Xpg 16gb 3200mhz Ax4u320016g16a-sbkd35"},"content":{"rendered":"<p>Velocidad de la memoria RAM<\/p>\n<p>3200 MHz<br \/>SKU<\/p>\n<p>AX4U320016G16A-SBKD35<br \/>C\u00f3digo universal de producto<\/p>\n<p>4711085942838<br \/>Es gamer<\/p>\n<p>S\u00ed<br \/>Condici\u00f3n del \u00edtem<\/p>\n<p>Nuevo<br \/>Aplicaci\u00f3n<\/p>\n<p>Computadoras de escritorio<br \/>Marca<\/p>\n<p>XPG<br \/>Color<\/p>\n<p>Negro<br \/>Capacidad total<\/p>\n<p>16 GB<br \/>Fabricante<\/p>\n<p>Adata<br \/>Modelo<\/p>\n<p>AX4U320016G16A-SBKD35<br \/>Formato de la memoria RAM<\/p>\n<p>DIMM<br \/>M\u00f3dulos de memoria RAM<\/p>\n<p>1<br \/>L\u00ednea<\/p>\n<p>GAMMIX D35<br \/>Tecnolog\u00eda de la memoria RAM<\/p>\n<p>DDR4<\/p>\n","protected":false},"excerpt":{"rendered":"<p>Velocidad de la memoria RAM 3200 MHzSKU AX4U320016G16A-SBKD35C\u00f3digo universal de producto 4711085942838Es gamer S\u00edCondici\u00f3n del \u00edtem NuevoAplicaci\u00f3n Computadoras de escritorioMarca XPGColor NegroCapacidad total 16 GBFabricante AdataModelo AX4U320016G16A-SBKD35Formato de la memoria RAM DIMMM\u00f3dulos de memoria RAM 1L\u00ednea GAMMIX D35Tecnolog\u00eda de la memoria RAM DDR4<\/p>\n","protected":false},"featured_media":26255,"comment_status":"open","ping_status":"closed","template":"","meta":{"_uag_custom_page_level_css":""},"product_brand":[567],"product_cat":[112],"product_tag":[],"class_list":{"0":"post-52527","1":"product","2":"type-product","3":"status-publish","4":"has-post-thumbnail","6":"product_brand-adata","7":"product_cat-mamorias","9":"first","10":"outofstock","11":"sale","12":"taxable","13":"shipping-taxable","14":"purchasable","15":"product-type-simple"},"uagb_featured_image_src":{"full":["https:\/\/rms-enlinea.com.ar\/wp-content\/uploads\/2025\/06\/D_635988-MLA79637792398_102024-F.jpg",1200,732,false],"thumbnail":["https:\/\/rms-enlinea.com.ar\/wp-content\/uploads\/2025\/06\/D_635988-MLA79637792398_102024-F-150x150.jpg",150,150,true],"medium":["https:\/\/rms-enlinea.com.ar\/wp-content\/uploads\/2025\/06\/D_635988-MLA79637792398_102024-F-300x183.jpg",300,183,true],"medium_large":["https:\/\/rms-enlinea.com.ar\/wp-content\/uploads\/2025\/06\/D_635988-MLA79637792398_102024-F-768x468.jpg",768,468,true],"large":["https:\/\/rms-enlinea.com.ar\/wp-content\/uploads\/2025\/06\/D_635988-MLA79637792398_102024-F-1024x625.jpg",1024,625,true],"1536x1536":["https:\/\/rms-enlinea.com.ar\/wp-content\/uploads\/2025\/06\/D_635988-MLA79637792398_102024-F.jpg",1200,732,false],"2048x2048":["https:\/\/rms-enlinea.com.ar\/wp-content\/uploads\/2025\/06\/D_635988-MLA79637792398_102024-F.jpg",1200,732,false],"woocommerce_thumbnail":["https:\/\/rms-enlinea.com.ar\/wp-content\/uploads\/2025\/06\/D_635988-MLA79637792398_102024-F-450x450.jpg",450,450,true],"woocommerce_single":["https:\/\/rms-enlinea.com.ar\/wp-content\/uploads\/2025\/06\/D_635988-MLA79637792398_102024-F-600x366.jpg",600,366,true],"woocommerce_gallery_thumbnail":["https:\/\/rms-enlinea.com.ar\/wp-content\/uploads\/2025\/06\/D_635988-MLA79637792398_102024-F-100x100.jpg",100,100,true]},"uagb_author_info":{"display_name":"nelson","author_link":"https:\/\/rms-enlinea.com.ar\/tienda\/author\/"},"uagb_comment_info":0,"uagb_excerpt":"Velocidad de la memoria RAM 3200 MHzSKU AX4U320016G16A-SBKD35C\u00f3digo universal de producto 4711085942838Es gamer S\u00edCondici\u00f3n del \u00edtem NuevoAplicaci\u00f3n Computadoras de escritorioMarca XPGColor NegroCapacidad total 16 GBFabricante AdataModelo AX4U320016G16A-SBKD35Formato de la memoria RAM DIMMM\u00f3dulos de memoria RAM 1L\u00ednea GAMMIX D35Tecnolog\u00eda de la memoria RAM DDR4","_links":{"self":[{"href":"https:\/\/rms-enlinea.com.ar\/tienda\/wp-json\/wp\/v2\/product\/52527","targetHints":{"allow":["GET"]}}],"collection":[{"href":"https:\/\/rms-enlinea.com.ar\/tienda\/wp-json\/wp\/v2\/product"}],"about":[{"href":"https:\/\/rms-enlinea.com.ar\/tienda\/wp-json\/wp\/v2\/types\/product"}],"replies":[{"embeddable":true,"href":"https:\/\/rms-enlinea.com.ar\/tienda\/wp-json\/wp\/v2\/comments?post=52527"}],"wp:featuredmedia":[{"embeddable":true,"href":"https:\/\/rms-enlinea.com.ar\/tienda\/wp-json\/wp\/v2\/media\/26255"}],"wp:attachment":[{"href":"https:\/\/rms-enlinea.com.ar\/tienda\/wp-json\/wp\/v2\/media?parent=52527"}],"wp:term":[{"taxonomy":"product_brand","embeddable":true,"href":"https:\/\/rms-enlinea.com.ar\/tienda\/wp-json\/wp\/v2\/product_brand?post=52527"},{"taxonomy":"product_cat","embeddable":true,"href":"https:\/\/rms-enlinea.com.ar\/tienda\/wp-json\/wp\/v2\/product_cat?post=52527"},{"taxonomy":"product_tag","embeddable":true,"href":"https:\/\/rms-enlinea.com.ar\/tienda\/wp-json\/wp\/v2\/product_tag?post=52527"}],"curies":[{"name":"wp","href":"https:\/\/api.w.org\/{rel}","templated":true}]}}